{"id":4523,"date":"2023-05-04T15:31:06","date_gmt":"2023-05-04T13:31:06","guid":{"rendered":"https:\/\/dev.tierschutz.com\/?page_id=4523"},"modified":"2026-04-14T08:58:41","modified_gmt":"2026-04-14T06:58:41","slug":"departements","status":"publish","type":"page","link":"https:\/\/mail.schweizer-tierschutz.ch\/fr\/la-psa\/association\/departements\/","title":{"rendered":"D\u00e9partements"},"content":{"rendered":"\n<div class=\"wp-block-cover alignfull\"><img loading=\"lazy\" decoding=\"async\" width=\"2560\" height=\"1681\" class=\"wp-block-cover__image-background wp-image-12076\" alt=\"Schweine die im hohen Gras stehen und von Menschen gef\u00fcttert werden. \" src=\"https:\/\/tierschutz.com\/app\/uploads\/2023\/11\/schweizer-tierschutz-sts-admin-fachstelle.jpg\" style=\"object-position:44% 23%\" data-object-fit=\"cover\" data-object-position=\"44% 23%\" srcset=\"https:\/\/mail.schweizer-tierschutz.ch\/app\/uploads\/2023\/11\/schweizer-tierschutz-sts-admin-fachstelle.jpg 2560w, https:\/\/mail.schweizer-tierschutz.ch\/app\/uploads\/2023\/11\/schweizer-tierschutz-sts-admin-fachstelle-300x197.jpg 300w, https:\/\/mail.schweizer-tierschutz.ch\/app\/uploads\/2023\/11\/schweizer-tierschutz-sts-admin-fachstelle-1024x672.jpg 1024w, https:\/\/mail.schweizer-tierschutz.ch\/app\/uploads\/2023\/11\/schweizer-tierschutz-sts-admin-fachstelle-768x504.jpg 768w, https:\/\/mail.schweizer-tierschutz.ch\/app\/uploads\/2023\/11\/schweizer-tierschutz-sts-admin-fachstelle-1536x1009.jpg 1536w, https:\/\/mail.schweizer-tierschutz.ch\/app\/uploads\/2023\/11\/schweizer-tierschutz-sts-admin-fachstelle-2048x1345.jpg 2048w\" sizes=\"auto, (max-width: 2560px) 100vw, 2560px\" \/><span aria-hidden=\"true\" class=\"wp-block-cover__background has-background-dim-20 has-background-dim\"><\/span><div class=\"wp-block-cover__inner-container is-layout-flow wp-block-cover-is-layout-flow\">\n<h2 class=\"wp-block-heading has-text-align-center has-background-color has-text-color\" id=\"h-\"><\/h2>\n<\/div><\/div>\n\n\n\n<div class=\"wp-block-group alignfull has-background-background-color has-background is-layout-constrained wp-block-group-is-layout-constrained\" id=\"service\"><div class=\"yoast-breadcrumbs\"><span><span><a href=\"https:\/\/tierschutz.com\/fr\/\">Page d\u2019accueil<\/a><\/span> \u00bb <span><a href=\"https:\/\/tierschutz.com\/fr\/la-psa\/\">La PSA<\/a><\/span> \u00bb <span><a href=\"https:\/\/tierschutz.com\/fr\/la-psa\/association\/\">Association<\/a><\/span> \u00bb <span class=\"breadcrumb_last\" aria-current=\"page\">D\u00e9partements<\/span><\/span><\/div>\n\n\n<h1 class=\"wp-block-heading has-text-align-center\" id=\"h-departements\"><strong>D\u00e9partements<\/strong><\/h1>\n\n\n\n<hr class=\"wp-block-separator has-text-color has-primary-color has-alpha-channel-opacity has-primary-background-color has-background\"\/>\n\n\n\n<div class=\"wp-block-group alignfull has-background-background-color has-background is-layout-constrained wp-block-group-is-layout-constrained\">\n<div class=\"wp-block-group has-3-cols is-layout-flex wp-container-core-group-is-layout-d0921e6e wp-block-group-is-layout-flex\">\n<div class=\"wp-block-group is-style-shadow-box has-background-background-color has-background is-layout-constrained wp-block-group-is-layout-constrained\">\n<h3 class=\"wp-block-heading\" id=\"h-departement-animaux-de-rente\"><strong><strong>D\u00e9partement Animaux de rente<\/strong><\/strong><\/h3>\n\n\n\n<p>Service de contr\u00f4le des animaux de rente \u2014 Contr\u00f4les des labels<br><br>Nicole Disler, direction<br><br><a href=\"http:\/\/www.kontrolldienst-sts.ch\/\" target=\"_blank\" rel=\"noreferrer noopener\"><mark style=\"background-color:rgba(0, 0, 0, 0)\" class=\"has-inline-color has-secondary-color\">www.kontrolldienst-sts.ch<\/mark><\/a>&nbsp;<\/p>\n<\/div>\n\n\n\n<div class=\"wp-block-group is-style-shadow-box has-background-background-color has-background is-layout-constrained wp-block-group-is-layout-constrained\">\n<h3 class=\"wp-block-heading\" id=\"h-service-specialise-animaux-de-compagnie\"><strong><strong>Service sp\u00e9cialis\u00e9 Animaux de compagnie<\/strong><\/strong><\/h3>\n\n\n\n<p>Lucia Oeschger, MSc Biologie<br>Arlette Niederer, Dr phil., zoologue<br>Jana In\u00e4bnit, m\u00e9d. v\u00e9t., Bsc Biologie<\/p>\n<\/div>\n\n\n\n<div class=\"wp-block-group is-style-shadow-box has-background-background-color has-background is-layout-constrained wp-block-group-is-layout-constrained\">\n<h3 class=\"wp-block-heading\" id=\"h-service-specialise-animaux-sauvages\"><strong><strong>Service sp\u00e9cialis\u00e9 Animaux sauvages<\/strong><\/strong><\/h3>\n\n\n\n<p>Andrina Herren, \u00e9cologiste de la faune MSc<\/p>\n<\/div>\n\n\n\n<div class=\"wp-block-group is-style-shadow-box has-background-background-color has-background is-layout-constrained wp-block-group-is-layout-constrained\">\n<h3 class=\"wp-block-heading\" id=\"h-service-specialise-controles-de-la-protection-des-animaux\"><strong><strong>Service sp\u00e9cialis\u00e9 Contr\u00f4les de la protection des animaux<\/strong><\/strong><\/h3>\n\n\n\n<p>Caroline L\u00fcthi, m\u00e9d. v\u00e9t.&nbsp;<br>Hans Ulrich Fankhauser<br>Nadine Ruchti, Dr. m\u00e9d. v\u00e9t<\/p>\n<\/div>\n\n\n\n<div class=\"wp-block-group is-style-shadow-box has-background-background-color has-background is-layout-constrained wp-block-group-is-layout-constrained\">\n<h3 class=\"wp-block-heading\" id=\"h-conseil-veterinaire\"><strong><strong>Conseil v\u00e9t\u00e9rinaire<\/strong><\/strong><\/h3>\n\n\n\n<p>Med. vet. Jana In\u00e4bnit, Bsc Biologie<\/p>\n<\/div>\n\n\n\n<div class=\"wp-block-group is-style-shadow-box has-background-background-color has-background is-layout-constrained wp-block-group-is-layout-constrained\">\n<h3 class=\"wp-block-heading\" id=\"h-service-specialise-experimentation-animale\"><strong><strong>Service sp\u00e9cialis\u00e9 Exp\u00e9rimentation animale<\/strong><\/strong><\/h3>\n\n\n\n<p>Naomi Ana Bigler, Dr m\u00e9d. v\u00e9t. <\/p>\n<\/div>\n\n\n\n<div class=\"wp-block-group is-style-shadow-box has-background-background-color has-background is-layout-constrained wp-block-group-is-layout-constrained\">\n<h3 class=\"wp-block-heading\" id=\"h-politique\"><strong><strong>Politique<\/strong><\/strong><\/h3>\n\n\n\n<p>Philipp Ryf, responsable<\/p>\n<\/div>\n\n\n\n<div class=\"wp-block-group is-style-shadow-box has-background-background-color has-background is-layout-constrained wp-block-group-is-layout-constrained\">\n<h3 class=\"wp-block-heading\" id=\"h-jeunesse-et-protection-des-animaux-krax\"><strong><strong>Jeunesse et protection des animaux Krax<\/strong><\/strong><\/h3>\n\n\n\n<p>Doris Gr\u00fcnig, respnsable Krax<br>Beatrice Gaehwiler, Krax Romandie<br>Daphne Jelmini, Krax della Svizzera italiana<\/p>\n\n\n\n<p><a href=\"http:\/\/www.krax.ch\"><mark style=\"background-color:rgba(0, 0, 0, 0)\" class=\"has-inline-color has-secondary-color\">www.krax.ch<\/mark><\/a><\/p>\n<\/div>\n\n\n\n<div class=\"wp-block-group is-style-shadow-box has-background-background-color has-background is-layout-constrained wp-block-group-is-layout-constrained\">\n<h3 class=\"wp-block-heading\" id=\"h-fundraising\"><strong><strong>Fundraising<\/strong><\/strong><\/h3>\n\n\n\n<p>Marina Walti, responsable Fundraising<br>Stephanie Reinau, Public Fundraising Manager<br>Barbara K\u00f6hler, responsable de projet Collecte de fonds aupr\u00e8s des fondations \/ Fundraising-Support<\/p>\n<\/div>\n\n\n\n<div class=\"wp-block-group is-style-shadow-box has-background-background-color has-background is-layout-constrained wp-block-group-is-layout-constrained\">\n<h3 class=\"wp-block-heading\" id=\"h-communication\"><strong><strong>Communication<\/strong><\/strong><\/h3>\n\n\n\n<p>Simon Hubacher, responsable<br>Fabienne Geiger, responsable de la r\u00e9daction de contenu<br>Colette Magnin, content editor<br>Marina Maurer, multimedia producer<br>Guido Frefel, webmaster<\/p>\n<\/div>\n\n\n\n<div class=\"wp-block-group is-style-shadow-box has-background-background-color has-background is-layout-constrained wp-block-group-is-layout-constrained\">\n<h3 class=\"wp-block-heading\" id=\"h-siege\"><strong><strong><strong>Si\u00e8ge<\/strong><\/strong><\/strong><\/h3>\n\n\n\n<p>Karin Remmes, responsable<\/p>\n<\/div>\n\n\n\n<div class=\"wp-block-group is-style-shadow-box has-background-background-color has-background is-layout-constrained wp-block-group-is-layout-constrained\">\n<h3 class=\"wp-block-heading\" id=\"h-service-informatique\"><strong><strong><strong>Service informatique<\/strong><\/strong><\/strong><\/h3>\n\n\n\n<p>Stefan Mattenberger, responsable<\/p>\n<\/div>\n<\/div>\n<\/div>\n<\/div>\n\n\n\n<p><\/p>\n","protected":false},"excerpt":{"rendered":"<p>D\u00e9partements D\u00e9partement Animaux de rente Service de contr\u00f4le des animaux de rente \u2014 Contr\u00f4les des labels Nicole Disler, direction www.kontrolldienst-sts.ch&nbsp; [&hellip;]<\/p>\n","protected":false},"author":5,"featured_media":0,"parent":4507,"menu_order":229,"comment_status":"closed","ping_status":"closed","template":"","meta":{"_acf_changed":false,"inline_featured_image":false,"_vp_format_video_url":"","_vp_image_focal_point":[],"footnotes":""},"class_list":["post-4523","page","type-page","status-publish","hentry"],"acf":[],"yoast_head":"<!-- This site is optimized with the Yoast SEO Premium plugin v27.4 (Yoast SEO v27.4) - https:\/\/yoast.com\/product\/yoast-seo-premium-wordpress\/ -->\n<title>D\u00e9partements - Protection Suisse des Animaux PSA<\/title>\n<meta name=\"robots\" content=\"index, follow, max-snippet:-1, max-image-preview:large, max-video-preview:-1\" \/>\n<link rel=\"canonical\" href=\"https:\/\/mail.schweizer-tierschutz.ch\/fr\/la-psa\/association\/departements\/\" \/>\n<meta property=\"og:locale\" content=\"fr_FR\" \/>\n<meta property=\"og:type\" content=\"article\" \/>\n<meta property=\"og:title\" content=\"D\u00e9partements\" \/>\n<meta property=\"og:description\" content=\"D\u00e9partements D\u00e9partement Animaux de rente Service de contr\u00f4le des animaux de rente \u2014 Contr\u00f4les des labels Nicole Disler, direction www.kontrolldienst-sts.ch&nbsp; [&hellip;]\" \/>\n<meta property=\"og:url\" content=\"https:\/\/mail.schweizer-tierschutz.ch\/fr\/la-psa\/association\/departements\/\" \/>\n<meta property=\"og:site_name\" content=\"Protection Suisse des Animaux PSA\" \/>\n<meta property=\"article:publisher\" content=\"https:\/\/www.facebook.com\/schweizertierschutz\/\" \/>\n<meta property=\"article:modified_time\" content=\"2026-04-14T06:58:41+00:00\" \/>\n<meta property=\"og:image\" content=\"https:\/\/tierschutz.com\/app\/uploads\/2023\/11\/schweizer-tierschutz-sts-admin-fachstelle.jpg\" \/>\n<meta name=\"twitter:card\" content=\"summary_large_image\" \/>\n<meta name=\"twitter:label1\" content=\"Dur\u00e9e de lecture estim\u00e9e\" \/>\n\t<meta name=\"twitter:data1\" content=\"2 minutes\" \/>\n<script type=\"application\/ld+json\" class=\"yoast-schema-graph\">{\"@context\":\"https:\\\/\\\/schema.org\",\"@graph\":[{\"@type\":\"WebPage\",\"@id\":\"https:\\\/\\\/mail.schweizer-tierschutz.ch\\\/fr\\\/la-psa\\\/association\\\/departements\\\/\",\"url\":\"https:\\\/\\\/mail.schweizer-tierschutz.ch\\\/fr\\\/la-psa\\\/association\\\/departements\\\/\",\"name\":\"D\u00e9partements - Protection Suisse des Animaux PSA\",\"isPartOf\":{\"@id\":\"https:\\\/\\\/tierschutz.com\\\/fr\\\/#website\"},\"primaryImageOfPage\":{\"@id\":\"https:\\\/\\\/mail.schweizer-tierschutz.ch\\\/fr\\\/la-psa\\\/association\\\/departements\\\/#primaryimage\"},\"image\":{\"@id\":\"https:\\\/\\\/mail.schweizer-tierschutz.ch\\\/fr\\\/la-psa\\\/association\\\/departements\\\/#primaryimage\"},\"thumbnailUrl\":\"https:\\\/\\\/tierschutz.com\\\/app\\\/uploads\\\/2023\\\/11\\\/schweizer-tierschutz-sts-admin-fachstelle.jpg\",\"datePublished\":\"2023-05-04T13:31:06+00:00\",\"dateModified\":\"2026-04-14T06:58:41+00:00\",\"breadcrumb\":{\"@id\":\"https:\\\/\\\/mail.schweizer-tierschutz.ch\\\/fr\\\/la-psa\\\/association\\\/departements\\\/#breadcrumb\"},\"inLanguage\":\"fr-FR\",\"potentialAction\":[{\"@type\":\"ReadAction\",\"target\":[\"https:\\\/\\\/mail.schweizer-tierschutz.ch\\\/fr\\\/la-psa\\\/association\\\/departements\\\/\"]}]},{\"@type\":\"ImageObject\",\"inLanguage\":\"fr-FR\",\"@id\":\"https:\\\/\\\/mail.schweizer-tierschutz.ch\\\/fr\\\/la-psa\\\/association\\\/departements\\\/#primaryimage\",\"url\":\"https:\\\/\\\/tierschutz.com\\\/app\\\/uploads\\\/2023\\\/11\\\/schweizer-tierschutz-sts-admin-fachstelle.jpg\",\"contentUrl\":\"https:\\\/\\\/tierschutz.com\\\/app\\\/uploads\\\/2023\\\/11\\\/schweizer-tierschutz-sts-admin-fachstelle.jpg\"},{\"@type\":\"BreadcrumbList\",\"@id\":\"https:\\\/\\\/mail.schweizer-tierschutz.ch\\\/fr\\\/la-psa\\\/association\\\/departements\\\/#breadcrumb\",\"itemListElement\":[{\"@type\":\"ListItem\",\"position\":1,\"name\":\"Page d\u2019accueil\",\"item\":\"https:\\\/\\\/tierschutz.com\\\/fr\\\/\"},{\"@type\":\"ListItem\",\"position\":2,\"name\":\"La PSA\",\"item\":\"https:\\\/\\\/tierschutz.com\\\/fr\\\/la-psa\\\/\"},{\"@type\":\"ListItem\",\"position\":3,\"name\":\"Association\",\"item\":\"https:\\\/\\\/tierschutz.com\\\/fr\\\/la-psa\\\/association\\\/\"},{\"@type\":\"ListItem\",\"position\":4,\"name\":\"D\u00e9partements\"}]},{\"@type\":\"WebSite\",\"@id\":\"https:\\\/\\\/tierschutz.com\\\/fr\\\/#website\",\"url\":\"https:\\\/\\\/tierschutz.com\\\/fr\\\/\",\"name\":\"tierschutz.com\",\"description\":\"Wir setzen uns f\u00fcr das Wohl der Tiere ein.\",\"publisher\":{\"@id\":\"https:\\\/\\\/tierschutz.com\\\/fr\\\/#organization\"},\"alternateName\":\"Schweizer Tierschutz STS\",\"potentialAction\":[{\"@type\":\"SearchAction\",\"target\":{\"@type\":\"EntryPoint\",\"urlTemplate\":\"https:\\\/\\\/tierschutz.com\\\/fr\\\/?s={search_term_string}\"},\"query-input\":{\"@type\":\"PropertyValueSpecification\",\"valueRequired\":true,\"valueName\":\"search_term_string\"}}],\"inLanguage\":\"fr-FR\"},{\"@type\":\"Organization\",\"@id\":\"https:\\\/\\\/tierschutz.com\\\/fr\\\/#organization\",\"name\":\"Schweizer Tierschutz STS\",\"alternateName\":\"STS\",\"url\":\"https:\\\/\\\/tierschutz.com\\\/fr\\\/\",\"logo\":{\"@type\":\"ImageObject\",\"inLanguage\":\"fr-FR\",\"@id\":\"https:\\\/\\\/tierschutz.com\\\/fr\\\/#\\\/schema\\\/logo\\\/image\\\/\",\"url\":\"https:\\\/\\\/mail.schweizer-tierschutz.ch\\\/app\\\/uploads\\\/2024\\\/04\\\/logo-schweizer-tierschutz-sts-1.svg\",\"contentUrl\":\"https:\\\/\\\/mail.schweizer-tierschutz.ch\\\/app\\\/uploads\\\/2024\\\/04\\\/logo-schweizer-tierschutz-sts-1.svg\",\"caption\":\"Schweizer Tierschutz STS\"},\"image\":{\"@id\":\"https:\\\/\\\/tierschutz.com\\\/fr\\\/#\\\/schema\\\/logo\\\/image\\\/\"},\"sameAs\":[\"https:\\\/\\\/www.facebook.com\\\/schweizertierschutz\\\/\",\"https:\\\/\\\/www.instagram.com\\\/schweizertierschutzsts\\\/\",\"https:\\\/\\\/www.youtube.com\\\/@STS_Tierschutz\",\"https:\\\/\\\/www.linkedin.com\\\/company\\\/schweizertierschutzsts\\\/\"],\"description\":\"Der Schweizer Tierschutz STS ist der Dachverband von 71 Tierschutzorganisationen in allen Sprachregionen der Schweiz und in Liechtenstein. Seine Mitarbeitenden leisten wissenschaftlich fundierte Grundlagenarbeit, setzen sich mit Projekten und Aktionen f\u00fcr den Schutz und das Wohlbefinden von Heim-, Wild-, Nutz- und Versuchstieren ein und sensibilisieren die \u00d6ffentlichkeit f\u00fcr Tierschutzthemen.\",\"email\":\"sts@tierschutz.com\",\"telephone\":\"061 365 99 99\",\"legalName\":\"Schweizer Tierschutz STS\"}]}<\/script>\n<!-- \/ Yoast SEO Premium plugin. -->","yoast_head_json":{"title":"D\u00e9partements - Protection Suisse des Animaux PSA","robots":{"index":"index","follow":"follow","max-snippet":"max-snippet:-1","max-image-preview":"max-image-preview:large","max-video-preview":"max-video-preview:-1"},"canonical":"https:\/\/mail.schweizer-tierschutz.ch\/fr\/la-psa\/association\/departements\/","og_locale":"fr_FR","og_type":"article","og_title":"D\u00e9partements","og_description":"D\u00e9partements D\u00e9partement Animaux de rente Service de contr\u00f4le des animaux de rente \u2014 Contr\u00f4les des labels Nicole Disler, direction www.kontrolldienst-sts.ch&nbsp; [&hellip;]","og_url":"https:\/\/mail.schweizer-tierschutz.ch\/fr\/la-psa\/association\/departements\/","og_site_name":"Protection Suisse des Animaux PSA","article_publisher":"https:\/\/www.facebook.com\/schweizertierschutz\/","article_modified_time":"2026-04-14T06:58:41+00:00","og_image":[{"url":"https:\/\/tierschutz.com\/app\/uploads\/2023\/11\/schweizer-tierschutz-sts-admin-fachstelle.jpg","type":"","width":"","height":""}],"twitter_card":"summary_large_image","twitter_misc":{"Dur\u00e9e de lecture estim\u00e9e":"2 minutes"},"schema":{"@context":"https:\/\/schema.org","@graph":[{"@type":"WebPage","@id":"https:\/\/mail.schweizer-tierschutz.ch\/fr\/la-psa\/association\/departements\/","url":"https:\/\/mail.schweizer-tierschutz.ch\/fr\/la-psa\/association\/departements\/","name":"D\u00e9partements - Protection Suisse des Animaux PSA","isPartOf":{"@id":"https:\/\/tierschutz.com\/fr\/#website"},"primaryImageOfPage":{"@id":"https:\/\/mail.schweizer-tierschutz.ch\/fr\/la-psa\/association\/departements\/#primaryimage"},"image":{"@id":"https:\/\/mail.schweizer-tierschutz.ch\/fr\/la-psa\/association\/departements\/#primaryimage"},"thumbnailUrl":"https:\/\/tierschutz.com\/app\/uploads\/2023\/11\/schweizer-tierschutz-sts-admin-fachstelle.jpg","datePublished":"2023-05-04T13:31:06+00:00","dateModified":"2026-04-14T06:58:41+00:00","breadcrumb":{"@id":"https:\/\/mail.schweizer-tierschutz.ch\/fr\/la-psa\/association\/departements\/#breadcrumb"},"inLanguage":"fr-FR","potentialAction":[{"@type":"ReadAction","target":["https:\/\/mail.schweizer-tierschutz.ch\/fr\/la-psa\/association\/departements\/"]}]},{"@type":"ImageObject","inLanguage":"fr-FR","@id":"https:\/\/mail.schweizer-tierschutz.ch\/fr\/la-psa\/association\/departements\/#primaryimage","url":"https:\/\/tierschutz.com\/app\/uploads\/2023\/11\/schweizer-tierschutz-sts-admin-fachstelle.jpg","contentUrl":"https:\/\/tierschutz.com\/app\/uploads\/2023\/11\/schweizer-tierschutz-sts-admin-fachstelle.jpg"},{"@type":"BreadcrumbList","@id":"https:\/\/mail.schweizer-tierschutz.ch\/fr\/la-psa\/association\/departements\/#breadcrumb","itemListElement":[{"@type":"ListItem","position":1,"name":"Page d\u2019accueil","item":"https:\/\/tierschutz.com\/fr\/"},{"@type":"ListItem","position":2,"name":"La PSA","item":"https:\/\/tierschutz.com\/fr\/la-psa\/"},{"@type":"ListItem","position":3,"name":"Association","item":"https:\/\/tierschutz.com\/fr\/la-psa\/association\/"},{"@type":"ListItem","position":4,"name":"D\u00e9partements"}]},{"@type":"WebSite","@id":"https:\/\/tierschutz.com\/fr\/#website","url":"https:\/\/tierschutz.com\/fr\/","name":"tierschutz.com","description":"Wir setzen uns f\u00fcr das Wohl der Tiere ein.","publisher":{"@id":"https:\/\/tierschutz.com\/fr\/#organization"},"alternateName":"Schweizer Tierschutz STS","potentialAction":[{"@type":"SearchAction","target":{"@type":"EntryPoint","urlTemplate":"https:\/\/tierschutz.com\/fr\/?s={search_term_string}"},"query-input":{"@type":"PropertyValueSpecification","valueRequired":true,"valueName":"search_term_string"}}],"inLanguage":"fr-FR"},{"@type":"Organization","@id":"https:\/\/tierschutz.com\/fr\/#organization","name":"Schweizer Tierschutz STS","alternateName":"STS","url":"https:\/\/tierschutz.com\/fr\/","logo":{"@type":"ImageObject","inLanguage":"fr-FR","@id":"https:\/\/tierschutz.com\/fr\/#\/schema\/logo\/image\/","url":"https:\/\/mail.schweizer-tierschutz.ch\/app\/uploads\/2024\/04\/logo-schweizer-tierschutz-sts-1.svg","contentUrl":"https:\/\/mail.schweizer-tierschutz.ch\/app\/uploads\/2024\/04\/logo-schweizer-tierschutz-sts-1.svg","caption":"Schweizer Tierschutz STS"},"image":{"@id":"https:\/\/tierschutz.com\/fr\/#\/schema\/logo\/image\/"},"sameAs":["https:\/\/www.facebook.com\/schweizertierschutz\/","https:\/\/www.instagram.com\/schweizertierschutzsts\/","https:\/\/www.youtube.com\/@STS_Tierschutz","https:\/\/www.linkedin.com\/company\/schweizertierschutzsts\/"],"description":"Der Schweizer Tierschutz STS ist der Dachverband von 71 Tierschutzorganisationen in allen Sprachregionen der Schweiz und in Liechtenstein. Seine Mitarbeitenden leisten wissenschaftlich fundierte Grundlagenarbeit, setzen sich mit Projekten und Aktionen f\u00fcr den Schutz und das Wohlbefinden von Heim-, Wild-, Nutz- und Versuchstieren ein und sensibilisieren die \u00d6ffentlichkeit f\u00fcr Tierschutzthemen.","email":"sts@tierschutz.com","telephone":"061 365 99 99","legalName":"Schweizer Tierschutz STS"}]}},"_links":{"self":[{"href":"https:\/\/mail.schweizer-tierschutz.ch\/fr\/wp-json\/wp\/v2\/pages\/4523","targetHints":{"allow":["GET"]}}],"collection":[{"href":"https:\/\/mail.schweizer-tierschutz.ch\/fr\/wp-json\/wp\/v2\/pages"}],"about":[{"href":"https:\/\/mail.schweizer-tierschutz.ch\/fr\/wp-json\/wp\/v2\/types\/page"}],"author":[{"embeddable":true,"href":"https:\/\/mail.schweizer-tierschutz.ch\/fr\/wp-json\/wp\/v2\/users\/5"}],"replies":[{"embeddable":true,"href":"https:\/\/mail.schweizer-tierschutz.ch\/fr\/wp-json\/wp\/v2\/comments?post=4523"}],"version-history":[{"count":26,"href":"https:\/\/mail.schweizer-tierschutz.ch\/fr\/wp-json\/wp\/v2\/pages\/4523\/revisions"}],"predecessor-version":[{"id":36920,"href":"https:\/\/mail.schweizer-tierschutz.ch\/fr\/wp-json\/wp\/v2\/pages\/4523\/revisions\/36920"}],"up":[{"embeddable":true,"href":"https:\/\/mail.schweizer-tierschutz.ch\/fr\/wp-json\/wp\/v2\/pages\/4507"}],"wp:attachment":[{"href":"https:\/\/mail.schweizer-tierschutz.ch\/fr\/wp-json\/wp\/v2\/media?parent=4523"}],"curies":[{"name":"wp","href":"https:\/\/api.w.org\/{rel}","templated":true}]}}