{"id":4565,"date":"2023-05-04T15:34:46","date_gmt":"2023-05-04T13:34:46","guid":{"rendered":"https:\/\/dev.tierschutz.com\/?page_id=4565"},"modified":"2025-05-14T09:19:04","modified_gmt":"2025-05-14T07:19:04","slug":"service-de-conseil-veterinaire","status":"publish","type":"page","link":"https:\/\/mail.schweizer-tierschutz.ch\/fr\/la-psa\/conseils\/service-de-conseil-veterinaire\/","title":{"rendered":"Service de conseil v\u00e9t\u00e9rinaire"},"content":{"rendered":"\n<div class=\"wp-block-cover alignfull is-light\"><img loading=\"lazy\" decoding=\"async\" width=\"1416\" height=\"910\" class=\"wp-block-cover__image-background wp-image-2381\" alt=\"Ein Igelbaby das von einem Mensch gehalten wird und von einer Spritze gef\u00fcttert wird\" src=\"https:\/\/tierschutz.com\/app\/uploads\/2023\/05\/STS-Tieraerztliche-Beratungsstelle.jpg\" style=\"object-position:55% 19%\" data-object-fit=\"cover\" data-object-position=\"55% 19%\" srcset=\"https:\/\/mail.schweizer-tierschutz.ch\/app\/uploads\/2023\/05\/STS-Tieraerztliche-Beratungsstelle.jpg 1416w, https:\/\/mail.schweizer-tierschutz.ch\/app\/uploads\/2023\/05\/STS-Tieraerztliche-Beratungsstelle-300x193.jpg 300w, https:\/\/mail.schweizer-tierschutz.ch\/app\/uploads\/2023\/05\/STS-Tieraerztliche-Beratungsstelle-1024x658.jpg 1024w, https:\/\/mail.schweizer-tierschutz.ch\/app\/uploads\/2023\/05\/STS-Tieraerztliche-Beratungsstelle-768x494.jpg 768w\" sizes=\"auto, (max-width: 1416px) 100vw, 1416px\" \/><span aria-hidden=\"true\" class=\"wp-block-cover__background has-foreground-background-color has-background-dim-30 has-background-dim\"><\/span><div class=\"wp-block-cover__inner-container is-layout-flow wp-block-cover-is-layout-flow\">\n<h2 class=\"wp-block-heading has-text-align-center has-background-color has-text-color\" id=\"h-service-de-conseil-veterinaire\"><strong>Service de conseil v\u00e9t\u00e9rinaire<\/strong><\/h2>\n<\/div><\/div>\n\n\n\n<div class=\"wp-block-group alignfull anchor-bar has-lightgray-background-color has-background is-layout-constrained wp-block-group-is-layout-constrained\">\n<div class=\"wp-block-group is-content-justification-center is-layout-flex wp-container-core-group-is-layout-b02886af wp-block-group-is-layout-flex\">\n<p class=\"has-large-font-size\"><strong><a href=\"#service\">Service de consultation<\/a><\/strong><\/p>\n\n\n\n<p class=\"has-large-font-size\"><strong><a href=\"#contact\">Contact<\/a><\/strong><\/p>\n<\/div>\n<\/div>\n\n\n\n<div class=\"wp-block-group alignfull has-background-background-color has-background is-layout-constrained wp-block-group-is-layout-constrained\" id=\"service\"><div class=\"yoast-breadcrumbs\"><span><span><a href=\"https:\/\/mail.schweizer-tierschutz.ch\/fr\/\">Page d\u2019accueil<\/a><\/span> \u00bb <span><a href=\"https:\/\/mail.swiss-animal-protection.ch\/fr\/la-psa\/\">La PSA<\/a><\/span> \u00bb <span><a href=\"https:\/\/mail.swiss-animal-protection.ch\/fr\/la-psa\/conseils\/\">Conseils<\/a><\/span> \u00bb <span class=\"breadcrumb_last\" aria-current=\"page\">Service de conseil v\u00e9t\u00e9rinaire<\/span><\/span><\/div>\n\n\n<h1 class=\"wp-block-heading has-text-align-center\" id=\"h-service-de-conseil-veterinaire-0\"><strong><strong>Service de conseil v\u00e9t\u00e9rinaire<\/strong><\/strong><\/h1>\n\n\n\n<hr class=\"wp-block-separator has-text-color has-primary-color has-alpha-channel-opacity has-primary-background-color has-background\"\/>\n\n\n\n<p class=\"has-text-align-center\">Le service du conseil v\u00e9t\u00e9rinaire r\u00e9pond aux questions internes et externes relatives \u00e0 la sant\u00e9 des animaux et \u00e0 la m\u00e9decine v\u00e9t\u00e9rinaire ainsi qu\u2019au bien-\u00eatre animal en g\u00e9n\u00e9ral.&nbsp;<\/p>\n\n\n\n<p class=\"has-text-align-center\">Le service sp\u00e9cialis\u00e9 apporte des conseils sp\u00e9cifiques sur les facteurs et les \u00e9l\u00e9ments d\u00e9clencheurs des contraintes et des surmenages des animaux ainsi que sur les mesures \u00e0 prendre pour les \u00e9viter, les pr\u00e9venir et les r\u00e9soudre.<\/p>\n<\/div>\n\n\n\n<div class=\"wp-block-cover alignfull is-light has-custom-content-position is-position-bottom-left\"><img loading=\"lazy\" decoding=\"async\" width=\"2047\" height=\"1339\" class=\"wp-block-cover__image-background wp-image-3160\" alt=\"\" src=\"https:\/\/tierschutz.com\/app\/uploads\/2023\/06\/sts-beratungsstelle.jpg\" style=\"object-position:34% 68%\" data-object-fit=\"cover\" data-object-position=\"34% 68%\" srcset=\"https:\/\/mail.schweizer-tierschutz.ch\/app\/uploads\/2023\/06\/sts-beratungsstelle.jpg 2047w, https:\/\/mail.schweizer-tierschutz.ch\/app\/uploads\/2023\/06\/sts-beratungsstelle-300x196.jpg 300w, https:\/\/mail.schweizer-tierschutz.ch\/app\/uploads\/2023\/06\/sts-beratungsstelle-1024x670.jpg 1024w, https:\/\/mail.schweizer-tierschutz.ch\/app\/uploads\/2023\/06\/sts-beratungsstelle-768x502.jpg 768w, https:\/\/mail.schweizer-tierschutz.ch\/app\/uploads\/2023\/06\/sts-beratungsstelle-1536x1005.jpg 1536w\" sizes=\"auto, (max-width: 2047px) 100vw, 2047px\" \/><span aria-hidden=\"true\" class=\"wp-block-cover__background has-background-dim-0 has-background-dim\"><\/span><div class=\"wp-block-cover__inner-container is-layout-flow wp-block-cover-is-layout-flow\">\n<div class=\"wp-block-group is-style-shadow-box has-foreground-color has-background-background-color has-text-color has-background is-layout-constrained wp-block-group-is-layout-constrained\">\n<h3 class=\"wp-block-heading\" id=\"h-service-des-expositions-d-animaux\"><strong>Service des expositions d&#8217;animaux<\/strong><\/h3>\n\n\n\n<p>En outre, le service sp\u00e9cialis\u00e9 dirige le projet Expositions animales et bourses aux animaux\/\u00e9valuations des expositions o\u00f9 des experts de la PSA jugent l\u2019approche et les conditions de d\u00e9tention des animaux expos\u00e9s en mati\u00e8re de bien-\u00eatre animal.<\/p>\n\n\n\n<div class=\"wp-block-buttons is-layout-flex wp-block-buttons-is-layout-flex\">\n<div class=\"wp-block-button\"><a class=\"wp-block-button__link wp-element-button\" href=\"https:\/\/tierschutz.com\/tierschutz\/themen\/tier-und-viehausstellungen\/\">Expositions animales et de b\u00e9tail<\/a><\/div>\n<\/div>\n<\/div>\n<\/div><\/div>\n\n\n\n<div class=\"wp-block-media-text is-stacked-on-mobile is-image-fill-element is-style-shadow is-contact\" style=\"grid-template-columns:40% auto\" id=\"contact\"><figure class=\"wp-block-media-text__media\"><img loading=\"lazy\" decoding=\"async\" width=\"1024\" height=\"576\" src=\"https:\/\/tierschutz.com\/app\/uploads\/2023\/05\/platzhalter-1-1024x576.png\" alt=\"\" class=\"wp-image-773 size-full\" style=\"object-position:50% 50%\" srcset=\"https:\/\/mail.schweizer-tierschutz.ch\/app\/uploads\/2023\/05\/platzhalter-1-1024x576.png 1024w, https:\/\/mail.schweizer-tierschutz.ch\/app\/uploads\/2023\/05\/platzhalter-1-300x169.png 300w, https:\/\/mail.schweizer-tierschutz.ch\/app\/uploads\/2023\/05\/platzhalter-1-768x432.png 768w, https:\/\/mail.schweizer-tierschutz.ch\/app\/uploads\/2023\/05\/platzhalter-1-1536x864.png 1536w, https:\/\/mail.schweizer-tierschutz.ch\/app\/uploads\/2023\/05\/platzhalter-1-2048x1152.png 2048w\" sizes=\"auto, (max-width: 1024px) 100vw, 1024px\" \/><\/figure><div class=\"wp-block-media-text__content\">\n<h3 class=\"wp-block-heading\" id=\"h-service-de-conseil-veterinaire-1\"><strong><strong><strong><strong><strong>Service de conseil v\u00e9t\u00e9rinaire<\/strong><\/strong><\/strong><\/strong><\/strong><\/h3>\n\n\n\n<p><a href=\"tel:+41 61 365 99 99\">+41 61 365 99 99<\/a><br><a href=\"mailto:sts@tierschutz.com\">sts@tierschutz.com<\/a><\/p>\n<\/div><\/div>\n\n\n\n<div style=\"height:5em\" aria-hidden=\"true\" class=\"wp-block-spacer\"><\/div>\n","protected":false},"excerpt":{"rendered":"<p>Service de consultation Contact Service de conseil v\u00e9t\u00e9rinaire Le service du conseil v\u00e9t\u00e9rinaire r\u00e9pond aux questions internes et externes relatives [&hellip;]<\/p>\n","protected":false},"author":5,"featured_media":0,"parent":5066,"menu_order":191,"comment_status":"closed","ping_status":"closed","template":"","meta":{"_acf_changed":false,"inline_featured_image":false,"_vp_format_video_url":"","_vp_image_focal_point":[],"footnotes":""},"class_list":["post-4565","page","type-page","status-publish","hentry"],"acf":[],"yoast_head":"<!-- This site is optimized with the Yoast SEO Premium plugin v27.4 (Yoast SEO v27.4) - https:\/\/yoast.com\/product\/yoast-seo-premium-wordpress\/ -->\n<title>Service de conseil v\u00e9t\u00e9rinaire - Protection Suisse des Animaux PSA<\/title>\n<meta name=\"robots\" content=\"index, follow, max-snippet:-1, max-image-preview:large, max-video-preview:-1\" \/>\n<link rel=\"canonical\" href=\"https:\/\/mail.schweizer-tierschutz.ch\/fr\/la-psa\/conseils\/service-de-conseil-veterinaire\/\" \/>\n<meta property=\"og:locale\" content=\"fr_FR\" \/>\n<meta property=\"og:type\" content=\"article\" \/>\n<meta property=\"og:title\" content=\"Service de conseil v\u00e9t\u00e9rinaire\" \/>\n<meta property=\"og:description\" content=\"Service de consultation Contact Service de conseil v\u00e9t\u00e9rinaire Le service du conseil v\u00e9t\u00e9rinaire r\u00e9pond aux questions internes et externes relatives [&hellip;]\" \/>\n<meta property=\"og:url\" content=\"https:\/\/mail.schweizer-tierschutz.ch\/fr\/la-psa\/conseils\/service-de-conseil-veterinaire\/\" \/>\n<meta property=\"og:site_name\" content=\"Protection Suisse des Animaux PSA\" \/>\n<meta property=\"article:publisher\" content=\"https:\/\/www.facebook.com\/schweizertierschutz\/\" \/>\n<meta property=\"article:modified_time\" content=\"2025-05-14T07:19:04+00:00\" \/>\n<meta property=\"og:image\" content=\"https:\/\/tierschutz.com\/app\/uploads\/2023\/05\/STS-Tieraerztliche-Beratungsstelle.jpg\" \/>\n<meta name=\"twitter:card\" content=\"summary_large_image\" \/>\n<meta name=\"twitter:label1\" content=\"Dur\u00e9e de lecture estim\u00e9e\" \/>\n\t<meta name=\"twitter:data1\" content=\"2 minutes\" \/>\n<script type=\"application\/ld+json\" class=\"yoast-schema-graph\">{\"@context\":\"https:\\\/\\\/schema.org\",\"@graph\":[{\"@type\":\"WebPage\",\"@id\":\"https:\\\/\\\/mail.schweizer-tierschutz.ch\\\/fr\\\/la-psa\\\/conseils\\\/service-de-conseil-veterinaire\\\/\",\"url\":\"https:\\\/\\\/mail.schweizer-tierschutz.ch\\\/fr\\\/la-psa\\\/conseils\\\/service-de-conseil-veterinaire\\\/\",\"name\":\"Service de conseil v\u00e9t\u00e9rinaire - Protection Suisse des Animaux PSA\",\"isPartOf\":{\"@id\":\"https:\\\/\\\/sts-psa.ch\\\/fr\\\/#website\"},\"primaryImageOfPage\":{\"@id\":\"https:\\\/\\\/mail.schweizer-tierschutz.ch\\\/fr\\\/la-psa\\\/conseils\\\/service-de-conseil-veterinaire\\\/#primaryimage\"},\"image\":{\"@id\":\"https:\\\/\\\/mail.schweizer-tierschutz.ch\\\/fr\\\/la-psa\\\/conseils\\\/service-de-conseil-veterinaire\\\/#primaryimage\"},\"thumbnailUrl\":\"https:\\\/\\\/tierschutz.com\\\/app\\\/uploads\\\/2023\\\/05\\\/STS-Tieraerztliche-Beratungsstelle.jpg\",\"datePublished\":\"2023-05-04T13:34:46+00:00\",\"dateModified\":\"2025-05-14T07:19:04+00:00\",\"breadcrumb\":{\"@id\":\"https:\\\/\\\/mail.schweizer-tierschutz.ch\\\/fr\\\/la-psa\\\/conseils\\\/service-de-conseil-veterinaire\\\/#breadcrumb\"},\"inLanguage\":\"fr-FR\",\"potentialAction\":[{\"@type\":\"ReadAction\",\"target\":[\"https:\\\/\\\/mail.schweizer-tierschutz.ch\\\/fr\\\/la-psa\\\/conseils\\\/service-de-conseil-veterinaire\\\/\"]}]},{\"@type\":\"ImageObject\",\"inLanguage\":\"fr-FR\",\"@id\":\"https:\\\/\\\/mail.schweizer-tierschutz.ch\\\/fr\\\/la-psa\\\/conseils\\\/service-de-conseil-veterinaire\\\/#primaryimage\",\"url\":\"https:\\\/\\\/tierschutz.com\\\/app\\\/uploads\\\/2023\\\/05\\\/STS-Tieraerztliche-Beratungsstelle.jpg\",\"contentUrl\":\"https:\\\/\\\/tierschutz.com\\\/app\\\/uploads\\\/2023\\\/05\\\/STS-Tieraerztliche-Beratungsstelle.jpg\"},{\"@type\":\"BreadcrumbList\",\"@id\":\"https:\\\/\\\/mail.schweizer-tierschutz.ch\\\/fr\\\/la-psa\\\/conseils\\\/service-de-conseil-veterinaire\\\/#breadcrumb\",\"itemListElement\":[{\"@type\":\"ListItem\",\"position\":1,\"name\":\"Page d\u2019accueil\",\"item\":\"https:\\\/\\\/mail.schweizer-tierschutz.ch\\\/fr\\\/\"},{\"@type\":\"ListItem\",\"position\":2,\"name\":\"La PSA\",\"item\":\"https:\\\/\\\/mail.swiss-animal-protection.ch\\\/fr\\\/la-psa\\\/\"},{\"@type\":\"ListItem\",\"position\":3,\"name\":\"Conseils\",\"item\":\"https:\\\/\\\/mail.swiss-animal-protection.ch\\\/fr\\\/la-psa\\\/conseils\\\/\"},{\"@type\":\"ListItem\",\"position\":4,\"name\":\"Service de conseil v\u00e9t\u00e9rinaire\"}]},{\"@type\":\"WebSite\",\"@id\":\"https:\\\/\\\/sts-psa.ch\\\/fr\\\/#website\",\"url\":\"https:\\\/\\\/sts-psa.ch\\\/fr\\\/\",\"name\":\"tierschutz.com\",\"description\":\"Wir setzen uns f\u00fcr das Wohl der Tiere ein.\",\"publisher\":{\"@id\":\"https:\\\/\\\/sts-psa.ch\\\/fr\\\/#organization\"},\"alternateName\":\"Schweizer Tierschutz STS\",\"potentialAction\":[{\"@type\":\"SearchAction\",\"target\":{\"@type\":\"EntryPoint\",\"urlTemplate\":\"https:\\\/\\\/sts-psa.ch\\\/fr\\\/?s={search_term_string}\"},\"query-input\":{\"@type\":\"PropertyValueSpecification\",\"valueRequired\":true,\"valueName\":\"search_term_string\"}}],\"inLanguage\":\"fr-FR\"},{\"@type\":\"Organization\",\"@id\":\"https:\\\/\\\/sts-psa.ch\\\/fr\\\/#organization\",\"name\":\"Schweizer Tierschutz STS\",\"alternateName\":\"STS\",\"url\":\"https:\\\/\\\/sts-psa.ch\\\/fr\\\/\",\"logo\":{\"@type\":\"ImageObject\",\"inLanguage\":\"fr-FR\",\"@id\":\"https:\\\/\\\/sts-psa.ch\\\/fr\\\/#\\\/schema\\\/logo\\\/image\\\/\",\"url\":\"https:\\\/\\\/mail.schweizer-tierschutz.ch\\\/app\\\/uploads\\\/2024\\\/04\\\/logo-schweizer-tierschutz-sts-1.svg\",\"contentUrl\":\"https:\\\/\\\/mail.schweizer-tierschutz.ch\\\/app\\\/uploads\\\/2024\\\/04\\\/logo-schweizer-tierschutz-sts-1.svg\",\"caption\":\"Schweizer Tierschutz STS\"},\"image\":{\"@id\":\"https:\\\/\\\/sts-psa.ch\\\/fr\\\/#\\\/schema\\\/logo\\\/image\\\/\"},\"sameAs\":[\"https:\\\/\\\/www.facebook.com\\\/schweizertierschutz\\\/\",\"https:\\\/\\\/www.instagram.com\\\/schweizertierschutzsts\\\/\",\"https:\\\/\\\/www.youtube.com\\\/@STS_Tierschutz\",\"https:\\\/\\\/www.linkedin.com\\\/company\\\/schweizertierschutzsts\\\/\"],\"description\":\"Der Schweizer Tierschutz STS ist der Dachverband von 71 Tierschutzorganisationen in allen Sprachregionen der Schweiz und in Liechtenstein. Seine Mitarbeitenden leisten wissenschaftlich fundierte Grundlagenarbeit, setzen sich mit Projekten und Aktionen f\u00fcr den Schutz und das Wohlbefinden von Heim-, Wild-, Nutz- und Versuchstieren ein und sensibilisieren die \u00d6ffentlichkeit f\u00fcr Tierschutzthemen.\",\"email\":\"sts@tierschutz.com\",\"telephone\":\"061 365 99 99\",\"legalName\":\"Schweizer Tierschutz STS\"}]}<\/script>\n<!-- \/ Yoast SEO Premium plugin. -->","yoast_head_json":{"title":"Service de conseil v\u00e9t\u00e9rinaire - Protection Suisse des Animaux PSA","robots":{"index":"index","follow":"follow","max-snippet":"max-snippet:-1","max-image-preview":"max-image-preview:large","max-video-preview":"max-video-preview:-1"},"canonical":"https:\/\/mail.schweizer-tierschutz.ch\/fr\/la-psa\/conseils\/service-de-conseil-veterinaire\/","og_locale":"fr_FR","og_type":"article","og_title":"Service de conseil v\u00e9t\u00e9rinaire","og_description":"Service de consultation Contact Service de conseil v\u00e9t\u00e9rinaire Le service du conseil v\u00e9t\u00e9rinaire r\u00e9pond aux questions internes et externes relatives [&hellip;]","og_url":"https:\/\/mail.schweizer-tierschutz.ch\/fr\/la-psa\/conseils\/service-de-conseil-veterinaire\/","og_site_name":"Protection Suisse des Animaux PSA","article_publisher":"https:\/\/www.facebook.com\/schweizertierschutz\/","article_modified_time":"2025-05-14T07:19:04+00:00","og_image":[{"url":"https:\/\/tierschutz.com\/app\/uploads\/2023\/05\/STS-Tieraerztliche-Beratungsstelle.jpg","type":"","width":"","height":""}],"twitter_card":"summary_large_image","twitter_misc":{"Dur\u00e9e de lecture estim\u00e9e":"2 minutes"},"schema":{"@context":"https:\/\/schema.org","@graph":[{"@type":"WebPage","@id":"https:\/\/mail.schweizer-tierschutz.ch\/fr\/la-psa\/conseils\/service-de-conseil-veterinaire\/","url":"https:\/\/mail.schweizer-tierschutz.ch\/fr\/la-psa\/conseils\/service-de-conseil-veterinaire\/","name":"Service de conseil v\u00e9t\u00e9rinaire - Protection Suisse des Animaux PSA","isPartOf":{"@id":"https:\/\/sts-psa.ch\/fr\/#website"},"primaryImageOfPage":{"@id":"https:\/\/mail.schweizer-tierschutz.ch\/fr\/la-psa\/conseils\/service-de-conseil-veterinaire\/#primaryimage"},"image":{"@id":"https:\/\/mail.schweizer-tierschutz.ch\/fr\/la-psa\/conseils\/service-de-conseil-veterinaire\/#primaryimage"},"thumbnailUrl":"https:\/\/tierschutz.com\/app\/uploads\/2023\/05\/STS-Tieraerztliche-Beratungsstelle.jpg","datePublished":"2023-05-04T13:34:46+00:00","dateModified":"2025-05-14T07:19:04+00:00","breadcrumb":{"@id":"https:\/\/mail.schweizer-tierschutz.ch\/fr\/la-psa\/conseils\/service-de-conseil-veterinaire\/#breadcrumb"},"inLanguage":"fr-FR","potentialAction":[{"@type":"ReadAction","target":["https:\/\/mail.schweizer-tierschutz.ch\/fr\/la-psa\/conseils\/service-de-conseil-veterinaire\/"]}]},{"@type":"ImageObject","inLanguage":"fr-FR","@id":"https:\/\/mail.schweizer-tierschutz.ch\/fr\/la-psa\/conseils\/service-de-conseil-veterinaire\/#primaryimage","url":"https:\/\/tierschutz.com\/app\/uploads\/2023\/05\/STS-Tieraerztliche-Beratungsstelle.jpg","contentUrl":"https:\/\/tierschutz.com\/app\/uploads\/2023\/05\/STS-Tieraerztliche-Beratungsstelle.jpg"},{"@type":"BreadcrumbList","@id":"https:\/\/mail.schweizer-tierschutz.ch\/fr\/la-psa\/conseils\/service-de-conseil-veterinaire\/#breadcrumb","itemListElement":[{"@type":"ListItem","position":1,"name":"Page d\u2019accueil","item":"https:\/\/mail.schweizer-tierschutz.ch\/fr\/"},{"@type":"ListItem","position":2,"name":"La PSA","item":"https:\/\/mail.swiss-animal-protection.ch\/fr\/la-psa\/"},{"@type":"ListItem","position":3,"name":"Conseils","item":"https:\/\/mail.swiss-animal-protection.ch\/fr\/la-psa\/conseils\/"},{"@type":"ListItem","position":4,"name":"Service de conseil v\u00e9t\u00e9rinaire"}]},{"@type":"WebSite","@id":"https:\/\/sts-psa.ch\/fr\/#website","url":"https:\/\/sts-psa.ch\/fr\/","name":"tierschutz.com","description":"Wir setzen uns f\u00fcr das Wohl der Tiere ein.","publisher":{"@id":"https:\/\/sts-psa.ch\/fr\/#organization"},"alternateName":"Schweizer Tierschutz STS","potentialAction":[{"@type":"SearchAction","target":{"@type":"EntryPoint","urlTemplate":"https:\/\/sts-psa.ch\/fr\/?s={search_term_string}"},"query-input":{"@type":"PropertyValueSpecification","valueRequired":true,"valueName":"search_term_string"}}],"inLanguage":"fr-FR"},{"@type":"Organization","@id":"https:\/\/sts-psa.ch\/fr\/#organization","name":"Schweizer Tierschutz STS","alternateName":"STS","url":"https:\/\/sts-psa.ch\/fr\/","logo":{"@type":"ImageObject","inLanguage":"fr-FR","@id":"https:\/\/sts-psa.ch\/fr\/#\/schema\/logo\/image\/","url":"https:\/\/mail.schweizer-tierschutz.ch\/app\/uploads\/2024\/04\/logo-schweizer-tierschutz-sts-1.svg","contentUrl":"https:\/\/mail.schweizer-tierschutz.ch\/app\/uploads\/2024\/04\/logo-schweizer-tierschutz-sts-1.svg","caption":"Schweizer Tierschutz STS"},"image":{"@id":"https:\/\/sts-psa.ch\/fr\/#\/schema\/logo\/image\/"},"sameAs":["https:\/\/www.facebook.com\/schweizertierschutz\/","https:\/\/www.instagram.com\/schweizertierschutzsts\/","https:\/\/www.youtube.com\/@STS_Tierschutz","https:\/\/www.linkedin.com\/company\/schweizertierschutzsts\/"],"description":"Der Schweizer Tierschutz STS ist der Dachverband von 71 Tierschutzorganisationen in allen Sprachregionen der Schweiz und in Liechtenstein. Seine Mitarbeitenden leisten wissenschaftlich fundierte Grundlagenarbeit, setzen sich mit Projekten und Aktionen f\u00fcr den Schutz und das Wohlbefinden von Heim-, Wild-, Nutz- und Versuchstieren ein und sensibilisieren die \u00d6ffentlichkeit f\u00fcr Tierschutzthemen.","email":"sts@tierschutz.com","telephone":"061 365 99 99","legalName":"Schweizer Tierschutz STS"}]}},"_links":{"self":[{"href":"https:\/\/mail.schweizer-tierschutz.ch\/fr\/wp-json\/wp\/v2\/pages\/4565","targetHints":{"allow":["GET"]}}],"collection":[{"href":"https:\/\/mail.schweizer-tierschutz.ch\/fr\/wp-json\/wp\/v2\/pages"}],"about":[{"href":"https:\/\/mail.schweizer-tierschutz.ch\/fr\/wp-json\/wp\/v2\/types\/page"}],"author":[{"embeddable":true,"href":"https:\/\/mail.schweizer-tierschutz.ch\/fr\/wp-json\/wp\/v2\/users\/5"}],"replies":[{"embeddable":true,"href":"https:\/\/mail.schweizer-tierschutz.ch\/fr\/wp-json\/wp\/v2\/comments?post=4565"}],"version-history":[{"count":5,"href":"https:\/\/mail.schweizer-tierschutz.ch\/fr\/wp-json\/wp\/v2\/pages\/4565\/revisions"}],"predecessor-version":[{"id":31432,"href":"https:\/\/mail.schweizer-tierschutz.ch\/fr\/wp-json\/wp\/v2\/pages\/4565\/revisions\/31432"}],"up":[{"embeddable":true,"href":"https:\/\/mail.schweizer-tierschutz.ch\/fr\/wp-json\/wp\/v2\/pages\/5066"}],"wp:attachment":[{"href":"https:\/\/mail.schweizer-tierschutz.ch\/fr\/wp-json\/wp\/v2\/media?parent=4565"}],"curies":[{"name":"wp","href":"https:\/\/api.w.org\/{rel}","templated":true}]}}