{"id":4939,"date":"2023-06-14T11:11:00","date_gmt":"2023-06-14T09:11:00","guid":{"rendered":"https:\/\/dev.tierschutz.com\/?page_id=4939"},"modified":"2024-04-26T10:14:15","modified_gmt":"2024-04-26T08:14:15","slug":"etablissements-zoologiques-et-cie","status":"publish","type":"page","link":"https:\/\/mail.schweizer-tierschutz.ch\/fr\/detention-des-animaux\/detention-danimaux-de-compagnie\/etablissements-zoologiques-et-cie\/","title":{"rendered":"\u00c9tablissements zoologiques et cie"},"content":{"rendered":"\n<div class=\"wp-block-cover alignfull is-light\"><span aria-hidden=\"true\" class=\"wp-block-cover__background has-background-dim-20 has-background-dim\"><\/span><img loading=\"lazy\" decoding=\"async\" width=\"2560\" height=\"1876\" class=\"wp-block-cover__image-background wp-image-4926\" alt=\"\" src=\"https:\/\/tierschutz.com\/app\/uploads\/2023\/06\/sts-zoofachhandel-scaled.jpg\" style=\"object-position:58% 55%\" data-object-fit=\"cover\" data-object-position=\"58% 55%\" srcset=\"https:\/\/mail.schweizer-tierschutz.ch\/app\/uploads\/2023\/06\/sts-zoofachhandel-scaled.jpg 2560w, https:\/\/mail.schweizer-tierschutz.ch\/app\/uploads\/2023\/06\/sts-zoofachhandel-300x220.jpg 300w, https:\/\/mail.schweizer-tierschutz.ch\/app\/uploads\/2023\/06\/sts-zoofachhandel-1024x751.jpg 1024w, https:\/\/mail.schweizer-tierschutz.ch\/app\/uploads\/2023\/06\/sts-zoofachhandel-768x563.jpg 768w, https:\/\/mail.schweizer-tierschutz.ch\/app\/uploads\/2023\/06\/sts-zoofachhandel-1536x1126.jpg 1536w, https:\/\/mail.schweizer-tierschutz.ch\/app\/uploads\/2023\/06\/sts-zoofachhandel-2048x1501.jpg 2048w\" sizes=\"auto, (max-width: 2560px) 100vw, 2560px\" \/><div class=\"wp-block-cover__inner-container is-layout-flow wp-block-cover-is-layout-flow\">\n<h2 class=\"wp-block-heading has-text-align-center has-background-color has-text-color\"><strong>\u00c9tablissements zoologiques et cie<\/strong><\/h2>\n<\/div><\/div>\n\n\n\n<div class=\"wp-block-group alignfull anchor-bar has-lightgray-background-color has-background is-layout-constrained wp-block-group-is-layout-constrained\">\n<div class=\"wp-block-group is-content-justification-center is-layout-flex wp-container-core-group-is-layout-b02886af wp-block-group-is-layout-flex\">\n<p class=\"has-large-font-size\"><strong><a href=\"#T\u00e4tigkeit\">Activit\u00e9s<\/a><\/strong><\/p>\n\n\n\n<p class=\"has-large-font-size\"><strong><a href=\"#achtung\">Attention<\/a><\/strong><\/p>\n<\/div>\n<\/div>\n\n\n\n<div class=\"wp-block-group alignfull has-background-background-color has-background is-layout-constrained wp-block-group-is-layout-constrained\" id=\"derhund\"><div class=\"yoast-breadcrumbs\"><span><span><a href=\"https:\/\/tierschutz.com\/fr\/\">Page d\u2019accueil<\/a><\/span> \u00bb <span><a href=\"https:\/\/mail.schweizer-tierschutz-sts.ch\/fr\/detention-des-animaux\/\">D\u00e9tention des animaux<\/a><\/span> \u00bb <span><a href=\"https:\/\/mail.schweizer-tierschutz-sts.ch\/fr\/detention-des-animaux\/detention-danimaux-de-compagnie\/\">D\u00e9tention d\u2019animaux de compagnie<\/a><\/span> \u00bb <span class=\"breadcrumb_last\" aria-current=\"page\">\u00c9tablissements zoologiques et cie<\/span><\/span><\/div>\n\n\n<h1 class=\"wp-block-heading has-text-align-center\"><strong><strong>\u00c9tablissements zoologiques et cie<\/strong><\/strong><\/h1>\n\n\n\n<hr class=\"wp-block-separator has-text-color has-primary-color has-alpha-channel-opacity has-primary-background-color has-background\"\/>\n\n\n\n<p class=\"has-text-align-center\">La Suisse compte plus de 8&nbsp;millions d\u2019animaux de compagnie. Tous les \u00e9tablissements zoologiques, les fournisseurs d\u2019animaux, de produits pour animaux et d\u2019enclos (dont les magasins zoologiques sp\u00e9cialis\u00e9s, les boutiques en ligne, les grossistes, les fournisseurs, les producteurs) jouent un r\u00f4le clef dans la d\u00e9tention conforme aux imp\u00e9ratifs biologiques de ces animaux, que ce soit par l\u2019information et le conseil lors de l\u2019acquisition ou par leur offre d\u2019enclos et d\u2019accessoires. Plus les fournisseurs donnent des informations de qualit\u00e9, plus leur offre est respectueuse des animaux et plus les chances augmentent que leurs clients \u00e9l\u00e8vent correctement leurs animaux de compagnie. Les vendeurs de produits pour animaux doivent donc se montrer exemplaires.&nbsp;<\/p>\n<\/div>\n\n\n\n<div class=\"wp-block-media-text alignwide is-stacked-on-mobile is-vertically-aligned-center\"><figure class=\"wp-block-media-text__media\"><img loading=\"lazy\" decoding=\"async\" width=\"1024\" height=\"576\" src=\"https:\/\/tierschutz.com\/app\/uploads\/2023\/06\/sts-zoofachhandel-kaefig-1024x576.jpg\" alt=\"\" class=\"wp-image-4931 size-full\" srcset=\"https:\/\/mail.schweizer-tierschutz.ch\/app\/uploads\/2023\/06\/sts-zoofachhandel-kaefig-1024x576.jpg 1024w, https:\/\/mail.schweizer-tierschutz.ch\/app\/uploads\/2023\/06\/sts-zoofachhandel-kaefig-300x169.jpg 300w, https:\/\/mail.schweizer-tierschutz.ch\/app\/uploads\/2023\/06\/sts-zoofachhandel-kaefig-768x432.jpg 768w, https:\/\/mail.schweizer-tierschutz.ch\/app\/uploads\/2023\/06\/sts-zoofachhandel-kaefig-1536x864.jpg 1536w, https:\/\/mail.schweizer-tierschutz.ch\/app\/uploads\/2023\/06\/sts-zoofachhandel-kaefig.jpg 2048w\" sizes=\"auto, (max-width: 1024px) 100vw, 1024px\" \/><\/figure><div class=\"wp-block-media-text__content\">\n<div class=\"wp-block-group is-style-shadow-box has-background-background-color has-background is-layout-constrained wp-block-group-is-layout-constrained\">\n<p>L\u2019Ordonnance sur la protection des animaux (OPAn) stipule des prescriptions minimales pour la d\u00e9tention de diff\u00e9rentes esp\u00e8ces animales. Celles-ci s\u2019appliquent aussi bien aux d\u00e9tentions \u00e0 titre priv\u00e9 que commercial. \u00c9tape importante, \u00e0 l\u2019occasion de la r\u00e9vision de l\u2019Ordonnance sur la protection des animaux du 1<sup>er<\/sup>&nbsp;mars 2018, l\u2019Office f\u00e9d\u00e9ral de la s\u00e9curit\u00e9 alimentaire et des affaires v\u00e9t\u00e9rinaires (OSAV) a \u00e9largi aux vendeurs professionnels d\u2019enclos l\u2019obligation d\u2019information figurant dans l\u2019article&nbsp;111 de l\u2019OPAn. Les \u00e9tablissements zoologiques, mais aussi tous les autres fournisseurs doivent d\u00e9livrer pour chaque esp\u00e8ce animale des informations \u00e9crites sur la d\u00e9tention respectueuse des animaux non seulement lors de leur vente, mais aussi lors de la vente d\u2019enclos d\u2019animaux de compagnie. De plus, les enclos propos\u00e9s dans le commerce, mais aussi sur Internet doivent \u00eatre correctement renseign\u00e9s en ce qui concerne leur but d\u2019utilisation. Les indications sur les dimensions int\u00e9rieures, sur les esp\u00e8ces animales pour lesquelles ces enclos sont autoris\u00e9s et le nombre d\u2019animaux pouvant y \u00eatre d\u00e9tenus, sont obligatoires. De plus, en 2022, l\u2019OSAV a publi\u00e9 l\u2019information technique sur la d\u00e9claration des enclos.&nbsp;<\/p>\n<\/div>\n<\/div><\/div>\n\n\n\n<div class=\"wp-block-group alignfull has-background-background-color has-background is-layout-constrained wp-block-group-is-layout-constrained\">\n<div class=\"wp-block-group is-layout-flex wp-container-core-group-is-layout-d0921e6e wp-block-group-is-layout-flex\">\n<div id=\"T\u00e4tigkeit\" class=\"wp-block-group is-style-shadow-box has-background-background-color has-background is-layout-constrained wp-block-group-is-layout-constrained\">\n<h3 class=\"wp-block-heading\"><strong><strong><strong>Activit\u00e9s de la PSA<\/strong><\/strong><\/strong><\/h3>\n\n\n\n<p>Pour v\u00e9rifier cette obligation de d\u00e9claration \u00e9tendue en vertu de l\u2019art.&nbsp;111 Al.&nbsp;2 OPAn ainsi que pour \u00e9valuer le reste de l\u2019assortiment et de la d\u00e9tention d\u2019animaux, la PSA visite depuis de nombreuses ann\u00e9es les animaleries et les \u00e9tablissements zoologiques suisses. En outre, elle examine les fournisseurs en ligne et v\u00e9rifie \u00e9galement l\u2019offre des grossistes, des fournisseurs et des producteurs. La PSA organise des formations pour aider les fournisseurs et les \u00e9tablissements zoologiques afin de leur donner les outils pour que leur offre soit (plus) respectueuse des animaux. Le passage en revue de l\u2019assortiment global est offert et des propositions sont \u00e9labor\u00e9es pour des enclos plus grands, plus respectueux des animaux.&nbsp;<\/p>\n<\/div>\n\n\n\n<div id=\"achtung\" class=\"wp-block-group is-style-shadow-box has-background-background-color has-background is-layout-constrained wp-block-group-is-layout-constrained\">\n<h3 class=\"wp-block-heading\"><strong><strong><strong>Attention<\/strong><\/strong><\/strong><\/h3>\n\n\n\n<p>les dimensions minimales l\u00e9gales ne sont pas des recommandations pour une d\u00e9tention respectueuse des animaux. Une d\u00e9tention qui s\u2019appuie sur les besoins des animaux est indissociable de surfaces nettement plus grandes et d\u2019un am\u00e9nagement vari\u00e9, bien structur\u00e9 et r\u00e9pondant aux besoins de l\u2019esp\u00e8ce. Un fournisseur qui s\u2019en tient \u00e0 la loi cela ne signifie pas automatiquement que son offre soit respectueuse des animaux.&nbsp;<\/p>\n<\/div>\n<\/div>\n\n\n\n<div class=\"wp-block-group is-content-justification-center is-layout-flex wp-container-core-group-is-layout-b02886af wp-block-group-is-layout-flex\"><div class=\"wp-block-file-wrapper is-pdf\" data-filetype=\"PDF\" data-size=\"329 Ko\">\n<div class=\"wp-block-file\"><a id=\"wp-block-file--media-aeeb682b-2cc5-4e06-999a-d011aedfd58b\" href=\"https:\/\/tierschutz.com\/app\/uploads\/2024\/04\/flyer_Zoofachhandel_fr_v1.pdf\">Check-list animaleries<\/a><a href=\"https:\/\/tierschutz.com\/app\/uploads\/2024\/04\/flyer_Zoofachhandel_fr_v1.pdf\" class=\"wp-block-file__button wp-element-button\" download aria-describedby=\"wp-block-file--media-aeeb682b-2cc5-4e06-999a-d011aedfd58b\">T\u00e9l\u00e9charger<\/a><\/div>\n<\/div><\/div>\n<\/div>\n","protected":false},"excerpt":{"rendered":"<p>Activit\u00e9s Attention \u00c9tablissements zoologiques et cie La Suisse compte plus de 8&nbsp;millions d\u2019animaux de compagnie. Tous les \u00e9tablissements zoologiques, les [&hellip;]<\/p>\n","protected":false},"author":5,"featured_media":0,"parent":4253,"menu_order":102,"comment_status":"closed","ping_status":"closed","template":"","meta":{"_acf_changed":false,"inline_featured_image":false,"_vp_format_video_url":"","_vp_image_focal_point":[],"footnotes":""},"class_list":["post-4939","page","type-page","status-publish","hentry"],"acf":[],"yoast_head":"<!-- This site is optimized with the Yoast SEO Premium plugin v27.4 (Yoast SEO v27.4) - https:\/\/yoast.com\/product\/yoast-seo-premium-wordpress\/ -->\n<title>\u00c9tablissements zoologiques et cie - Protection Suisse des Animaux PSA<\/title>\n<meta name=\"robots\" content=\"index, follow, max-snippet:-1, max-image-preview:large, max-video-preview:-1\" \/>\n<link rel=\"canonical\" href=\"https:\/\/mail.schweizer-tierschutz.ch\/fr\/detention-des-animaux\/detention-danimaux-de-compagnie\/etablissements-zoologiques-et-cie\/\" \/>\n<meta property=\"og:locale\" content=\"fr_FR\" \/>\n<meta property=\"og:type\" content=\"article\" \/>\n<meta property=\"og:title\" content=\"\u00c9tablissements zoologiques et cie\" \/>\n<meta property=\"og:description\" content=\"Activit\u00e9s Attention \u00c9tablissements zoologiques et cie La Suisse compte plus de 8&nbsp;millions d\u2019animaux de compagnie. Tous les \u00e9tablissements zoologiques, les [&hellip;]\" \/>\n<meta property=\"og:url\" content=\"https:\/\/mail.schweizer-tierschutz.ch\/fr\/detention-des-animaux\/detention-danimaux-de-compagnie\/etablissements-zoologiques-et-cie\/\" \/>\n<meta property=\"og:site_name\" content=\"Protection Suisse des Animaux PSA\" \/>\n<meta property=\"article:publisher\" content=\"https:\/\/www.facebook.com\/schweizertierschutz\/\" \/>\n<meta property=\"article:modified_time\" content=\"2024-04-26T08:14:15+00:00\" \/>\n<meta property=\"og:image\" content=\"https:\/\/tierschutz.com\/app\/uploads\/2023\/06\/sts-zoofachhandel-scaled.jpg\" \/>\n<meta name=\"twitter:card\" content=\"summary_large_image\" \/>\n<meta name=\"twitter:label1\" content=\"Dur\u00e9e de lecture estim\u00e9e\" \/>\n\t<meta name=\"twitter:data1\" content=\"4 minutes\" \/>\n<script type=\"application\/ld+json\" class=\"yoast-schema-graph\">{\"@context\":\"https:\\\/\\\/schema.org\",\"@graph\":[{\"@type\":\"WebPage\",\"@id\":\"https:\\\/\\\/mail.schweizer-tierschutz.ch\\\/fr\\\/detention-des-animaux\\\/detention-danimaux-de-compagnie\\\/etablissements-zoologiques-et-cie\\\/\",\"url\":\"https:\\\/\\\/mail.schweizer-tierschutz.ch\\\/fr\\\/detention-des-animaux\\\/detention-danimaux-de-compagnie\\\/etablissements-zoologiques-et-cie\\\/\",\"name\":\"\u00c9tablissements zoologiques et cie - Protection Suisse des Animaux PSA\",\"isPartOf\":{\"@id\":\"https:\\\/\\\/tierschutz.com\\\/fr\\\/#website\"},\"primaryImageOfPage\":{\"@id\":\"https:\\\/\\\/mail.schweizer-tierschutz.ch\\\/fr\\\/detention-des-animaux\\\/detention-danimaux-de-compagnie\\\/etablissements-zoologiques-et-cie\\\/#primaryimage\"},\"image\":{\"@id\":\"https:\\\/\\\/mail.schweizer-tierschutz.ch\\\/fr\\\/detention-des-animaux\\\/detention-danimaux-de-compagnie\\\/etablissements-zoologiques-et-cie\\\/#primaryimage\"},\"thumbnailUrl\":\"https:\\\/\\\/tierschutz.com\\\/app\\\/uploads\\\/2023\\\/06\\\/sts-zoofachhandel-scaled.jpg\",\"datePublished\":\"2023-06-14T09:11:00+00:00\",\"dateModified\":\"2024-04-26T08:14:15+00:00\",\"breadcrumb\":{\"@id\":\"https:\\\/\\\/mail.schweizer-tierschutz.ch\\\/fr\\\/detention-des-animaux\\\/detention-danimaux-de-compagnie\\\/etablissements-zoologiques-et-cie\\\/#breadcrumb\"},\"inLanguage\":\"fr-FR\",\"potentialAction\":[{\"@type\":\"ReadAction\",\"target\":[\"https:\\\/\\\/mail.schweizer-tierschutz.ch\\\/fr\\\/detention-des-animaux\\\/detention-danimaux-de-compagnie\\\/etablissements-zoologiques-et-cie\\\/\"]}]},{\"@type\":\"ImageObject\",\"inLanguage\":\"fr-FR\",\"@id\":\"https:\\\/\\\/mail.schweizer-tierschutz.ch\\\/fr\\\/detention-des-animaux\\\/detention-danimaux-de-compagnie\\\/etablissements-zoologiques-et-cie\\\/#primaryimage\",\"url\":\"https:\\\/\\\/tierschutz.com\\\/app\\\/uploads\\\/2023\\\/06\\\/sts-zoofachhandel-scaled.jpg\",\"contentUrl\":\"https:\\\/\\\/tierschutz.com\\\/app\\\/uploads\\\/2023\\\/06\\\/sts-zoofachhandel-scaled.jpg\"},{\"@type\":\"BreadcrumbList\",\"@id\":\"https:\\\/\\\/mail.schweizer-tierschutz.ch\\\/fr\\\/detention-des-animaux\\\/detention-danimaux-de-compagnie\\\/etablissements-zoologiques-et-cie\\\/#breadcrumb\",\"itemListElement\":[{\"@type\":\"ListItem\",\"position\":1,\"name\":\"Page d\u2019accueil\",\"item\":\"https:\\\/\\\/tierschutz.com\\\/fr\\\/\"},{\"@type\":\"ListItem\",\"position\":2,\"name\":\"D\u00e9tention des animaux\",\"item\":\"https:\\\/\\\/mail.schweizer-tierschutz-sts.ch\\\/fr\\\/detention-des-animaux\\\/\"},{\"@type\":\"ListItem\",\"position\":3,\"name\":\"D\u00e9tention d\u2019animaux de compagnie\",\"item\":\"https:\\\/\\\/mail.schweizer-tierschutz-sts.ch\\\/fr\\\/detention-des-animaux\\\/detention-danimaux-de-compagnie\\\/\"},{\"@type\":\"ListItem\",\"position\":4,\"name\":\"\u00c9tablissements zoologiques et cie\"}]},{\"@type\":\"WebSite\",\"@id\":\"https:\\\/\\\/tierschutz.com\\\/fr\\\/#website\",\"url\":\"https:\\\/\\\/tierschutz.com\\\/fr\\\/\",\"name\":\"tierschutz.com\",\"description\":\"Wir setzen uns f\u00fcr das Wohl der Tiere ein.\",\"publisher\":{\"@id\":\"https:\\\/\\\/tierschutz.com\\\/fr\\\/#organization\"},\"alternateName\":\"Schweizer Tierschutz STS\",\"potentialAction\":[{\"@type\":\"SearchAction\",\"target\":{\"@type\":\"EntryPoint\",\"urlTemplate\":\"https:\\\/\\\/tierschutz.com\\\/fr\\\/?s={search_term_string}\"},\"query-input\":{\"@type\":\"PropertyValueSpecification\",\"valueRequired\":true,\"valueName\":\"search_term_string\"}}],\"inLanguage\":\"fr-FR\"},{\"@type\":\"Organization\",\"@id\":\"https:\\\/\\\/tierschutz.com\\\/fr\\\/#organization\",\"name\":\"Schweizer Tierschutz STS\",\"alternateName\":\"STS\",\"url\":\"https:\\\/\\\/tierschutz.com\\\/fr\\\/\",\"logo\":{\"@type\":\"ImageObject\",\"inLanguage\":\"fr-FR\",\"@id\":\"https:\\\/\\\/tierschutz.com\\\/fr\\\/#\\\/schema\\\/logo\\\/image\\\/\",\"url\":\"https:\\\/\\\/mail.schweizer-tierschutz.ch\\\/app\\\/uploads\\\/2024\\\/04\\\/logo-schweizer-tierschutz-sts-1.svg\",\"contentUrl\":\"https:\\\/\\\/mail.schweizer-tierschutz.ch\\\/app\\\/uploads\\\/2024\\\/04\\\/logo-schweizer-tierschutz-sts-1.svg\",\"caption\":\"Schweizer Tierschutz STS\"},\"image\":{\"@id\":\"https:\\\/\\\/tierschutz.com\\\/fr\\\/#\\\/schema\\\/logo\\\/image\\\/\"},\"sameAs\":[\"https:\\\/\\\/www.facebook.com\\\/schweizertierschutz\\\/\",\"https:\\\/\\\/www.instagram.com\\\/schweizertierschutzsts\\\/\",\"https:\\\/\\\/www.youtube.com\\\/@STS_Tierschutz\",\"https:\\\/\\\/www.linkedin.com\\\/company\\\/schweizertierschutzsts\\\/\"],\"description\":\"Der Schweizer Tierschutz STS ist der Dachverband von 71 Tierschutzorganisationen in allen Sprachregionen der Schweiz und in Liechtenstein. Seine Mitarbeitenden leisten wissenschaftlich fundierte Grundlagenarbeit, setzen sich mit Projekten und Aktionen f\u00fcr den Schutz und das Wohlbefinden von Heim-, Wild-, Nutz- und Versuchstieren ein und sensibilisieren die \u00d6ffentlichkeit f\u00fcr Tierschutzthemen.\",\"email\":\"sts@tierschutz.com\",\"telephone\":\"061 365 99 99\",\"legalName\":\"Schweizer Tierschutz STS\"}]}<\/script>\n<!-- \/ Yoast SEO Premium plugin. -->","yoast_head_json":{"title":"\u00c9tablissements zoologiques et cie - Protection Suisse des Animaux PSA","robots":{"index":"index","follow":"follow","max-snippet":"max-snippet:-1","max-image-preview":"max-image-preview:large","max-video-preview":"max-video-preview:-1"},"canonical":"https:\/\/mail.schweizer-tierschutz.ch\/fr\/detention-des-animaux\/detention-danimaux-de-compagnie\/etablissements-zoologiques-et-cie\/","og_locale":"fr_FR","og_type":"article","og_title":"\u00c9tablissements zoologiques et cie","og_description":"Activit\u00e9s Attention \u00c9tablissements zoologiques et cie La Suisse compte plus de 8&nbsp;millions d\u2019animaux de compagnie. Tous les \u00e9tablissements zoologiques, les [&hellip;]","og_url":"https:\/\/mail.schweizer-tierschutz.ch\/fr\/detention-des-animaux\/detention-danimaux-de-compagnie\/etablissements-zoologiques-et-cie\/","og_site_name":"Protection Suisse des Animaux PSA","article_publisher":"https:\/\/www.facebook.com\/schweizertierschutz\/","article_modified_time":"2024-04-26T08:14:15+00:00","og_image":[{"url":"https:\/\/tierschutz.com\/app\/uploads\/2023\/06\/sts-zoofachhandel-scaled.jpg","type":"","width":"","height":""}],"twitter_card":"summary_large_image","twitter_misc":{"Dur\u00e9e de lecture estim\u00e9e":"4 minutes"},"schema":{"@context":"https:\/\/schema.org","@graph":[{"@type":"WebPage","@id":"https:\/\/mail.schweizer-tierschutz.ch\/fr\/detention-des-animaux\/detention-danimaux-de-compagnie\/etablissements-zoologiques-et-cie\/","url":"https:\/\/mail.schweizer-tierschutz.ch\/fr\/detention-des-animaux\/detention-danimaux-de-compagnie\/etablissements-zoologiques-et-cie\/","name":"\u00c9tablissements zoologiques et cie - Protection Suisse des Animaux PSA","isPartOf":{"@id":"https:\/\/tierschutz.com\/fr\/#website"},"primaryImageOfPage":{"@id":"https:\/\/mail.schweizer-tierschutz.ch\/fr\/detention-des-animaux\/detention-danimaux-de-compagnie\/etablissements-zoologiques-et-cie\/#primaryimage"},"image":{"@id":"https:\/\/mail.schweizer-tierschutz.ch\/fr\/detention-des-animaux\/detention-danimaux-de-compagnie\/etablissements-zoologiques-et-cie\/#primaryimage"},"thumbnailUrl":"https:\/\/tierschutz.com\/app\/uploads\/2023\/06\/sts-zoofachhandel-scaled.jpg","datePublished":"2023-06-14T09:11:00+00:00","dateModified":"2024-04-26T08:14:15+00:00","breadcrumb":{"@id":"https:\/\/mail.schweizer-tierschutz.ch\/fr\/detention-des-animaux\/detention-danimaux-de-compagnie\/etablissements-zoologiques-et-cie\/#breadcrumb"},"inLanguage":"fr-FR","potentialAction":[{"@type":"ReadAction","target":["https:\/\/mail.schweizer-tierschutz.ch\/fr\/detention-des-animaux\/detention-danimaux-de-compagnie\/etablissements-zoologiques-et-cie\/"]}]},{"@type":"ImageObject","inLanguage":"fr-FR","@id":"https:\/\/mail.schweizer-tierschutz.ch\/fr\/detention-des-animaux\/detention-danimaux-de-compagnie\/etablissements-zoologiques-et-cie\/#primaryimage","url":"https:\/\/tierschutz.com\/app\/uploads\/2023\/06\/sts-zoofachhandel-scaled.jpg","contentUrl":"https:\/\/tierschutz.com\/app\/uploads\/2023\/06\/sts-zoofachhandel-scaled.jpg"},{"@type":"BreadcrumbList","@id":"https:\/\/mail.schweizer-tierschutz.ch\/fr\/detention-des-animaux\/detention-danimaux-de-compagnie\/etablissements-zoologiques-et-cie\/#breadcrumb","itemListElement":[{"@type":"ListItem","position":1,"name":"Page d\u2019accueil","item":"https:\/\/tierschutz.com\/fr\/"},{"@type":"ListItem","position":2,"name":"D\u00e9tention des animaux","item":"https:\/\/mail.schweizer-tierschutz-sts.ch\/fr\/detention-des-animaux\/"},{"@type":"ListItem","position":3,"name":"D\u00e9tention d\u2019animaux de compagnie","item":"https:\/\/mail.schweizer-tierschutz-sts.ch\/fr\/detention-des-animaux\/detention-danimaux-de-compagnie\/"},{"@type":"ListItem","position":4,"name":"\u00c9tablissements zoologiques et cie"}]},{"@type":"WebSite","@id":"https:\/\/tierschutz.com\/fr\/#website","url":"https:\/\/tierschutz.com\/fr\/","name":"tierschutz.com","description":"Wir setzen uns f\u00fcr das Wohl der Tiere ein.","publisher":{"@id":"https:\/\/tierschutz.com\/fr\/#organization"},"alternateName":"Schweizer Tierschutz STS","potentialAction":[{"@type":"SearchAction","target":{"@type":"EntryPoint","urlTemplate":"https:\/\/tierschutz.com\/fr\/?s={search_term_string}"},"query-input":{"@type":"PropertyValueSpecification","valueRequired":true,"valueName":"search_term_string"}}],"inLanguage":"fr-FR"},{"@type":"Organization","@id":"https:\/\/tierschutz.com\/fr\/#organization","name":"Schweizer Tierschutz STS","alternateName":"STS","url":"https:\/\/tierschutz.com\/fr\/","logo":{"@type":"ImageObject","inLanguage":"fr-FR","@id":"https:\/\/tierschutz.com\/fr\/#\/schema\/logo\/image\/","url":"https:\/\/mail.schweizer-tierschutz.ch\/app\/uploads\/2024\/04\/logo-schweizer-tierschutz-sts-1.svg","contentUrl":"https:\/\/mail.schweizer-tierschutz.ch\/app\/uploads\/2024\/04\/logo-schweizer-tierschutz-sts-1.svg","caption":"Schweizer Tierschutz STS"},"image":{"@id":"https:\/\/tierschutz.com\/fr\/#\/schema\/logo\/image\/"},"sameAs":["https:\/\/www.facebook.com\/schweizertierschutz\/","https:\/\/www.instagram.com\/schweizertierschutzsts\/","https:\/\/www.youtube.com\/@STS_Tierschutz","https:\/\/www.linkedin.com\/company\/schweizertierschutzsts\/"],"description":"Der Schweizer Tierschutz STS ist der Dachverband von 71 Tierschutzorganisationen in allen Sprachregionen der Schweiz und in Liechtenstein. Seine Mitarbeitenden leisten wissenschaftlich fundierte Grundlagenarbeit, setzen sich mit Projekten und Aktionen f\u00fcr den Schutz und das Wohlbefinden von Heim-, Wild-, Nutz- und Versuchstieren ein und sensibilisieren die \u00d6ffentlichkeit f\u00fcr Tierschutzthemen.","email":"sts@tierschutz.com","telephone":"061 365 99 99","legalName":"Schweizer Tierschutz STS"}]}},"_links":{"self":[{"href":"https:\/\/mail.schweizer-tierschutz.ch\/fr\/wp-json\/wp\/v2\/pages\/4939","targetHints":{"allow":["GET"]}}],"collection":[{"href":"https:\/\/mail.schweizer-tierschutz.ch\/fr\/wp-json\/wp\/v2\/pages"}],"about":[{"href":"https:\/\/mail.schweizer-tierschutz.ch\/fr\/wp-json\/wp\/v2\/types\/page"}],"author":[{"embeddable":true,"href":"https:\/\/mail.schweizer-tierschutz.ch\/fr\/wp-json\/wp\/v2\/users\/5"}],"replies":[{"embeddable":true,"href":"https:\/\/mail.schweizer-tierschutz.ch\/fr\/wp-json\/wp\/v2\/comments?post=4939"}],"version-history":[{"count":6,"href":"https:\/\/mail.schweizer-tierschutz.ch\/fr\/wp-json\/wp\/v2\/pages\/4939\/revisions"}],"predecessor-version":[{"id":19823,"href":"https:\/\/mail.schweizer-tierschutz.ch\/fr\/wp-json\/wp\/v2\/pages\/4939\/revisions\/19823"}],"up":[{"embeddable":true,"href":"https:\/\/mail.schweizer-tierschutz.ch\/fr\/wp-json\/wp\/v2\/pages\/4253"}],"wp:attachment":[{"href":"https:\/\/mail.schweizer-tierschutz.ch\/fr\/wp-json\/wp\/v2\/media?parent=4939"}],"curies":[{"name":"wp","href":"https:\/\/api.w.org\/{rel}","templated":true}]}}