{"id":6372,"date":"2023-05-04T15:14:26","date_gmt":"2023-05-04T13:14:26","guid":{"rendered":"https:\/\/dev.tierschutz.com\/?page_id=6372"},"modified":"2024-04-23T13:36:39","modified_gmt":"2024-04-23T11:36:39","slug":"legs","status":"publish","type":"page","link":"https:\/\/mail.schweizer-tierschutz.ch\/fr\/protection-des-animaux\/dons\/legs\/","title":{"rendered":"Legs"},"content":{"rendered":"\n<div class=\"wp-block-cover alignfull\"><span aria-hidden=\"true\" class=\"wp-block-cover__background has-background-dim-40 has-background-dim\"><\/span><img loading=\"lazy\" decoding=\"async\" width=\"1698\" height=\"1131\" class=\"wp-block-cover__image-background wp-image-5712\" alt=\"Junge Katze die gespannt in die Kamera schaut. \" src=\"https:\/\/tierschutz.com\/app\/uploads\/2023\/06\/sts-katze-aus-internet.jpg\" data-object-fit=\"cover\" srcset=\"https:\/\/mail.schweizer-tierschutz.ch\/app\/uploads\/2023\/06\/sts-katze-aus-internet.jpg 1698w, https:\/\/mail.schweizer-tierschutz.ch\/app\/uploads\/2023\/06\/sts-katze-aus-internet-300x200.jpg 300w, https:\/\/mail.schweizer-tierschutz.ch\/app\/uploads\/2023\/06\/sts-katze-aus-internet-1024x682.jpg 1024w, https:\/\/mail.schweizer-tierschutz.ch\/app\/uploads\/2023\/06\/sts-katze-aus-internet-768x512.jpg 768w, https:\/\/mail.schweizer-tierschutz.ch\/app\/uploads\/2023\/06\/sts-katze-aus-internet-1536x1023.jpg 1536w\" sizes=\"auto, (max-width: 1698px) 100vw, 1698px\" \/><div class=\"wp-block-cover__inner-container is-layout-flow wp-block-cover-is-layout-flow\">\n<h2 class=\"wp-block-heading has-text-align-center has-background-color has-text-color has-link-color wp-elements-d553ca6e4a2a1892db724355bb100c54\"><strong>Legs<\/strong><\/h2>\n<\/div><\/div>\n\n\n\n<div class=\"wp-block-group alignfull anchor-bar has-lightgray-background-color has-background is-layout-constrained wp-block-group-is-layout-constrained\">\n<div class=\"wp-block-group is-content-justification-space-between is-layout-flex wp-container-core-group-is-layout-9366075c wp-block-group-is-layout-flex\">\n<p class=\"has-large-font-size\"><a data-type=\"internal\" data-id=\"#testament\" href=\"#testament\"><strong>Le testament<\/strong><\/a><\/p>\n\n\n\n<p class=\"has-large-font-size\"><strong><a data-type=\"internal\" data-id=\"#hilfe\" href=\"#hilfe\">Votre aide<\/a><\/strong><\/p>\n\n\n\n<p class=\"has-large-font-size\"><a data-type=\"internal\" data-id=\"#beratung\" href=\"#beratung\"><strong>Conseil<\/strong><\/a><\/p>\n\n\n\n<p class=\"has-large-font-size\"><strong><a data-type=\"internal\" data-id=\"#bestellen\" href=\"#bestellen\"><strong><strong><strong>Commander le guide<\/strong><\/strong><\/strong><\/a><\/strong><\/p>\n<\/div>\n<\/div>\n\n\n\n<div class=\"wp-block-group alignfull has-background-background-color has-background is-layout-constrained wp-block-group-is-layout-constrained\"><div class=\"yoast-breadcrumbs\"><span><span><a href=\"https:\/\/mail.protection-animaux-psa.ch\/fr\/\">Page d\u2019accueil<\/a><\/span> \u00bb <span><a href=\"https:\/\/tierschutz.com\/fr\/protection-des-animaux\/\">Protection des animaux\u00a0<\/a><\/span> \u00bb <span><a href=\"https:\/\/mail.swiss-animal-protection.ch\/fr\/protection-des-animaux\/dons\/\">Dons<\/a><\/span> \u00bb <span class=\"breadcrumb_last\" aria-current=\"page\">Legs<\/span><\/span><\/div>\n\n\n<h1 class=\"wp-block-heading has-text-align-center\"><strong>&nbsp;&nbsp;<strong>Don testamentaire pour la protection des animaux&nbsp;&nbsp;<\/strong><\/strong><\/h1>\n\n\n\n<hr class=\"wp-block-separator has-text-color has-primary-color has-alpha-channel-opacity has-primary-background-color has-background\"\/>\n\n\n\n<p class=\"has-text-align-center\">L\u2019amour des animaux peut \u00eatre litt\u00e9ralement infini. C\u2019est pourquoi vous avez la possibilit\u00e9 d\u2019aider les animaux quand vous ne serez plus l\u00e0 et de soutenir le travail d\u2019int\u00e9r\u00eat g\u00e9n\u00e9ral de la Protection Suisse des Animaux PSA. Les dons testamentaires faits \u00e0 la Protection Suisse des Animaux PSA sont exon\u00e9r\u00e9s d\u2019imp\u00f4ts et sont donc enti\u00e8rement utilis\u00e9s pour le bien-\u00eatre des animaux.<\/p>\n\n\n\n<p class=\"has-text-align-center\">Quelle est la diff\u00e9rence entre un h\u00e9ritage et un legs ? Avec un h\u00e9ritage, vous l\u00e8guez une partie de votre succession. Dans le cas d&#8217;un legs, il s&#8217;agit d&#8217;un montant fixe ou d&#8217;une valeur r\u00e9elle d\u00e9finie.<\/p>\n\n\n\n<div class=\"wp-block-group alignfull has-background-background-color has-background is-layout-constrained wp-block-group-is-layout-constrained\">\n<div class=\"wp-block-group is-layout-flex wp-container-core-group-is-layout-d0921e6e wp-block-group-is-layout-flex\">\n<div id=\"testament\" class=\"wp-block-group is-style-shadow-box has-background-background-color has-background is-layout-constrained wp-block-group-is-layout-constrained\">\n<h3 class=\"wp-block-heading\"><strong><strong>\u00c0 prendre en compte lors de la r\u00e9daction d\u2019un testament<\/strong><\/strong><\/h3>\n\n\n\n<p>Pour que votre testament soit valable, il doit \u00eatre r\u00e9dig\u00e9 de votre propre main avec lieu, date et signature ou \u00eatre authentifi\u00e9 par un notaire. Vous pouvez d\u00e9signer la Protection Suisse des Animaux PSA comme h\u00e9riti\u00e8re ou l\u00e9gataire. Le service juridique de la PSA vous aide volontiers \u00e0 accomplir correctement toutes les formalit\u00e9s pour un don d&#8217;h\u00e9ritage.<\/p>\n<\/div>\n\n\n\n<div id=\"hilfe\" class=\"wp-block-group is-style-shadow-box has-background-background-color has-background is-layout-constrained wp-block-group-is-layout-constrained\">\n<h3 class=\"wp-block-heading\"><strong><strong>Voici comment votre don testamentaire \u00e0 la PSA aide les animaux<\/strong><\/strong><\/h3>\n\n\n\n<p>Gr\u00e2ce \u00e0 votre don testamentaire, vous soutenez la protection des animaux de demain. Vous aidez les services sp\u00e9cialis\u00e9s et de conseil ainsi que les sections de la Protection Suisse des Animaux PSA \u00e0 continuer \u00e0 intervenir de mani\u00e8re engag\u00e9e et professionnelle en faveur du bien-\u00eatre et de la dignit\u00e9 des animaux. Votre succession sera utilis\u00e9e \u00e0 bon escient pour g\u00e9rer les refuges et les stations d\u2019accueil pour animaux des sections de la PSA sur le long terme et avec comp\u00e9tence, pour faire avancer des projets nationaux et internationaux de protection des animaux et pour financer les traitements des animaux dans la d\u00e9tresse.<\/p>\n<\/div>\n<\/div>\n<\/div>\n<\/div>\n\n\n\n<div class=\"wp-block-media-text alignwide is-stacked-on-mobile is-vertically-aligned-center\" id=\"beratung\"><figure class=\"wp-block-media-text__media\"><img loading=\"lazy\" decoding=\"async\" width=\"1024\" height=\"682\" src=\"https:\/\/tierschutz.com\/app\/uploads\/2023\/07\/sts-erbschaftsspende-1024x682.jpg\" alt=\"Eine Katze die einer alten Frau auf den Beinen sitzt. \" class=\"wp-image-7541 size-full\" srcset=\"https:\/\/mail.schweizer-tierschutz.ch\/app\/uploads\/2023\/07\/sts-erbschaftsspende-1024x682.jpg 1024w, https:\/\/mail.schweizer-tierschutz.ch\/app\/uploads\/2023\/07\/sts-erbschaftsspende-300x200.jpg 300w, https:\/\/mail.schweizer-tierschutz.ch\/app\/uploads\/2023\/07\/sts-erbschaftsspende-768x512.jpg 768w, https:\/\/mail.schweizer-tierschutz.ch\/app\/uploads\/2023\/07\/sts-erbschaftsspende-1536x1023.jpg 1536w, https:\/\/mail.schweizer-tierschutz.ch\/app\/uploads\/2023\/07\/sts-erbschaftsspende.jpg 1698w\" sizes=\"auto, (max-width: 1024px) 100vw, 1024px\" \/><\/figure><div class=\"wp-block-media-text__content\">\n<div class=\"wp-block-group is-style-shadow-box has-background-background-color has-background is-layout-constrained wp-block-group-is-layout-constrained\">\n<h3 class=\"wp-block-heading\"><strong><strong>Nous vous conseillons avec plaisir et sans engagement<\/strong><\/strong><\/h3>\n\n\n\n<p>Il est important pour nous de traiter les affaires testamentaires de mani\u00e8re professionnelle et en toute discr\u00e9tion. Si vous avez des questions d\u2019ordre g\u00e9n\u00e9ral sur les dons testamentaires ou si vous souhaitez des informations plus d\u00e9taill\u00e9es, vous pouvez commander gratuitement notre brochure \u00abPr\u00e9voyance pour les animaux \u2013 Guide testamentaire pour les amis des animaux\u00bb.<\/p>\n\n\n\n<div class=\"wp-block-buttons is-layout-flex wp-block-buttons-is-layout-flex\">\n<div class=\"wp-block-button\"><a class=\"wp-block-button__link wp-element-button\" href=\"#bestellform\">Commander un guide testamentaire<\/a><\/div>\n<\/div>\n<\/div>\n<\/div><\/div>\n\n\n\n<div id=\"bestellen\" class=\"wp-block-group has-background-background-color has-background is-layout-constrained wp-block-group-is-layout-constrained\">\n<h3 class=\"wp-block-heading has-text-align-center\" id=\"bestellform\"><strong>Commander un guide testamentaire<\/strong><\/h3>\n\n\n\n<div class=\"wp-block-contact-form-7-contact-form-selector\">\n<div class=\"wpcf7 no-js\" id=\"wpcf7-f4718-o1\" lang=\"\" dir=\"ltr\" data-wpcf7-id=\"4718\">\n<div class=\"screen-reader-response\"><p role=\"status\" aria-live=\"polite\" aria-atomic=\"true\"><\/p> <ul><\/ul><\/div>\n<form action=\"\/fr\/wp-json\/wp\/v2\/pages\/6372#wpcf7-f4718-o1\" method=\"post\" class=\"wpcf7-form init\" aria-label=\"Formulaire de contact\" novalidate=\"novalidate\" data-status=\"init\">\n<fieldset class=\"hidden-fields-container\"><input type=\"hidden\" name=\"_wpcf7\" value=\"4718\" \/><input type=\"hidden\" name=\"_wpcf7_version\" value=\"6.1.5\" \/><input type=\"hidden\" name=\"_wpcf7_locale\" value=\"\" \/><input type=\"hidden\" name=\"_wpcf7_unit_tag\" value=\"wpcf7-f4718-o1\" \/><input type=\"hidden\" name=\"_wpcf7_container_post\" value=\"0\" \/><input type=\"hidden\" name=\"_wpcf7_posted_data_hash\" value=\"\" \/><input type=\"hidden\" name=\"_wpcf7cf_hidden_group_fields\" value=\"[]\" \/><input type=\"hidden\" name=\"_wpcf7cf_hidden_groups\" value=\"[]\" \/><input type=\"hidden\" name=\"_wpcf7cf_visible_groups\" value=\"[]\" \/><input type=\"hidden\" name=\"_wpcf7cf_repeaters\" value=\"[]\" \/><input type=\"hidden\" name=\"_wpcf7cf_steps\" value=\"{}\" \/><input type=\"hidden\" name=\"_wpcf7cf_options\" value=\"{&quot;form_id&quot;:4718,&quot;conditions&quot;:[],&quot;settings&quot;:{&quot;animation&quot;:&quot;yes&quot;,&quot;animation_intime&quot;:200,&quot;animation_outtime&quot;:200,&quot;conditions_ui&quot;:&quot;normal&quot;,&quot;notice_dismissed&quot;:false,&quot;notice_dismissed_rollback-cf7-5.8.7&quot;:true,&quot;notice_dismissed_rollback-cf7-5.9.4&quot;:true,&quot;notice_dismissed_rollback-cf7-6.0.2&quot;:true}}\" \/><input type=\"hidden\" name=\"_wpcf7_recaptcha_response\" value=\"\" \/>\n<\/fieldset>\n<p><span class=\"wpcf7-form-control-wrap\" data-name=\"checkbox-704\"><span class=\"wpcf7-form-control wpcf7-checkbox\"><span class=\"wpcf7-list-item first last\"><label><input type=\"checkbox\" name=\"checkbox-704[]\" value=\"Veuillez me faire parvenir votre brochure \u00abPr\u00e9voyance pour les animaux \u2013 Guide testamentaire pour les amis des animaux\u00bb\" \/><span class=\"wpcf7-list-item-label\">Veuillez me faire parvenir votre brochure \u00abPr\u00e9voyance pour les animaux \u2013 Guide testamentaire pour les amis des animaux\u00bb<\/span><\/label><\/span><\/span><\/span>\n<\/p>\n<p>Nombre*<br \/>\n<span class=\"wpcf7-form-control-wrap\" data-name=\"number-119\"><input class=\"wpcf7-form-control wpcf7-number wpcf7-validates-as-required wpcf7-validates-as-number\" aria-required=\"true\" aria-invalid=\"false\" placeholder=\"1\" value=\"\" type=\"number\" name=\"number-119\" \/><\/span>\n<\/p>\n<p><span class=\"wpcf7-form-control-wrap\" data-name=\"checkbox-705\"><span class=\"wpcf7-form-control wpcf7-checkbox\"><span class=\"wpcf7-list-item first last\"><label><input type=\"checkbox\" name=\"checkbox-705[]\" value=\"J\u2019aimerais un conseil personnalis\u00e9. Merci de me contacter\" \/><span class=\"wpcf7-list-item-label\">J\u2019aimerais un conseil personnalis\u00e9. Merci de me contacter<\/span><\/label><\/span><\/span><\/span>\n<\/p>\n<p>Nom*<br \/>\n<span class=\"wpcf7-form-control-wrap\" data-name=\"Name\"><input size=\"40\" maxlength=\"400\" class=\"wpcf7-form-control wpcf7-text wpcf7-validates-as-required\" aria-required=\"true\" aria-invalid=\"false\" value=\"\" type=\"text\" name=\"Name\" \/><\/span>\n<\/p>\n<p>Pr\u00e9nom*<br \/>\n<span class=\"wpcf7-form-control-wrap\" data-name=\"Vorname\"><input size=\"40\" maxlength=\"400\" class=\"wpcf7-form-control wpcf7-text wpcf7-validates-as-required\" aria-required=\"true\" aria-invalid=\"false\" value=\"\" type=\"text\" name=\"Vorname\" \/><\/span>\n<\/p>\n<p>Rue, num\u00e9ro<br \/>\n<span class=\"wpcf7-form-control-wrap\" data-name=\"strasse\"><input size=\"40\" maxlength=\"400\" class=\"wpcf7-form-control wpcf7-text\" aria-invalid=\"false\" value=\"\" type=\"text\" name=\"strasse\" \/><\/span>\n<\/p>\n<p>NPA \/ Localit\u00e9<br \/>\n<span class=\"wpcf7-form-control-wrap\" data-name=\"ort\"><input size=\"40\" maxlength=\"400\" class=\"wpcf7-form-control wpcf7-text\" aria-invalid=\"false\" value=\"\" type=\"text\" name=\"ort\" \/><\/span>\n<\/p>\n<p>T\u00e9l\u00e9phone*<br \/>\n<span class=\"wpcf7-form-control-wrap\" data-name=\"tel-602\"><input size=\"40\" maxlength=\"400\" class=\"wpcf7-form-control wpcf7-tel wpcf7-validates-as-required wpcf7-text wpcf7-validates-as-tel\" aria-required=\"true\" aria-invalid=\"false\" value=\"\" type=\"tel\" name=\"tel-602\" \/><\/span>\n<\/p>\n<p>E-Mail*<br \/>\n<span class=\"wpcf7-form-control-wrap\" data-name=\"email-964\"><input size=\"40\" maxlength=\"400\" class=\"wpcf7-form-control wpcf7-email wpcf7-text wpcf7-validates-as-email\" aria-invalid=\"false\" value=\"\" type=\"email\" name=\"email-964\" \/><\/span>\n<\/p>\n<p><input class=\"wpcf7-form-control wpcf7-submit has-spinner\" type=\"submit\" value=\"Envoyer\" \/>\n<\/p><div class=\"wpcf7-response-output\" aria-hidden=\"true\"><\/div>\n<\/form>\n<\/div>\n<\/div>\n<\/div>\n","protected":false},"excerpt":{"rendered":"<p>Le testament Votre aide Conseil Commander le guide &nbsp;&nbsp;Don testamentaire pour la protection des animaux&nbsp;&nbsp; L\u2019amour des animaux peut \u00eatre [&hellip;]<\/p>\n","protected":false},"author":5,"featured_media":0,"parent":4296,"menu_order":309,"comment_status":"closed","ping_status":"closed","template":"","meta":{"_acf_changed":false,"inline_featured_image":false,"_vp_format_video_url":"","_vp_image_focal_point":[],"footnotes":""},"class_list":["post-6372","page","type-page","status-publish","hentry"],"acf":[],"yoast_head":"<!-- This site is optimized with the Yoast SEO Premium plugin v27.4 (Yoast SEO v27.4) - https:\/\/yoast.com\/product\/yoast-seo-premium-wordpress\/ -->\n<title>Legs - Protection Suisse des Animaux PSA<\/title>\n<meta name=\"robots\" content=\"index, follow, max-snippet:-1, max-image-preview:large, max-video-preview:-1\" \/>\n<link rel=\"canonical\" href=\"https:\/\/mail.schweizer-tierschutz.ch\/fr\/protection-des-animaux\/dons\/legs\/\" \/>\n<meta property=\"og:locale\" content=\"fr_FR\" \/>\n<meta property=\"og:type\" content=\"article\" \/>\n<meta property=\"og:title\" content=\"Legs\" \/>\n<meta property=\"og:description\" content=\"Le testament Votre aide Conseil Commander le guide &nbsp;&nbsp;Don testamentaire pour la protection des animaux&nbsp;&nbsp; L\u2019amour des animaux peut \u00eatre [&hellip;]\" \/>\n<meta property=\"og:url\" content=\"https:\/\/mail.schweizer-tierschutz.ch\/fr\/protection-des-animaux\/dons\/legs\/\" \/>\n<meta property=\"og:site_name\" content=\"Protection Suisse des Animaux PSA\" \/>\n<meta property=\"article:publisher\" content=\"https:\/\/www.facebook.com\/schweizertierschutz\/\" \/>\n<meta property=\"article:modified_time\" content=\"2024-04-23T11:36:39+00:00\" \/>\n<meta property=\"og:image\" content=\"https:\/\/tierschutz.com\/app\/uploads\/2023\/06\/sts-katze-aus-internet.jpg\" \/>\n<meta name=\"twitter:card\" content=\"summary_large_image\" \/>\n<meta name=\"twitter:label1\" content=\"Dur\u00e9e de lecture estim\u00e9e\" \/>\n\t<meta name=\"twitter:data1\" content=\"3 minutes\" \/>\n<script type=\"application\/ld+json\" class=\"yoast-schema-graph\">{\"@context\":\"https:\\\/\\\/schema.org\",\"@graph\":[{\"@type\":\"WebPage\",\"@id\":\"https:\\\/\\\/mail.schweizer-tierschutz.ch\\\/fr\\\/protection-des-animaux\\\/dons\\\/legs\\\/\",\"url\":\"https:\\\/\\\/mail.schweizer-tierschutz.ch\\\/fr\\\/protection-des-animaux\\\/dons\\\/legs\\\/\",\"name\":\"Legs - Protection Suisse des Animaux PSA\",\"isPartOf\":{\"@id\":\"https:\\\/\\\/mail.protection-animaux-psa.ch\\\/fr\\\/#website\"},\"primaryImageOfPage\":{\"@id\":\"https:\\\/\\\/mail.schweizer-tierschutz.ch\\\/fr\\\/protection-des-animaux\\\/dons\\\/legs\\\/#primaryimage\"},\"image\":{\"@id\":\"https:\\\/\\\/mail.schweizer-tierschutz.ch\\\/fr\\\/protection-des-animaux\\\/dons\\\/legs\\\/#primaryimage\"},\"thumbnailUrl\":\"https:\\\/\\\/tierschutz.com\\\/app\\\/uploads\\\/2023\\\/06\\\/sts-katze-aus-internet.jpg\",\"datePublished\":\"2023-05-04T13:14:26+00:00\",\"dateModified\":\"2024-04-23T11:36:39+00:00\",\"breadcrumb\":{\"@id\":\"https:\\\/\\\/mail.schweizer-tierschutz.ch\\\/fr\\\/protection-des-animaux\\\/dons\\\/legs\\\/#breadcrumb\"},\"inLanguage\":\"fr-FR\",\"potentialAction\":[{\"@type\":\"ReadAction\",\"target\":[\"https:\\\/\\\/mail.schweizer-tierschutz.ch\\\/fr\\\/protection-des-animaux\\\/dons\\\/legs\\\/\"]}]},{\"@type\":\"ImageObject\",\"inLanguage\":\"fr-FR\",\"@id\":\"https:\\\/\\\/mail.schweizer-tierschutz.ch\\\/fr\\\/protection-des-animaux\\\/dons\\\/legs\\\/#primaryimage\",\"url\":\"https:\\\/\\\/tierschutz.com\\\/app\\\/uploads\\\/2023\\\/06\\\/sts-katze-aus-internet.jpg\",\"contentUrl\":\"https:\\\/\\\/tierschutz.com\\\/app\\\/uploads\\\/2023\\\/06\\\/sts-katze-aus-internet.jpg\"},{\"@type\":\"BreadcrumbList\",\"@id\":\"https:\\\/\\\/mail.schweizer-tierschutz.ch\\\/fr\\\/protection-des-animaux\\\/dons\\\/legs\\\/#breadcrumb\",\"itemListElement\":[{\"@type\":\"ListItem\",\"position\":1,\"name\":\"Page d\u2019accueil\",\"item\":\"https:\\\/\\\/mail.protection-animaux-psa.ch\\\/fr\\\/\"},{\"@type\":\"ListItem\",\"position\":2,\"name\":\"Protection des animaux\u00a0\",\"item\":\"https:\\\/\\\/tierschutz.com\\\/fr\\\/protection-des-animaux\\\/\"},{\"@type\":\"ListItem\",\"position\":3,\"name\":\"Dons\",\"item\":\"https:\\\/\\\/mail.swiss-animal-protection.ch\\\/fr\\\/protection-des-animaux\\\/dons\\\/\"},{\"@type\":\"ListItem\",\"position\":4,\"name\":\"Legs\"}]},{\"@type\":\"WebSite\",\"@id\":\"https:\\\/\\\/mail.protection-animaux-psa.ch\\\/fr\\\/#website\",\"url\":\"https:\\\/\\\/mail.protection-animaux-psa.ch\\\/fr\\\/\",\"name\":\"tierschutz.com\",\"description\":\"Wir setzen uns f\u00fcr das Wohl der Tiere ein.\",\"publisher\":{\"@id\":\"https:\\\/\\\/mail.protection-animaux-psa.ch\\\/fr\\\/#organization\"},\"alternateName\":\"Schweizer Tierschutz STS\",\"potentialAction\":[{\"@type\":\"SearchAction\",\"target\":{\"@type\":\"EntryPoint\",\"urlTemplate\":\"https:\\\/\\\/mail.protection-animaux-psa.ch\\\/fr\\\/?s={search_term_string}\"},\"query-input\":{\"@type\":\"PropertyValueSpecification\",\"valueRequired\":true,\"valueName\":\"search_term_string\"}}],\"inLanguage\":\"fr-FR\"},{\"@type\":\"Organization\",\"@id\":\"https:\\\/\\\/mail.protection-animaux-psa.ch\\\/fr\\\/#organization\",\"name\":\"Schweizer Tierschutz STS\",\"alternateName\":\"STS\",\"url\":\"https:\\\/\\\/mail.protection-animaux-psa.ch\\\/fr\\\/\",\"logo\":{\"@type\":\"ImageObject\",\"inLanguage\":\"fr-FR\",\"@id\":\"https:\\\/\\\/mail.protection-animaux-psa.ch\\\/fr\\\/#\\\/schema\\\/logo\\\/image\\\/\",\"url\":\"https:\\\/\\\/mail.schweizer-tierschutz.ch\\\/app\\\/uploads\\\/2024\\\/04\\\/logo-schweizer-tierschutz-sts-1.svg\",\"contentUrl\":\"https:\\\/\\\/mail.schweizer-tierschutz.ch\\\/app\\\/uploads\\\/2024\\\/04\\\/logo-schweizer-tierschutz-sts-1.svg\",\"caption\":\"Schweizer Tierschutz STS\"},\"image\":{\"@id\":\"https:\\\/\\\/mail.protection-animaux-psa.ch\\\/fr\\\/#\\\/schema\\\/logo\\\/image\\\/\"},\"sameAs\":[\"https:\\\/\\\/www.facebook.com\\\/schweizertierschutz\\\/\",\"https:\\\/\\\/www.instagram.com\\\/schweizertierschutzsts\\\/\",\"https:\\\/\\\/www.youtube.com\\\/@STS_Tierschutz\",\"https:\\\/\\\/www.linkedin.com\\\/company\\\/schweizertierschutzsts\\\/\"],\"description\":\"Der Schweizer Tierschutz STS ist der Dachverband von 71 Tierschutzorganisationen in allen Sprachregionen der Schweiz und in Liechtenstein. Seine Mitarbeitenden leisten wissenschaftlich fundierte Grundlagenarbeit, setzen sich mit Projekten und Aktionen f\u00fcr den Schutz und das Wohlbefinden von Heim-, Wild-, Nutz- und Versuchstieren ein und sensibilisieren die \u00d6ffentlichkeit f\u00fcr Tierschutzthemen.\",\"email\":\"sts@tierschutz.com\",\"telephone\":\"061 365 99 99\",\"legalName\":\"Schweizer Tierschutz STS\"}]}<\/script>\n<!-- \/ Yoast SEO Premium plugin. -->","yoast_head_json":{"title":"Legs - Protection Suisse des Animaux PSA","robots":{"index":"index","follow":"follow","max-snippet":"max-snippet:-1","max-image-preview":"max-image-preview:large","max-video-preview":"max-video-preview:-1"},"canonical":"https:\/\/mail.schweizer-tierschutz.ch\/fr\/protection-des-animaux\/dons\/legs\/","og_locale":"fr_FR","og_type":"article","og_title":"Legs","og_description":"Le testament Votre aide Conseil Commander le guide &nbsp;&nbsp;Don testamentaire pour la protection des animaux&nbsp;&nbsp; L\u2019amour des animaux peut \u00eatre [&hellip;]","og_url":"https:\/\/mail.schweizer-tierschutz.ch\/fr\/protection-des-animaux\/dons\/legs\/","og_site_name":"Protection Suisse des Animaux PSA","article_publisher":"https:\/\/www.facebook.com\/schweizertierschutz\/","article_modified_time":"2024-04-23T11:36:39+00:00","og_image":[{"url":"https:\/\/tierschutz.com\/app\/uploads\/2023\/06\/sts-katze-aus-internet.jpg","type":"","width":"","height":""}],"twitter_card":"summary_large_image","twitter_misc":{"Dur\u00e9e de lecture estim\u00e9e":"3 minutes"},"schema":{"@context":"https:\/\/schema.org","@graph":[{"@type":"WebPage","@id":"https:\/\/mail.schweizer-tierschutz.ch\/fr\/protection-des-animaux\/dons\/legs\/","url":"https:\/\/mail.schweizer-tierschutz.ch\/fr\/protection-des-animaux\/dons\/legs\/","name":"Legs - Protection Suisse des Animaux PSA","isPartOf":{"@id":"https:\/\/mail.protection-animaux-psa.ch\/fr\/#website"},"primaryImageOfPage":{"@id":"https:\/\/mail.schweizer-tierschutz.ch\/fr\/protection-des-animaux\/dons\/legs\/#primaryimage"},"image":{"@id":"https:\/\/mail.schweizer-tierschutz.ch\/fr\/protection-des-animaux\/dons\/legs\/#primaryimage"},"thumbnailUrl":"https:\/\/tierschutz.com\/app\/uploads\/2023\/06\/sts-katze-aus-internet.jpg","datePublished":"2023-05-04T13:14:26+00:00","dateModified":"2024-04-23T11:36:39+00:00","breadcrumb":{"@id":"https:\/\/mail.schweizer-tierschutz.ch\/fr\/protection-des-animaux\/dons\/legs\/#breadcrumb"},"inLanguage":"fr-FR","potentialAction":[{"@type":"ReadAction","target":["https:\/\/mail.schweizer-tierschutz.ch\/fr\/protection-des-animaux\/dons\/legs\/"]}]},{"@type":"ImageObject","inLanguage":"fr-FR","@id":"https:\/\/mail.schweizer-tierschutz.ch\/fr\/protection-des-animaux\/dons\/legs\/#primaryimage","url":"https:\/\/tierschutz.com\/app\/uploads\/2023\/06\/sts-katze-aus-internet.jpg","contentUrl":"https:\/\/tierschutz.com\/app\/uploads\/2023\/06\/sts-katze-aus-internet.jpg"},{"@type":"BreadcrumbList","@id":"https:\/\/mail.schweizer-tierschutz.ch\/fr\/protection-des-animaux\/dons\/legs\/#breadcrumb","itemListElement":[{"@type":"ListItem","position":1,"name":"Page d\u2019accueil","item":"https:\/\/mail.protection-animaux-psa.ch\/fr\/"},{"@type":"ListItem","position":2,"name":"Protection des animaux\u00a0","item":"https:\/\/tierschutz.com\/fr\/protection-des-animaux\/"},{"@type":"ListItem","position":3,"name":"Dons","item":"https:\/\/mail.swiss-animal-protection.ch\/fr\/protection-des-animaux\/dons\/"},{"@type":"ListItem","position":4,"name":"Legs"}]},{"@type":"WebSite","@id":"https:\/\/mail.protection-animaux-psa.ch\/fr\/#website","url":"https:\/\/mail.protection-animaux-psa.ch\/fr\/","name":"tierschutz.com","description":"Wir setzen uns f\u00fcr das Wohl der Tiere ein.","publisher":{"@id":"https:\/\/mail.protection-animaux-psa.ch\/fr\/#organization"},"alternateName":"Schweizer Tierschutz STS","potentialAction":[{"@type":"SearchAction","target":{"@type":"EntryPoint","urlTemplate":"https:\/\/mail.protection-animaux-psa.ch\/fr\/?s={search_term_string}"},"query-input":{"@type":"PropertyValueSpecification","valueRequired":true,"valueName":"search_term_string"}}],"inLanguage":"fr-FR"},{"@type":"Organization","@id":"https:\/\/mail.protection-animaux-psa.ch\/fr\/#organization","name":"Schweizer Tierschutz STS","alternateName":"STS","url":"https:\/\/mail.protection-animaux-psa.ch\/fr\/","logo":{"@type":"ImageObject","inLanguage":"fr-FR","@id":"https:\/\/mail.protection-animaux-psa.ch\/fr\/#\/schema\/logo\/image\/","url":"https:\/\/mail.schweizer-tierschutz.ch\/app\/uploads\/2024\/04\/logo-schweizer-tierschutz-sts-1.svg","contentUrl":"https:\/\/mail.schweizer-tierschutz.ch\/app\/uploads\/2024\/04\/logo-schweizer-tierschutz-sts-1.svg","caption":"Schweizer Tierschutz STS"},"image":{"@id":"https:\/\/mail.protection-animaux-psa.ch\/fr\/#\/schema\/logo\/image\/"},"sameAs":["https:\/\/www.facebook.com\/schweizertierschutz\/","https:\/\/www.instagram.com\/schweizertierschutzsts\/","https:\/\/www.youtube.com\/@STS_Tierschutz","https:\/\/www.linkedin.com\/company\/schweizertierschutzsts\/"],"description":"Der Schweizer Tierschutz STS ist der Dachverband von 71 Tierschutzorganisationen in allen Sprachregionen der Schweiz und in Liechtenstein. Seine Mitarbeitenden leisten wissenschaftlich fundierte Grundlagenarbeit, setzen sich mit Projekten und Aktionen f\u00fcr den Schutz und das Wohlbefinden von Heim-, Wild-, Nutz- und Versuchstieren ein und sensibilisieren die \u00d6ffentlichkeit f\u00fcr Tierschutzthemen.","email":"sts@tierschutz.com","telephone":"061 365 99 99","legalName":"Schweizer Tierschutz STS"}]}},"_links":{"self":[{"href":"https:\/\/mail.schweizer-tierschutz.ch\/fr\/wp-json\/wp\/v2\/pages\/6372","targetHints":{"allow":["GET"]}}],"collection":[{"href":"https:\/\/mail.schweizer-tierschutz.ch\/fr\/wp-json\/wp\/v2\/pages"}],"about":[{"href":"https:\/\/mail.schweizer-tierschutz.ch\/fr\/wp-json\/wp\/v2\/types\/page"}],"author":[{"embeddable":true,"href":"https:\/\/mail.schweizer-tierschutz.ch\/fr\/wp-json\/wp\/v2\/users\/5"}],"replies":[{"embeddable":true,"href":"https:\/\/mail.schweizer-tierschutz.ch\/fr\/wp-json\/wp\/v2\/comments?post=6372"}],"version-history":[{"count":8,"href":"https:\/\/mail.schweizer-tierschutz.ch\/fr\/wp-json\/wp\/v2\/pages\/6372\/revisions"}],"predecessor-version":[{"id":19648,"href":"https:\/\/mail.schweizer-tierschutz.ch\/fr\/wp-json\/wp\/v2\/pages\/6372\/revisions\/19648"}],"up":[{"embeddable":true,"href":"https:\/\/mail.schweizer-tierschutz.ch\/fr\/wp-json\/wp\/v2\/pages\/4296"}],"wp:attachment":[{"href":"https:\/\/mail.schweizer-tierschutz.ch\/fr\/wp-json\/wp\/v2\/media?parent=6372"}],"curies":[{"name":"wp","href":"https:\/\/api.w.org\/{rel}","templated":true}]}}