{"id":7398,"date":"2023-05-04T15:56:31","date_gmt":"2023-05-04T13:56:31","guid":{"rendered":"https:\/\/tierschutz.com\/?page_id=7398"},"modified":"2023-06-30T13:55:58","modified_gmt":"2023-06-30T11:55:58","slug":"sts-video","status":"publish","type":"page","link":"https:\/\/mail.schweizer-tierschutz.ch\/fr\/multimedia-psa\/formats\/sts-video\/","title":{"rendered":"STS-Video"},"content":{"rendered":"\n<div class=\"wp-block-cover alignfull\"><span aria-hidden=\"true\" class=\"wp-block-cover__background has-background-dim-40 has-background-dim\"><\/span><img loading=\"lazy\" decoding=\"async\" width=\"2560\" height=\"1707\" class=\"wp-block-cover__image-background wp-image-7387\" alt=\"\" src=\"https:\/\/tierschutz.com\/app\/uploads\/2023\/06\/madeline-bowen-O3L9n7_QI70-unsplash-scaled.jpg\" style=\"object-position:51% 15%\" data-object-fit=\"cover\" data-object-position=\"51% 15%\" srcset=\"https:\/\/mail.schweizer-tierschutz.ch\/app\/uploads\/2023\/06\/madeline-bowen-O3L9n7_QI70-unsplash-scaled.jpg 2560w, https:\/\/mail.schweizer-tierschutz.ch\/app\/uploads\/2023\/06\/madeline-bowen-O3L9n7_QI70-unsplash-300x200.jpg 300w, https:\/\/mail.schweizer-tierschutz.ch\/app\/uploads\/2023\/06\/madeline-bowen-O3L9n7_QI70-unsplash-1024x683.jpg 1024w, https:\/\/mail.schweizer-tierschutz.ch\/app\/uploads\/2023\/06\/madeline-bowen-O3L9n7_QI70-unsplash-768x512.jpg 768w, https:\/\/mail.schweizer-tierschutz.ch\/app\/uploads\/2023\/06\/madeline-bowen-O3L9n7_QI70-unsplash-1536x1024.jpg 1536w, https:\/\/mail.schweizer-tierschutz.ch\/app\/uploads\/2023\/06\/madeline-bowen-O3L9n7_QI70-unsplash-2048x1365.jpg 2048w\" sizes=\"auto, (max-width: 2560px) 100vw, 2560px\" \/><div class=\"wp-block-cover__inner-container is-layout-flow wp-block-cover-is-layout-flow\">\n<h2 class=\"wp-block-heading has-text-align-center has-background-color has-text-color\">STS-Video<\/h2>\n<\/div><\/div>\n\n\n\n<div class=\"wp-block-group alignfull anchor-bar has-lightgray-background-color has-background is-layout-constrained wp-block-group-is-layout-constrained\">\n<div class=\"wp-block-group is-content-justification-center is-layout-flex wp-container-core-group-is-layout-b02886af wp-block-group-is-layout-flex\">\n<p class=\"has-large-font-size\"><strong><a href=\"#TPAnker\">toudou.ch<\/a><\/strong><\/p>\n<\/div>\n<\/div>\n\n\n\n<div class=\"wp-block-group alignfull has-background-background-color has-background is-layout-constrained wp-block-group-is-layout-constrained\" id=\"derhund\"><div class=\"yoast-breadcrumbs\"><span><span><a href=\"https:\/\/tierschutz.com\/fr\/\">Page d\u2019accueil<\/a><\/span> \u00bb <span><a href=\"https:\/\/mail.schweizer-tierschutz-sts.ch\/fr\/multimedia-psa\/\">Multim\u00e9dia PSA<\/a><\/span> \u00bb <span><a href=\"https:\/\/mail.schweizer-tierschutz.ch\/fr\/multimedia-psa\/formats\/\">Formats<\/a><\/span> \u00bb <span class=\"breadcrumb_last\" aria-current=\"page\">STS-Video<\/span><\/span><\/div>\n\n\n<h1 class=\"wp-block-heading has-text-align-center\" id=\"TPAnker\"><strong>toudou.ch &#8211; la protection des animaux au concret<\/strong><\/h1>\n\n\n\n<hr class=\"wp-block-separator has-text-color has-primary-color has-alpha-channel-opacity has-primary-background-color has-background\"\/>\n\n\n\n<p class=\"has-text-align-center\">Dans l&#8217;\u00e9mission t\u00e9l\u00e9vis\u00e9e tierreport.ch, vous ferez la connaissance d&#8217;animaux \u00e0 placer et vous pourrez jeter un coup d&#8217;\u0153il dans les coulisses des refuges et des centres d&#8217;accueil des sections de la PSA.<\/p>\n\n\n\n<div class=\"wp-block-group is-content-justification-center is-nowrap is-layout-flex wp-container-core-group-is-layout-23441af8 wp-block-group-is-layout-flex\">\n<div class=\"wp-block-buttons is-layout-flex wp-block-buttons-is-layout-flex\">\n<div class=\"wp-block-button\"><a class=\"wp-block-button__link wp-element-button\" href=\"http:\/\/www.toudou.ch\/\">Vers toudou.ch<\/a><\/div>\n<\/div>\n<\/div>\n<\/div>\n","protected":false},"excerpt":{"rendered":"<p>toudou.ch toudou.ch &#8211; la protection des animaux au concret Dans l&#8217;\u00e9mission t\u00e9l\u00e9vis\u00e9e tierreport.ch, vous ferez la connaissance d&#8217;animaux \u00e0 placer [&hellip;]<\/p>\n","protected":false},"author":3,"featured_media":0,"parent":5037,"menu_order":187,"comment_status":"closed","ping_status":"closed","template":"","meta":{"_acf_changed":false,"inline_featured_image":false,"_vp_format_video_url":"","_vp_image_focal_point":[],"footnotes":""},"class_list":["post-7398","page","type-page","status-publish","hentry"],"acf":[],"yoast_head":"<!-- This site is optimized with the Yoast SEO Premium plugin v27.4 (Yoast SEO v27.4) - https:\/\/yoast.com\/product\/yoast-seo-premium-wordpress\/ -->\n<title>STS-Video - Protection Suisse des Animaux PSA<\/title>\n<meta name=\"robots\" content=\"index, follow, max-snippet:-1, max-image-preview:large, max-video-preview:-1\" \/>\n<link rel=\"canonical\" href=\"https:\/\/mail.schweizer-tierschutz.ch\/fr\/multimedia-psa\/formats\/sts-video\/\" \/>\n<meta property=\"og:locale\" content=\"fr_FR\" \/>\n<meta property=\"og:type\" content=\"article\" \/>\n<meta property=\"og:title\" content=\"STS-Video\" \/>\n<meta property=\"og:description\" content=\"toudou.ch toudou.ch &#8211; la protection des animaux au concret Dans l&#8217;\u00e9mission t\u00e9l\u00e9vis\u00e9e tierreport.ch, vous ferez la connaissance d&#8217;animaux \u00e0 placer [&hellip;]\" \/>\n<meta property=\"og:url\" content=\"https:\/\/mail.schweizer-tierschutz.ch\/fr\/multimedia-psa\/formats\/sts-video\/\" \/>\n<meta property=\"og:site_name\" content=\"Protection Suisse des Animaux PSA\" \/>\n<meta property=\"article:publisher\" content=\"https:\/\/www.facebook.com\/schweizertierschutz\/\" \/>\n<meta property=\"article:modified_time\" content=\"2023-06-30T11:55:58+00:00\" \/>\n<meta property=\"og:image\" content=\"https:\/\/tierschutz.com\/app\/uploads\/2023\/06\/madeline-bowen-O3L9n7_QI70-unsplash-scaled.jpg\" \/>\n<meta name=\"twitter:card\" content=\"summary_large_image\" \/>\n<script type=\"application\/ld+json\" class=\"yoast-schema-graph\">{\"@context\":\"https:\\\/\\\/schema.org\",\"@graph\":[{\"@type\":\"WebPage\",\"@id\":\"https:\\\/\\\/mail.schweizer-tierschutz.ch\\\/fr\\\/multimedia-psa\\\/formats\\\/sts-video\\\/\",\"url\":\"https:\\\/\\\/mail.schweizer-tierschutz.ch\\\/fr\\\/multimedia-psa\\\/formats\\\/sts-video\\\/\",\"name\":\"STS-Video - Protection Suisse des Animaux PSA\",\"isPartOf\":{\"@id\":\"https:\\\/\\\/tierschutz.com\\\/fr\\\/#website\"},\"primaryImageOfPage\":{\"@id\":\"https:\\\/\\\/mail.schweizer-tierschutz.ch\\\/fr\\\/multimedia-psa\\\/formats\\\/sts-video\\\/#primaryimage\"},\"image\":{\"@id\":\"https:\\\/\\\/mail.schweizer-tierschutz.ch\\\/fr\\\/multimedia-psa\\\/formats\\\/sts-video\\\/#primaryimage\"},\"thumbnailUrl\":\"https:\\\/\\\/tierschutz.com\\\/app\\\/uploads\\\/2023\\\/06\\\/madeline-bowen-O3L9n7_QI70-unsplash-scaled.jpg\",\"datePublished\":\"2023-05-04T13:56:31+00:00\",\"dateModified\":\"2023-06-30T11:55:58+00:00\",\"breadcrumb\":{\"@id\":\"https:\\\/\\\/mail.schweizer-tierschutz.ch\\\/fr\\\/multimedia-psa\\\/formats\\\/sts-video\\\/#breadcrumb\"},\"inLanguage\":\"fr-FR\",\"potentialAction\":[{\"@type\":\"ReadAction\",\"target\":[\"https:\\\/\\\/mail.schweizer-tierschutz.ch\\\/fr\\\/multimedia-psa\\\/formats\\\/sts-video\\\/\"]}]},{\"@type\":\"ImageObject\",\"inLanguage\":\"fr-FR\",\"@id\":\"https:\\\/\\\/mail.schweizer-tierschutz.ch\\\/fr\\\/multimedia-psa\\\/formats\\\/sts-video\\\/#primaryimage\",\"url\":\"https:\\\/\\\/tierschutz.com\\\/app\\\/uploads\\\/2023\\\/06\\\/madeline-bowen-O3L9n7_QI70-unsplash-scaled.jpg\",\"contentUrl\":\"https:\\\/\\\/tierschutz.com\\\/app\\\/uploads\\\/2023\\\/06\\\/madeline-bowen-O3L9n7_QI70-unsplash-scaled.jpg\"},{\"@type\":\"BreadcrumbList\",\"@id\":\"https:\\\/\\\/mail.schweizer-tierschutz.ch\\\/fr\\\/multimedia-psa\\\/formats\\\/sts-video\\\/#breadcrumb\",\"itemListElement\":[{\"@type\":\"ListItem\",\"position\":1,\"name\":\"Page d\u2019accueil\",\"item\":\"https:\\\/\\\/tierschutz.com\\\/fr\\\/\"},{\"@type\":\"ListItem\",\"position\":2,\"name\":\"Multim\u00e9dia PSA\",\"item\":\"https:\\\/\\\/mail.schweizer-tierschutz-sts.ch\\\/fr\\\/multimedia-psa\\\/\"},{\"@type\":\"ListItem\",\"position\":3,\"name\":\"Formats\",\"item\":\"https:\\\/\\\/mail.schweizer-tierschutz.ch\\\/fr\\\/multimedia-psa\\\/formats\\\/\"},{\"@type\":\"ListItem\",\"position\":4,\"name\":\"STS-Video\"}]},{\"@type\":\"WebSite\",\"@id\":\"https:\\\/\\\/tierschutz.com\\\/fr\\\/#website\",\"url\":\"https:\\\/\\\/tierschutz.com\\\/fr\\\/\",\"name\":\"tierschutz.com\",\"description\":\"Wir setzen uns f\u00fcr das Wohl der Tiere ein.\",\"publisher\":{\"@id\":\"https:\\\/\\\/tierschutz.com\\\/fr\\\/#organization\"},\"alternateName\":\"Schweizer Tierschutz STS\",\"potentialAction\":[{\"@type\":\"SearchAction\",\"target\":{\"@type\":\"EntryPoint\",\"urlTemplate\":\"https:\\\/\\\/tierschutz.com\\\/fr\\\/?s={search_term_string}\"},\"query-input\":{\"@type\":\"PropertyValueSpecification\",\"valueRequired\":true,\"valueName\":\"search_term_string\"}}],\"inLanguage\":\"fr-FR\"},{\"@type\":\"Organization\",\"@id\":\"https:\\\/\\\/tierschutz.com\\\/fr\\\/#organization\",\"name\":\"Schweizer Tierschutz STS\",\"alternateName\":\"STS\",\"url\":\"https:\\\/\\\/tierschutz.com\\\/fr\\\/\",\"logo\":{\"@type\":\"ImageObject\",\"inLanguage\":\"fr-FR\",\"@id\":\"https:\\\/\\\/tierschutz.com\\\/fr\\\/#\\\/schema\\\/logo\\\/image\\\/\",\"url\":\"https:\\\/\\\/mail.schweizer-tierschutz.ch\\\/app\\\/uploads\\\/2024\\\/04\\\/logo-schweizer-tierschutz-sts-1.svg\",\"contentUrl\":\"https:\\\/\\\/mail.schweizer-tierschutz.ch\\\/app\\\/uploads\\\/2024\\\/04\\\/logo-schweizer-tierschutz-sts-1.svg\",\"caption\":\"Schweizer Tierschutz STS\"},\"image\":{\"@id\":\"https:\\\/\\\/tierschutz.com\\\/fr\\\/#\\\/schema\\\/logo\\\/image\\\/\"},\"sameAs\":[\"https:\\\/\\\/www.facebook.com\\\/schweizertierschutz\\\/\",\"https:\\\/\\\/www.instagram.com\\\/schweizertierschutzsts\\\/\",\"https:\\\/\\\/www.youtube.com\\\/@STS_Tierschutz\",\"https:\\\/\\\/www.linkedin.com\\\/company\\\/schweizertierschutzsts\\\/\"],\"description\":\"Der Schweizer Tierschutz STS ist der Dachverband von 71 Tierschutzorganisationen in allen Sprachregionen der Schweiz und in Liechtenstein. Seine Mitarbeitenden leisten wissenschaftlich fundierte Grundlagenarbeit, setzen sich mit Projekten und Aktionen f\u00fcr den Schutz und das Wohlbefinden von Heim-, Wild-, Nutz- und Versuchstieren ein und sensibilisieren die \u00d6ffentlichkeit f\u00fcr Tierschutzthemen.\",\"email\":\"sts@tierschutz.com\",\"telephone\":\"061 365 99 99\",\"legalName\":\"Schweizer Tierschutz STS\"}]}<\/script>\n<!-- \/ Yoast SEO Premium plugin. -->","yoast_head_json":{"title":"STS-Video - Protection Suisse des Animaux PSA","robots":{"index":"index","follow":"follow","max-snippet":"max-snippet:-1","max-image-preview":"max-image-preview:large","max-video-preview":"max-video-preview:-1"},"canonical":"https:\/\/mail.schweizer-tierschutz.ch\/fr\/multimedia-psa\/formats\/sts-video\/","og_locale":"fr_FR","og_type":"article","og_title":"STS-Video","og_description":"toudou.ch toudou.ch &#8211; la protection des animaux au concret Dans l&#8217;\u00e9mission t\u00e9l\u00e9vis\u00e9e tierreport.ch, vous ferez la connaissance d&#8217;animaux \u00e0 placer [&hellip;]","og_url":"https:\/\/mail.schweizer-tierschutz.ch\/fr\/multimedia-psa\/formats\/sts-video\/","og_site_name":"Protection Suisse des Animaux PSA","article_publisher":"https:\/\/www.facebook.com\/schweizertierschutz\/","article_modified_time":"2023-06-30T11:55:58+00:00","og_image":[{"url":"https:\/\/tierschutz.com\/app\/uploads\/2023\/06\/madeline-bowen-O3L9n7_QI70-unsplash-scaled.jpg","type":"","width":"","height":""}],"twitter_card":"summary_large_image","schema":{"@context":"https:\/\/schema.org","@graph":[{"@type":"WebPage","@id":"https:\/\/mail.schweizer-tierschutz.ch\/fr\/multimedia-psa\/formats\/sts-video\/","url":"https:\/\/mail.schweizer-tierschutz.ch\/fr\/multimedia-psa\/formats\/sts-video\/","name":"STS-Video - Protection Suisse des Animaux PSA","isPartOf":{"@id":"https:\/\/tierschutz.com\/fr\/#website"},"primaryImageOfPage":{"@id":"https:\/\/mail.schweizer-tierschutz.ch\/fr\/multimedia-psa\/formats\/sts-video\/#primaryimage"},"image":{"@id":"https:\/\/mail.schweizer-tierschutz.ch\/fr\/multimedia-psa\/formats\/sts-video\/#primaryimage"},"thumbnailUrl":"https:\/\/tierschutz.com\/app\/uploads\/2023\/06\/madeline-bowen-O3L9n7_QI70-unsplash-scaled.jpg","datePublished":"2023-05-04T13:56:31+00:00","dateModified":"2023-06-30T11:55:58+00:00","breadcrumb":{"@id":"https:\/\/mail.schweizer-tierschutz.ch\/fr\/multimedia-psa\/formats\/sts-video\/#breadcrumb"},"inLanguage":"fr-FR","potentialAction":[{"@type":"ReadAction","target":["https:\/\/mail.schweizer-tierschutz.ch\/fr\/multimedia-psa\/formats\/sts-video\/"]}]},{"@type":"ImageObject","inLanguage":"fr-FR","@id":"https:\/\/mail.schweizer-tierschutz.ch\/fr\/multimedia-psa\/formats\/sts-video\/#primaryimage","url":"https:\/\/tierschutz.com\/app\/uploads\/2023\/06\/madeline-bowen-O3L9n7_QI70-unsplash-scaled.jpg","contentUrl":"https:\/\/tierschutz.com\/app\/uploads\/2023\/06\/madeline-bowen-O3L9n7_QI70-unsplash-scaled.jpg"},{"@type":"BreadcrumbList","@id":"https:\/\/mail.schweizer-tierschutz.ch\/fr\/multimedia-psa\/formats\/sts-video\/#breadcrumb","itemListElement":[{"@type":"ListItem","position":1,"name":"Page d\u2019accueil","item":"https:\/\/tierschutz.com\/fr\/"},{"@type":"ListItem","position":2,"name":"Multim\u00e9dia PSA","item":"https:\/\/mail.schweizer-tierschutz-sts.ch\/fr\/multimedia-psa\/"},{"@type":"ListItem","position":3,"name":"Formats","item":"https:\/\/mail.schweizer-tierschutz.ch\/fr\/multimedia-psa\/formats\/"},{"@type":"ListItem","position":4,"name":"STS-Video"}]},{"@type":"WebSite","@id":"https:\/\/tierschutz.com\/fr\/#website","url":"https:\/\/tierschutz.com\/fr\/","name":"tierschutz.com","description":"Wir setzen uns f\u00fcr das Wohl der Tiere ein.","publisher":{"@id":"https:\/\/tierschutz.com\/fr\/#organization"},"alternateName":"Schweizer Tierschutz STS","potentialAction":[{"@type":"SearchAction","target":{"@type":"EntryPoint","urlTemplate":"https:\/\/tierschutz.com\/fr\/?s={search_term_string}"},"query-input":{"@type":"PropertyValueSpecification","valueRequired":true,"valueName":"search_term_string"}}],"inLanguage":"fr-FR"},{"@type":"Organization","@id":"https:\/\/tierschutz.com\/fr\/#organization","name":"Schweizer Tierschutz STS","alternateName":"STS","url":"https:\/\/tierschutz.com\/fr\/","logo":{"@type":"ImageObject","inLanguage":"fr-FR","@id":"https:\/\/tierschutz.com\/fr\/#\/schema\/logo\/image\/","url":"https:\/\/mail.schweizer-tierschutz.ch\/app\/uploads\/2024\/04\/logo-schweizer-tierschutz-sts-1.svg","contentUrl":"https:\/\/mail.schweizer-tierschutz.ch\/app\/uploads\/2024\/04\/logo-schweizer-tierschutz-sts-1.svg","caption":"Schweizer Tierschutz STS"},"image":{"@id":"https:\/\/tierschutz.com\/fr\/#\/schema\/logo\/image\/"},"sameAs":["https:\/\/www.facebook.com\/schweizertierschutz\/","https:\/\/www.instagram.com\/schweizertierschutzsts\/","https:\/\/www.youtube.com\/@STS_Tierschutz","https:\/\/www.linkedin.com\/company\/schweizertierschutzsts\/"],"description":"Der Schweizer Tierschutz STS ist der Dachverband von 71 Tierschutzorganisationen in allen Sprachregionen der Schweiz und in Liechtenstein. Seine Mitarbeitenden leisten wissenschaftlich fundierte Grundlagenarbeit, setzen sich mit Projekten und Aktionen f\u00fcr den Schutz und das Wohlbefinden von Heim-, Wild-, Nutz- und Versuchstieren ein und sensibilisieren die \u00d6ffentlichkeit f\u00fcr Tierschutzthemen.","email":"sts@tierschutz.com","telephone":"061 365 99 99","legalName":"Schweizer Tierschutz STS"}]}},"_links":{"self":[{"href":"https:\/\/mail.schweizer-tierschutz.ch\/fr\/wp-json\/wp\/v2\/pages\/7398","targetHints":{"allow":["GET"]}}],"collection":[{"href":"https:\/\/mail.schweizer-tierschutz.ch\/fr\/wp-json\/wp\/v2\/pages"}],"about":[{"href":"https:\/\/mail.schweizer-tierschutz.ch\/fr\/wp-json\/wp\/v2\/types\/page"}],"author":[{"embeddable":true,"href":"https:\/\/mail.schweizer-tierschutz.ch\/fr\/wp-json\/wp\/v2\/users\/3"}],"replies":[{"embeddable":true,"href":"https:\/\/mail.schweizer-tierschutz.ch\/fr\/wp-json\/wp\/v2\/comments?post=7398"}],"version-history":[{"count":2,"href":"https:\/\/mail.schweizer-tierschutz.ch\/fr\/wp-json\/wp\/v2\/pages\/7398\/revisions"}],"predecessor-version":[{"id":7439,"href":"https:\/\/mail.schweizer-tierschutz.ch\/fr\/wp-json\/wp\/v2\/pages\/7398\/revisions\/7439"}],"up":[{"embeddable":true,"href":"https:\/\/mail.schweizer-tierschutz.ch\/fr\/wp-json\/wp\/v2\/pages\/5037"}],"wp:attachment":[{"href":"https:\/\/mail.schweizer-tierschutz.ch\/fr\/wp-json\/wp\/v2\/media?parent=7398"}],"curies":[{"name":"wp","href":"https:\/\/api.w.org\/{rel}","templated":true}]}}