{"id":5513,"date":"2023-05-04T15:31:06","date_gmt":"2023-05-04T13:31:06","guid":{"rendered":"https:\/\/dev.tierschutz.com\/?page_id=5513"},"modified":"2026-04-14T09:03:33","modified_gmt":"2026-04-14T07:03:33","slug":"dipartimenti","status":"publish","type":"page","link":"https:\/\/mail.schweizer-tierschutz.ch\/it\/chi-siamo\/associazione\/dipartimenti\/","title":{"rendered":"Dipartimenti"},"content":{"rendered":"\n<div class=\"wp-block-cover alignfull\"><img loading=\"lazy\" decoding=\"async\" width=\"2560\" height=\"1681\" class=\"wp-block-cover__image-background wp-image-12077\" alt=\"Schweine die im hohen Gras stehen und von Menschen gef\u00fcttert werden. \" src=\"https:\/\/tierschutz.com\/app\/uploads\/2023\/11\/schweizer-tierschutz-sts-admin-fachstelle.jpg\" style=\"object-position:48% 32%\" data-object-fit=\"cover\" data-object-position=\"48% 32%\" srcset=\"https:\/\/mail.schweizer-tierschutz.ch\/app\/uploads\/2023\/11\/schweizer-tierschutz-sts-admin-fachstelle.jpg 2560w, https:\/\/mail.schweizer-tierschutz.ch\/app\/uploads\/2023\/11\/schweizer-tierschutz-sts-admin-fachstelle-300x197.jpg 300w, https:\/\/mail.schweizer-tierschutz.ch\/app\/uploads\/2023\/11\/schweizer-tierschutz-sts-admin-fachstelle-1024x672.jpg 1024w, https:\/\/mail.schweizer-tierschutz.ch\/app\/uploads\/2023\/11\/schweizer-tierschutz-sts-admin-fachstelle-768x504.jpg 768w, https:\/\/mail.schweizer-tierschutz.ch\/app\/uploads\/2023\/11\/schweizer-tierschutz-sts-admin-fachstelle-1536x1009.jpg 1536w, https:\/\/mail.schweizer-tierschutz.ch\/app\/uploads\/2023\/11\/schweizer-tierschutz-sts-admin-fachstelle-2048x1345.jpg 2048w\" sizes=\"auto, (max-width: 2560px) 100vw, 2560px\" \/><span aria-hidden=\"true\" class=\"wp-block-cover__background has-background-dim-20 has-background-dim\"><\/span><div class=\"wp-block-cover__inner-container is-layout-flow wp-block-cover-is-layout-flow\">\n<h2 class=\"wp-block-heading has-text-align-center has-background-color has-text-color\" id=\"h-\"><\/h2>\n<\/div><\/div>\n\n\n\n<div class=\"wp-block-group alignfull has-background-background-color has-background is-layout-constrained wp-block-group-is-layout-constrained\" id=\"fachstelle\"><div class=\"yoast-breadcrumbs\"><span><span><a href=\"https:\/\/mail.schweizertierschutz.ch\/it\/\">Pagina iniziale<\/a><\/span> \u00bb <span><a href=\"https:\/\/mail.protezione-animali-psa.ch\/it\/chi-siamo\/\">Chi siamo<\/a><\/span> \u00bb <span><a href=\"https:\/\/mail.protection-animaux-psa.ch\/it\/chi-siamo\/associazione\/\">Associazione<\/a><\/span> \u00bb <span class=\"breadcrumb_last\" aria-current=\"page\">Dipartimenti<\/span><\/span><\/div>\n\n\n<h1 class=\"wp-block-heading has-text-align-center\" id=\"h-dipartimenti\"><strong>Dipartimenti<\/strong><\/h1>\n\n\n\n<hr class=\"wp-block-separator has-text-color has-primary-color has-alpha-channel-opacity has-primary-background-color has-background\"\/>\n\n\n\n<div class=\"wp-block-group alignfull has-background-background-color has-background is-layout-constrained wp-block-group-is-layout-constrained\">\n<div class=\"wp-block-group has-3-cols is-layout-flex wp-container-core-group-is-layout-d0921e6e wp-block-group-is-layout-flex\">\n<div class=\"wp-block-group is-style-shadow-box has-background-background-color has-background is-layout-constrained wp-block-group-is-layout-constrained\">\n<h3 class=\"wp-block-heading\" id=\"h-dipartimento-animali-da-reddito\"><strong><strong>Dipartimento Animali da reddito<\/strong><\/strong><\/h3>\n\n\n\n<p>Servizio di controllo per i controlli delle etichette degli animali da reddito <\/p>\n\n\n\n<p>Nicole Disler, direzione<br><br><a href=\"http:\/\/www.kontrolldienst-sts.ch\/\" target=\"_blank\" rel=\"noreferrer noopener\"><mark style=\"background-color:rgba(0, 0, 0, 0)\" class=\"has-inline-color has-secondary-color\">www.kontrolldienst-sts.ch<\/mark><\/a>&nbsp;<\/p>\n<\/div>\n\n\n\n<div class=\"wp-block-group is-style-shadow-box has-background-background-color has-background is-layout-constrained wp-block-group-is-layout-constrained\">\n<h3 class=\"wp-block-heading\" id=\"h-ufficio-specialistico-animali-da-compagnia\"><strong><strong>Ufficio specialistico Animali da compagnia<\/strong><\/strong><\/h3>\n\n\n\n<p>Lucia Oeschger, MSc Biologia<br>Arlette Niederer, Dr. phil., zoologa<br>Med. vet. Jana In\u00e4bnit, Bsc Biologia<\/p>\n<\/div>\n\n\n\n<div class=\"wp-block-group is-style-shadow-box has-background-background-color has-background is-layout-constrained wp-block-group-is-layout-constrained\">\n<h3 class=\"wp-block-heading\" id=\"h-ufficio-specialistico-animali-selvatici\"><strong><strong><strong>Ufficio specialistico Animali selvatici<\/strong><\/strong><\/strong><\/h3>\n\n\n\n<p>Andrina Herren, ecologista della fauna selvatica MSc<\/p>\n<\/div>\n\n\n\n<div class=\"wp-block-group is-style-shadow-box has-background-background-color has-background is-layout-constrained wp-block-group-is-layout-constrained\">\n<h3 class=\"wp-block-heading\" id=\"h-ufficio-specialistico-controllo-della-protezione-degli-animali\"><strong><strong>Ufficio specialistico Controllo della protezione degli animali<\/strong><\/strong><\/h3>\n\n\n\n<p>Caroline L\u00fcthi, med. vet.<br>Hans Ulrich Fankhauser<br>Nadine Ruchti, Dr. med. vet.<\/p>\n<\/div>\n\n\n\n<div class=\"wp-block-group is-style-shadow-box has-background-background-color has-background is-layout-constrained wp-block-group-is-layout-constrained\">\n<h3 class=\"wp-block-heading\" id=\"h-servizio-consulenza-veterinaria\"><strong><strong>Servizio Consulenza veterinaria<\/strong><\/strong><\/h3>\n\n\n\n<p>Med. vet. Jana In\u00e4bnit, Bsc Biologia<\/p>\n<\/div>\n\n\n\n<div class=\"wp-block-group is-style-shadow-box has-background-background-color has-background is-layout-constrained wp-block-group-is-layout-constrained\">\n<h3 class=\"wp-block-heading\" id=\"h-ufficio-specialistico-sperimentazione-animale\"><strong><strong>Ufficio specialistico Sperimentazione animale<\/strong><\/strong><\/h3>\n\n\n\n<p> Dr. med. vet. Naomi Ana Bigler<\/p>\n<\/div>\n\n\n\n<div class=\"wp-block-group is-style-shadow-box has-background-background-color has-background is-layout-constrained wp-block-group-is-layout-constrained\">\n<h3 class=\"wp-block-heading\" id=\"h-politica\"><strong><strong>Politica<\/strong><\/strong><\/h3>\n\n\n\n<p>Philipp Ryf, responsabile <\/p>\n<\/div>\n\n\n\n<div class=\"wp-block-group is-style-shadow-box has-background-background-color has-background is-layout-constrained wp-block-group-is-layout-constrained\">\n<h3 class=\"wp-block-heading\" id=\"h-gioventu-e-protezione-degli-animali-krax\"><strong><strong>Giovent\u00f9 e protezione degli animali Krax<\/strong><\/strong><\/h3>\n\n\n\n<p>Doris Gr\u00fcnig, responsabile Krax<br>Beatrice Gaehwiler, Krax Romandia<br>Daphne Jelmini, Krax della Svizzera italiana<\/p>\n\n\n\n<p><a href=\"http:\/\/www.krax.ch\"><mark style=\"background-color:rgba(0, 0, 0, 0)\" class=\"has-inline-color has-secondary-color\">www.krax.ch<\/mark><\/a><\/p>\n<\/div>\n\n\n\n<div class=\"wp-block-group is-style-shadow-box has-background-background-color has-background is-layout-constrained wp-block-group-is-layout-constrained\">\n<h3 class=\"wp-block-heading\" id=\"h-racolta-fondi\"><strong><strong>Racolta Fondi<\/strong><\/strong><\/h3>\n\n\n\n<p>Marina Walti, responsabile della raccolta fondi<br>Stephanie Reinau, responsabile della raccolta fondi pubblica<br>Barbara K\u00f6hler, responsabile del progetto Raccolta fondi presso fondazioni\/Supporto alla raccolta fondi<\/p>\n<\/div>\n\n\n\n<div class=\"wp-block-group is-style-shadow-box has-background-background-color has-background is-layout-constrained wp-block-group-is-layout-constrained\">\n<h3 class=\"wp-block-heading\" id=\"h-comunicazione\"><strong><strong>Comunicazione<\/strong><\/strong><\/h3>\n\n\n\n<p>Simon Hubacher, responsabile<br>Fabienne Geiger, responsabile della redazione dei contenuti<br>Colette Magnin, content editor<br>Marina Maurer, multimedia producer<br>Guido Frefel, webmaster<\/p>\n<\/div>\n\n\n\n<div class=\"wp-block-group is-style-shadow-box has-background-background-color has-background is-layout-constrained wp-block-group-is-layout-constrained\">\n<h3 class=\"wp-block-heading\" id=\"h-segretariato\"><strong><strong><strong>Segretariato<\/strong><\/strong><\/strong><\/h3>\n\n\n\n<p>Karin Remmes, responsabile <\/p>\n<\/div>\n\n\n\n<div class=\"wp-block-group is-style-shadow-box has-background-background-color has-background is-layout-constrained wp-block-group-is-layout-constrained\">\n<h3 class=\"wp-block-heading\" id=\"h-it\"><strong><strong><strong>IT<\/strong><\/strong><\/strong><\/h3>\n\n\n\n<p>Stefan Mattenberger, responsabile<\/p>\n<\/div>\n<\/div>\n<\/div>\n<\/div>\n","protected":false},"excerpt":{"rendered":"<p>Dipartimenti Dipartimento Animali da reddito Servizio di controllo per i controlli delle etichette degli animali da reddito Nicole Disler, direzione [&hellip;]<\/p>\n","protected":false},"author":5,"featured_media":0,"parent":5512,"menu_order":229,"comment_status":"closed","ping_status":"closed","template":"","meta":{"_acf_changed":false,"inline_featured_image":false,"_vp_format_video_url":"","_vp_image_focal_point":[],"footnotes":""},"class_list":["post-5513","page","type-page","status-publish","hentry"],"acf":[],"yoast_head":"<!-- This site is optimized with the Yoast SEO Premium plugin v27.4 (Yoast SEO v27.4) - https:\/\/yoast.com\/product\/yoast-seo-premium-wordpress\/ -->\n<title>Dipartimenti - Protezione Svizzera degli Animali PSA<\/title>\n<meta name=\"robots\" content=\"index, follow, max-snippet:-1, max-image-preview:large, max-video-preview:-1\" \/>\n<link rel=\"canonical\" href=\"https:\/\/mail.schweizer-tierschutz.ch\/it\/chi-siamo\/associazione\/dipartimenti\/\" \/>\n<meta property=\"og:locale\" content=\"it_IT\" \/>\n<meta property=\"og:type\" content=\"article\" \/>\n<meta property=\"og:title\" content=\"Dipartimenti\" \/>\n<meta property=\"og:description\" content=\"Dipartimenti Dipartimento Animali da reddito Servizio di controllo per i controlli delle etichette degli animali da reddito Nicole Disler, direzione [&hellip;]\" \/>\n<meta property=\"og:url\" content=\"https:\/\/mail.schweizer-tierschutz.ch\/it\/chi-siamo\/associazione\/dipartimenti\/\" \/>\n<meta property=\"og:site_name\" content=\"Protezione Svizzera degli Animali PSA\" \/>\n<meta property=\"article:publisher\" content=\"https:\/\/www.facebook.com\/schweizertierschutz\/\" \/>\n<meta property=\"article:modified_time\" content=\"2026-04-14T07:03:33+00:00\" \/>\n<meta property=\"og:image\" content=\"https:\/\/tierschutz.com\/app\/uploads\/2023\/11\/schweizer-tierschutz-sts-admin-fachstelle.jpg\" \/>\n<meta name=\"twitter:card\" content=\"summary_large_image\" \/>\n<meta name=\"twitter:label1\" content=\"Tempo di lettura stimato\" \/>\n\t<meta name=\"twitter:data1\" content=\"2 minuti\" \/>\n<script type=\"application\/ld+json\" class=\"yoast-schema-graph\">{\"@context\":\"https:\\\/\\\/schema.org\",\"@graph\":[{\"@type\":\"WebPage\",\"@id\":\"https:\\\/\\\/mail.schweizer-tierschutz.ch\\\/it\\\/chi-siamo\\\/associazione\\\/dipartimenti\\\/\",\"url\":\"https:\\\/\\\/mail.schweizer-tierschutz.ch\\\/it\\\/chi-siamo\\\/associazione\\\/dipartimenti\\\/\",\"name\":\"Dipartimenti - Protezione Svizzera degli Animali PSA\",\"isPartOf\":{\"@id\":\"https:\\\/\\\/tierschutz.com\\\/fr\\\/#website\"},\"primaryImageOfPage\":{\"@id\":\"https:\\\/\\\/mail.schweizer-tierschutz.ch\\\/it\\\/chi-siamo\\\/associazione\\\/dipartimenti\\\/#primaryimage\"},\"image\":{\"@id\":\"https:\\\/\\\/mail.schweizer-tierschutz.ch\\\/it\\\/chi-siamo\\\/associazione\\\/dipartimenti\\\/#primaryimage\"},\"thumbnailUrl\":\"https:\\\/\\\/tierschutz.com\\\/app\\\/uploads\\\/2023\\\/11\\\/schweizer-tierschutz-sts-admin-fachstelle.jpg\",\"datePublished\":\"2023-05-04T13:31:06+00:00\",\"dateModified\":\"2026-04-14T07:03:33+00:00\",\"breadcrumb\":{\"@id\":\"https:\\\/\\\/mail.schweizer-tierschutz.ch\\\/it\\\/chi-siamo\\\/associazione\\\/dipartimenti\\\/#breadcrumb\"},\"inLanguage\":\"it-IT\",\"potentialAction\":[{\"@type\":\"ReadAction\",\"target\":[\"https:\\\/\\\/mail.schweizer-tierschutz.ch\\\/it\\\/chi-siamo\\\/associazione\\\/dipartimenti\\\/\"]}]},{\"@type\":\"ImageObject\",\"inLanguage\":\"it-IT\",\"@id\":\"https:\\\/\\\/mail.schweizer-tierschutz.ch\\\/it\\\/chi-siamo\\\/associazione\\\/dipartimenti\\\/#primaryimage\",\"url\":\"https:\\\/\\\/tierschutz.com\\\/app\\\/uploads\\\/2023\\\/11\\\/schweizer-tierschutz-sts-admin-fachstelle.jpg\",\"contentUrl\":\"https:\\\/\\\/tierschutz.com\\\/app\\\/uploads\\\/2023\\\/11\\\/schweizer-tierschutz-sts-admin-fachstelle.jpg\"},{\"@type\":\"BreadcrumbList\",\"@id\":\"https:\\\/\\\/mail.schweizer-tierschutz.ch\\\/it\\\/chi-siamo\\\/associazione\\\/dipartimenti\\\/#breadcrumb\",\"itemListElement\":[{\"@type\":\"ListItem\",\"position\":1,\"name\":\"Pagina iniziale\",\"item\":\"https:\\\/\\\/mail.schweizertierschutz.ch\\\/it\\\/\"},{\"@type\":\"ListItem\",\"position\":2,\"name\":\"Chi siamo\",\"item\":\"https:\\\/\\\/mail.protezione-animali-psa.ch\\\/it\\\/chi-siamo\\\/\"},{\"@type\":\"ListItem\",\"position\":3,\"name\":\"Associazione\",\"item\":\"https:\\\/\\\/mail.protection-animaux-psa.ch\\\/it\\\/chi-siamo\\\/associazione\\\/\"},{\"@type\":\"ListItem\",\"position\":4,\"name\":\"Dipartimenti\"}]},{\"@type\":\"WebSite\",\"@id\":\"https:\\\/\\\/tierschutz.com\\\/fr\\\/#website\",\"url\":\"https:\\\/\\\/tierschutz.com\\\/fr\\\/\",\"name\":\"tierschutz.com\",\"description\":\"Wir setzen uns f\u00fcr das Wohl der Tiere ein.\",\"publisher\":{\"@id\":\"https:\\\/\\\/tierschutz.com\\\/fr\\\/#organization\"},\"alternateName\":\"Schweizer Tierschutz STS\",\"potentialAction\":[{\"@type\":\"SearchAction\",\"target\":{\"@type\":\"EntryPoint\",\"urlTemplate\":\"https:\\\/\\\/tierschutz.com\\\/fr\\\/?s={search_term_string}\"},\"query-input\":{\"@type\":\"PropertyValueSpecification\",\"valueRequired\":true,\"valueName\":\"search_term_string\"}}],\"inLanguage\":\"it-IT\"},{\"@type\":\"Organization\",\"@id\":\"https:\\\/\\\/tierschutz.com\\\/fr\\\/#organization\",\"name\":\"Schweizer Tierschutz STS\",\"alternateName\":\"STS\",\"url\":\"https:\\\/\\\/tierschutz.com\\\/fr\\\/\",\"logo\":{\"@type\":\"ImageObject\",\"inLanguage\":\"it-IT\",\"@id\":\"https:\\\/\\\/tierschutz.com\\\/fr\\\/#\\\/schema\\\/logo\\\/image\\\/\",\"url\":\"https:\\\/\\\/mail.schweizer-tierschutz.ch\\\/app\\\/uploads\\\/2024\\\/04\\\/logo-schweizer-tierschutz-sts-1.svg\",\"contentUrl\":\"https:\\\/\\\/mail.schweizer-tierschutz.ch\\\/app\\\/uploads\\\/2024\\\/04\\\/logo-schweizer-tierschutz-sts-1.svg\",\"caption\":\"Schweizer Tierschutz STS\"},\"image\":{\"@id\":\"https:\\\/\\\/tierschutz.com\\\/fr\\\/#\\\/schema\\\/logo\\\/image\\\/\"},\"sameAs\":[\"https:\\\/\\\/www.facebook.com\\\/schweizertierschutz\\\/\",\"https:\\\/\\\/www.instagram.com\\\/schweizertierschutzsts\\\/\",\"https:\\\/\\\/www.youtube.com\\\/@STS_Tierschutz\",\"https:\\\/\\\/www.linkedin.com\\\/company\\\/schweizertierschutzsts\\\/\"],\"description\":\"Der Schweizer Tierschutz STS ist der Dachverband von 71 Tierschutzorganisationen in allen Sprachregionen der Schweiz und in Liechtenstein. Seine Mitarbeitenden leisten wissenschaftlich fundierte Grundlagenarbeit, setzen sich mit Projekten und Aktionen f\u00fcr den Schutz und das Wohlbefinden von Heim-, Wild-, Nutz- und Versuchstieren ein und sensibilisieren die \u00d6ffentlichkeit f\u00fcr Tierschutzthemen.\",\"email\":\"sts@tierschutz.com\",\"telephone\":\"061 365 99 99\",\"legalName\":\"Schweizer Tierschutz STS\"}]}<\/script>\n<!-- \/ Yoast SEO Premium plugin. -->","yoast_head_json":{"title":"Dipartimenti - Protezione Svizzera degli Animali PSA","robots":{"index":"index","follow":"follow","max-snippet":"max-snippet:-1","max-image-preview":"max-image-preview:large","max-video-preview":"max-video-preview:-1"},"canonical":"https:\/\/mail.schweizer-tierschutz.ch\/it\/chi-siamo\/associazione\/dipartimenti\/","og_locale":"it_IT","og_type":"article","og_title":"Dipartimenti","og_description":"Dipartimenti Dipartimento Animali da reddito Servizio di controllo per i controlli delle etichette degli animali da reddito Nicole Disler, direzione [&hellip;]","og_url":"https:\/\/mail.schweizer-tierschutz.ch\/it\/chi-siamo\/associazione\/dipartimenti\/","og_site_name":"Protezione Svizzera degli Animali PSA","article_publisher":"https:\/\/www.facebook.com\/schweizertierschutz\/","article_modified_time":"2026-04-14T07:03:33+00:00","og_image":[{"url":"https:\/\/tierschutz.com\/app\/uploads\/2023\/11\/schweizer-tierschutz-sts-admin-fachstelle.jpg","type":"","width":"","height":""}],"twitter_card":"summary_large_image","twitter_misc":{"Tempo di lettura stimato":"2 minuti"},"schema":{"@context":"https:\/\/schema.org","@graph":[{"@type":"WebPage","@id":"https:\/\/mail.schweizer-tierschutz.ch\/it\/chi-siamo\/associazione\/dipartimenti\/","url":"https:\/\/mail.schweizer-tierschutz.ch\/it\/chi-siamo\/associazione\/dipartimenti\/","name":"Dipartimenti - Protezione Svizzera degli Animali PSA","isPartOf":{"@id":"https:\/\/tierschutz.com\/fr\/#website"},"primaryImageOfPage":{"@id":"https:\/\/mail.schweizer-tierschutz.ch\/it\/chi-siamo\/associazione\/dipartimenti\/#primaryimage"},"image":{"@id":"https:\/\/mail.schweizer-tierschutz.ch\/it\/chi-siamo\/associazione\/dipartimenti\/#primaryimage"},"thumbnailUrl":"https:\/\/tierschutz.com\/app\/uploads\/2023\/11\/schweizer-tierschutz-sts-admin-fachstelle.jpg","datePublished":"2023-05-04T13:31:06+00:00","dateModified":"2026-04-14T07:03:33+00:00","breadcrumb":{"@id":"https:\/\/mail.schweizer-tierschutz.ch\/it\/chi-siamo\/associazione\/dipartimenti\/#breadcrumb"},"inLanguage":"it-IT","potentialAction":[{"@type":"ReadAction","target":["https:\/\/mail.schweizer-tierschutz.ch\/it\/chi-siamo\/associazione\/dipartimenti\/"]}]},{"@type":"ImageObject","inLanguage":"it-IT","@id":"https:\/\/mail.schweizer-tierschutz.ch\/it\/chi-siamo\/associazione\/dipartimenti\/#primaryimage","url":"https:\/\/tierschutz.com\/app\/uploads\/2023\/11\/schweizer-tierschutz-sts-admin-fachstelle.jpg","contentUrl":"https:\/\/tierschutz.com\/app\/uploads\/2023\/11\/schweizer-tierschutz-sts-admin-fachstelle.jpg"},{"@type":"BreadcrumbList","@id":"https:\/\/mail.schweizer-tierschutz.ch\/it\/chi-siamo\/associazione\/dipartimenti\/#breadcrumb","itemListElement":[{"@type":"ListItem","position":1,"name":"Pagina iniziale","item":"https:\/\/mail.schweizertierschutz.ch\/it\/"},{"@type":"ListItem","position":2,"name":"Chi siamo","item":"https:\/\/mail.protezione-animali-psa.ch\/it\/chi-siamo\/"},{"@type":"ListItem","position":3,"name":"Associazione","item":"https:\/\/mail.protection-animaux-psa.ch\/it\/chi-siamo\/associazione\/"},{"@type":"ListItem","position":4,"name":"Dipartimenti"}]},{"@type":"WebSite","@id":"https:\/\/tierschutz.com\/fr\/#website","url":"https:\/\/tierschutz.com\/fr\/","name":"tierschutz.com","description":"Wir setzen uns f\u00fcr das Wohl der Tiere ein.","publisher":{"@id":"https:\/\/tierschutz.com\/fr\/#organization"},"alternateName":"Schweizer Tierschutz STS","potentialAction":[{"@type":"SearchAction","target":{"@type":"EntryPoint","urlTemplate":"https:\/\/tierschutz.com\/fr\/?s={search_term_string}"},"query-input":{"@type":"PropertyValueSpecification","valueRequired":true,"valueName":"search_term_string"}}],"inLanguage":"it-IT"},{"@type":"Organization","@id":"https:\/\/tierschutz.com\/fr\/#organization","name":"Schweizer Tierschutz STS","alternateName":"STS","url":"https:\/\/tierschutz.com\/fr\/","logo":{"@type":"ImageObject","inLanguage":"it-IT","@id":"https:\/\/tierschutz.com\/fr\/#\/schema\/logo\/image\/","url":"https:\/\/mail.schweizer-tierschutz.ch\/app\/uploads\/2024\/04\/logo-schweizer-tierschutz-sts-1.svg","contentUrl":"https:\/\/mail.schweizer-tierschutz.ch\/app\/uploads\/2024\/04\/logo-schweizer-tierschutz-sts-1.svg","caption":"Schweizer Tierschutz STS"},"image":{"@id":"https:\/\/tierschutz.com\/fr\/#\/schema\/logo\/image\/"},"sameAs":["https:\/\/www.facebook.com\/schweizertierschutz\/","https:\/\/www.instagram.com\/schweizertierschutzsts\/","https:\/\/www.youtube.com\/@STS_Tierschutz","https:\/\/www.linkedin.com\/company\/schweizertierschutzsts\/"],"description":"Der Schweizer Tierschutz STS ist der Dachverband von 71 Tierschutzorganisationen in allen Sprachregionen der Schweiz und in Liechtenstein. Seine Mitarbeitenden leisten wissenschaftlich fundierte Grundlagenarbeit, setzen sich mit Projekten und Aktionen f\u00fcr den Schutz und das Wohlbefinden von Heim-, Wild-, Nutz- und Versuchstieren ein und sensibilisieren die \u00d6ffentlichkeit f\u00fcr Tierschutzthemen.","email":"sts@tierschutz.com","telephone":"061 365 99 99","legalName":"Schweizer Tierschutz STS"}]}},"_links":{"self":[{"href":"https:\/\/mail.schweizer-tierschutz.ch\/it\/wp-json\/wp\/v2\/pages\/5513","targetHints":{"allow":["GET"]}}],"collection":[{"href":"https:\/\/mail.schweizer-tierschutz.ch\/it\/wp-json\/wp\/v2\/pages"}],"about":[{"href":"https:\/\/mail.schweizer-tierschutz.ch\/it\/wp-json\/wp\/v2\/types\/page"}],"author":[{"embeddable":true,"href":"https:\/\/mail.schweizer-tierschutz.ch\/it\/wp-json\/wp\/v2\/users\/5"}],"replies":[{"embeddable":true,"href":"https:\/\/mail.schweizer-tierschutz.ch\/it\/wp-json\/wp\/v2\/comments?post=5513"}],"version-history":[{"count":26,"href":"https:\/\/mail.schweizer-tierschutz.ch\/it\/wp-json\/wp\/v2\/pages\/5513\/revisions"}],"predecessor-version":[{"id":36919,"href":"https:\/\/mail.schweizer-tierschutz.ch\/it\/wp-json\/wp\/v2\/pages\/5513\/revisions\/36919"}],"up":[{"embeddable":true,"href":"https:\/\/mail.schweizer-tierschutz.ch\/it\/wp-json\/wp\/v2\/pages\/5512"}],"wp:attachment":[{"href":"https:\/\/mail.schweizer-tierschutz.ch\/it\/wp-json\/wp\/v2\/media?parent=5513"}],"curies":[{"name":"wp","href":"https:\/\/api.w.org\/{rel}","templated":true}]}}