{"id":6116,"date":"2023-06-14T11:11:00","date_gmt":"2023-06-14T09:11:00","guid":{"rendered":"https:\/\/dev.tierschutz.com\/?page_id=6116"},"modified":"2024-04-26T10:19:42","modified_gmt":"2024-04-26T08:19:42","slug":"negozi-specializzati-di-animali","status":"publish","type":"page","link":"https:\/\/mail.schweizer-tierschutz.ch\/it\/detenzione-di-animali\/allevamento-di-animali-domestici\/negozi-specializzati-di-animali\/","title":{"rendered":"Negozi specializzati di animali"},"content":{"rendered":"\n<div class=\"wp-block-cover alignfull is-light\"><span aria-hidden=\"true\" class=\"wp-block-cover__background has-background-dim-20 has-background-dim\"><\/span><img loading=\"lazy\" decoding=\"async\" width=\"2560\" height=\"1876\" class=\"wp-block-cover__image-background wp-image-4926\" alt=\"\" src=\"https:\/\/tierschutz.com\/app\/uploads\/2023\/06\/sts-zoofachhandel-scaled.jpg\" style=\"object-position:58% 55%\" data-object-fit=\"cover\" data-object-position=\"58% 55%\" srcset=\"https:\/\/mail.schweizer-tierschutz.ch\/app\/uploads\/2023\/06\/sts-zoofachhandel-scaled.jpg 2560w, https:\/\/mail.schweizer-tierschutz.ch\/app\/uploads\/2023\/06\/sts-zoofachhandel-300x220.jpg 300w, https:\/\/mail.schweizer-tierschutz.ch\/app\/uploads\/2023\/06\/sts-zoofachhandel-1024x751.jpg 1024w, https:\/\/mail.schweizer-tierschutz.ch\/app\/uploads\/2023\/06\/sts-zoofachhandel-768x563.jpg 768w, https:\/\/mail.schweizer-tierschutz.ch\/app\/uploads\/2023\/06\/sts-zoofachhandel-1536x1126.jpg 1536w, https:\/\/mail.schweizer-tierschutz.ch\/app\/uploads\/2023\/06\/sts-zoofachhandel-2048x1501.jpg 2048w\" sizes=\"auto, (max-width: 2560px) 100vw, 2560px\" \/><div class=\"wp-block-cover__inner-container is-layout-flow wp-block-cover-is-layout-flow\">\n<h2 class=\"wp-block-heading has-text-align-center has-background-color has-text-color\"><strong><strong>Negozi specializzati di animali<\/strong><\/strong><\/h2>\n<\/div><\/div>\n\n\n\n<div class=\"wp-block-group alignfull anchor-bar has-lightgray-background-color has-background is-layout-constrained wp-block-group-is-layout-constrained\">\n<div class=\"wp-block-group is-content-justification-center is-layout-flex wp-container-core-group-is-layout-b02886af wp-block-group-is-layout-flex\">\n<p class=\"has-large-font-size\"><strong><a href=\"#T\u00e4tigkeit\">Attivit\u00e0 della Protezione Svizzera degli Animali STS<\/a><\/strong><\/p>\n\n\n\n<p class=\"has-large-font-size\"><strong><a href=\"#achtung\">Attenzione<\/a><\/strong><\/p>\n<\/div>\n<\/div>\n\n\n\n<div class=\"wp-block-group alignfull has-background-background-color has-background is-layout-constrained wp-block-group-is-layout-constrained\" id=\"derhund\"><div class=\"yoast-breadcrumbs\"><span><span><a href=\"https:\/\/mail.schweizertierschutz.ch\/it\/\">Pagina iniziale<\/a><\/span> \u00bb <span><a href=\"https:\/\/mail.protezione-animali-psa.ch\/it\/detenzione-di-animali\/\">Detenzione di animali<\/a><\/span> \u00bb <span><a href=\"https:\/\/mail.protezione-animali-psa.ch\/it\/detenzione-di-animali\/allevamento-di-animali-domestici\/\">Allevamento di animali domestici<\/a><\/span> \u00bb <span class=\"breadcrumb_last\" aria-current=\"page\">Negozi specializzati di animali<\/span><\/span><\/div>\n\n\n<h1 class=\"wp-block-heading has-text-align-center\"><strong><strong><strong>Negozi specializzati di animali e altri<\/strong><\/strong><\/strong><\/h1>\n\n\n\n<hr class=\"wp-block-separator has-text-color has-primary-color has-alpha-channel-opacity has-primary-background-color has-background\"\/>\n\n\n\n<p class=\"has-text-align-center\">In Svizzera vivono oltre 8 milioni di animali da compagnia. I negozi specializzati di animali, i fornitori di animali, di prodotti per animali e di parchi (ad es. negozi zoologici, shop online, grossisti, fornitori, produttori) svolgono un ruolo chiave per la corretta detenzione di questi animali, sia tramite informazioni e consigli sull&#8217;acquisto, sia attraverso la fornitura di parchi e accessori. Migliori sono le informazioni messe a disposizione dai forniti e pi\u00f9 attenta al benessere degli animali \u00e8 la loro offerta, maggiori sono le possibilit\u00e0 che i clienti detengano i loro animali domestici in modo corretto. I fornitori di prodotti animali devono quindi fungere da modello.<\/p>\n<\/div>\n\n\n\n<div class=\"wp-block-media-text alignwide is-stacked-on-mobile is-vertically-aligned-center\"><figure class=\"wp-block-media-text__media\"><img loading=\"lazy\" decoding=\"async\" width=\"1024\" height=\"576\" src=\"https:\/\/tierschutz.com\/app\/uploads\/2023\/06\/sts-zoofachhandel-kaefig-1024x576.jpg\" alt=\"\" class=\"wp-image-4931 size-full\" srcset=\"https:\/\/mail.schweizer-tierschutz.ch\/app\/uploads\/2023\/06\/sts-zoofachhandel-kaefig-1024x576.jpg 1024w, https:\/\/mail.schweizer-tierschutz.ch\/app\/uploads\/2023\/06\/sts-zoofachhandel-kaefig-300x169.jpg 300w, https:\/\/mail.schweizer-tierschutz.ch\/app\/uploads\/2023\/06\/sts-zoofachhandel-kaefig-768x432.jpg 768w, https:\/\/mail.schweizer-tierschutz.ch\/app\/uploads\/2023\/06\/sts-zoofachhandel-kaefig-1536x864.jpg 1536w, https:\/\/mail.schweizer-tierschutz.ch\/app\/uploads\/2023\/06\/sts-zoofachhandel-kaefig.jpg 2048w\" sizes=\"auto, (max-width: 1024px) 100vw, 1024px\" \/><\/figure><div class=\"wp-block-media-text__content\">\n<div class=\"wp-block-group is-style-shadow-box has-background-background-color has-background is-layout-constrained wp-block-group-is-layout-constrained\">\n<p>L\u2019Ordinanza sulla protezione degli animali (OPAn) prevede dei requisiti minimi per la detenzione delle diverse specie animali, che si applicano ai privati come pure alle detenzioni commerciali. Un passo importante \u00e8 rappresentato dal fatto che, nella revisione dell\u2019Ordinanza sulla protezione degli animali del 1\u00b0 marzo 2018, l\u2019Ufficio federale della sicurezza alimentare e di veterinaria (USAV) ha esteso l\u2019obbligo di informazione previsto nell\u2019art. 111 OPAn a chiunque venda a titolo professionale parchi per animali. I negozi zoologici, ma anche tutti gli altri fornitori, sono tenuti a dare per scritto informazioni sulla detenzione adeguata alla rispettiva specie animale non solo in occasione della vendita di animali bens\u00ec anche quando vendono parchi per animali da compagnia. Inoltre, \u00e8 necessario che siano dichiarati correttamente, nei negozi e su internet, gli scopi di utilizzo dei parchi offerti. \u00c8 obbligatorio indicare le misure interne, per quali specie sono adatti i parchi offerti e quanti animali di questa specie possono essere tenuti al loro interno. Nel 2022 l\u2019USAV ha pubblicato anche le informazioni tecniche in merito alla dichiarazione dei parchi.<\/p>\n<\/div>\n<\/div><\/div>\n\n\n\n<div class=\"wp-block-group alignfull has-background-background-color has-background is-layout-constrained wp-block-group-is-layout-constrained\">\n<div class=\"wp-block-group is-layout-flex wp-container-core-group-is-layout-d0921e6e wp-block-group-is-layout-flex\">\n<div id=\"t\u00e4tigkeit\" class=\"wp-block-group is-style-shadow-box has-background-background-color has-background is-layout-constrained wp-block-group-is-layout-constrained\">\n<h3 class=\"wp-block-heading\"><strong><strong><strong>Attivit\u00e0 della PSA<\/strong><\/strong><\/strong><\/h3>\n\n\n\n<p>Al fine di verificare questo obbligo di informazione esteso ai sensi dell\u2019art. 111, cpv. 2 OPAn nonch\u00e9 allo scopo di periziare il vasto assortimento e la detenzione degli animali, la Protezione Svizzera degli Animali PSA effettua da diversi anni delle visite in negozi zoologici e negozi specializzati di animali in Svizzera. Esamina i fornitori online e controlla anche le offerte di grossisti, fornitori e produttori. Per sostenere i fornitori e i negozi specializzati di animali, la PSA tiene dei corsi di formazione che danno loro gli strumenti per rendere le loro offerte (pi\u00f9) rispettose degli animali. Viene inoltre offerta una verifica dell&#8217;intero assortimento e vengono forniti suggerimenti per parchi pi\u00f9 grandi e pi\u00f9 adatti agli animali.<\/p>\n<\/div>\n\n\n\n<div id=\"achtung\" class=\"wp-block-group is-style-shadow-box has-background-background-color has-background is-layout-constrained wp-block-group-is-layout-constrained\">\n<h3 class=\"wp-block-heading\"><strong><strong><strong><strong>Attenzione<\/strong><\/strong><\/strong><\/strong><\/h3>\n\n\n\n<p>le dimensioni minime previste per legge non sono delle raccomandazioni per una detenzione rispettosa degli animali. Una detenzione che si basa sulle esigenze degli animali va di pari passo con superfici notevolmente pi\u00f9 grandi e con un allestimento variegato, ben strutturato e adeguato alla specie. Se un fornitore rispetta la legge, ci\u00f2 non significa automaticamente che abbia un&#8217;offerta rispettosa degli animali.<\/p>\n<\/div>\n<\/div>\n\n\n\n<div class=\"wp-block-group is-content-justification-center is-layout-flex wp-container-core-group-is-layout-b02886af wp-block-group-is-layout-flex\"><div class=\"wp-block-file-wrapper is-pdf\" data-filetype=\"PDF\" data-size=\"305 KB\">\n<div class=\"wp-block-file\"><a id=\"wp-block-file--media-aeeb682b-2cc5-4e06-999a-d011aedfd58b\" href=\"https:\/\/tierschutz.com\/app\/uploads\/2024\/04\/flyer_Zoofachhandel_de_v1.pdf\">Check-list Negozi zoologici<\/a><a href=\"https:\/\/tierschutz.com\/app\/uploads\/2024\/04\/flyer_Zoofachhandel_de_v1.pdf\" class=\"wp-block-file__button wp-element-button\" download aria-describedby=\"wp-block-file--media-aeeb682b-2cc5-4e06-999a-d011aedfd58b\">Scaricare<\/a><\/div>\n<\/div><\/div>\n<\/div>\n","protected":false},"excerpt":{"rendered":"<p>Attivit\u00e0 della Protezione Svizzera degli Animali STS Attenzione Negozi specializzati di animali e altri In Svizzera vivono oltre 8 milioni [&hellip;]<\/p>\n","protected":false},"author":5,"featured_media":0,"parent":4266,"menu_order":101,"comment_status":"closed","ping_status":"closed","template":"","meta":{"_acf_changed":false,"inline_featured_image":false,"_vp_format_video_url":"","_vp_image_focal_point":[],"footnotes":""},"class_list":["post-6116","page","type-page","status-publish","hentry"],"acf":[],"yoast_head":"<!-- This site is optimized with the Yoast SEO Premium plugin v27.4 (Yoast SEO v27.4) - https:\/\/yoast.com\/product\/yoast-seo-premium-wordpress\/ -->\n<title>Negozi specializzati di animali - Protezione Svizzera degli Animali PSA<\/title>\n<meta name=\"robots\" content=\"index, follow, max-snippet:-1, max-image-preview:large, max-video-preview:-1\" \/>\n<link rel=\"canonical\" href=\"https:\/\/mail.schweizer-tierschutz.ch\/it\/detenzione-di-animali\/allevamento-di-animali-domestici\/negozi-specializzati-di-animali\/\" \/>\n<meta property=\"og:locale\" content=\"it_IT\" \/>\n<meta property=\"og:type\" content=\"article\" \/>\n<meta property=\"og:title\" content=\"Negozi specializzati di animali\" \/>\n<meta property=\"og:description\" content=\"Attivit\u00e0 della Protezione Svizzera degli Animali STS Attenzione Negozi specializzati di animali e altri In Svizzera vivono oltre 8 milioni [&hellip;]\" \/>\n<meta property=\"og:url\" content=\"https:\/\/mail.schweizer-tierschutz.ch\/it\/detenzione-di-animali\/allevamento-di-animali-domestici\/negozi-specializzati-di-animali\/\" \/>\n<meta property=\"og:site_name\" content=\"Protezione Svizzera degli Animali PSA\" \/>\n<meta property=\"article:publisher\" content=\"https:\/\/www.facebook.com\/schweizertierschutz\/\" \/>\n<meta property=\"article:modified_time\" content=\"2024-04-26T08:19:42+00:00\" \/>\n<meta property=\"og:image\" content=\"https:\/\/tierschutz.com\/app\/uploads\/2023\/06\/sts-zoofachhandel-scaled.jpg\" \/>\n<meta name=\"twitter:card\" content=\"summary_large_image\" \/>\n<meta name=\"twitter:label1\" content=\"Tempo di lettura stimato\" \/>\n\t<meta name=\"twitter:data1\" content=\"4 minuti\" \/>\n<script type=\"application\/ld+json\" class=\"yoast-schema-graph\">{\"@context\":\"https:\\\/\\\/schema.org\",\"@graph\":[{\"@type\":\"WebPage\",\"@id\":\"https:\\\/\\\/mail.schweizer-tierschutz.ch\\\/it\\\/detenzione-di-animali\\\/allevamento-di-animali-domestici\\\/negozi-specializzati-di-animali\\\/\",\"url\":\"https:\\\/\\\/mail.schweizer-tierschutz.ch\\\/it\\\/detenzione-di-animali\\\/allevamento-di-animali-domestici\\\/negozi-specializzati-di-animali\\\/\",\"name\":\"Negozi specializzati di animali - Protezione Svizzera degli Animali PSA\",\"isPartOf\":{\"@id\":\"https:\\\/\\\/tierschutz.com\\\/fr\\\/#website\"},\"primaryImageOfPage\":{\"@id\":\"https:\\\/\\\/mail.schweizer-tierschutz.ch\\\/it\\\/detenzione-di-animali\\\/allevamento-di-animali-domestici\\\/negozi-specializzati-di-animali\\\/#primaryimage\"},\"image\":{\"@id\":\"https:\\\/\\\/mail.schweizer-tierschutz.ch\\\/it\\\/detenzione-di-animali\\\/allevamento-di-animali-domestici\\\/negozi-specializzati-di-animali\\\/#primaryimage\"},\"thumbnailUrl\":\"https:\\\/\\\/tierschutz.com\\\/app\\\/uploads\\\/2023\\\/06\\\/sts-zoofachhandel-scaled.jpg\",\"datePublished\":\"2023-06-14T09:11:00+00:00\",\"dateModified\":\"2024-04-26T08:19:42+00:00\",\"breadcrumb\":{\"@id\":\"https:\\\/\\\/mail.schweizer-tierschutz.ch\\\/it\\\/detenzione-di-animali\\\/allevamento-di-animali-domestici\\\/negozi-specializzati-di-animali\\\/#breadcrumb\"},\"inLanguage\":\"it-IT\",\"potentialAction\":[{\"@type\":\"ReadAction\",\"target\":[\"https:\\\/\\\/mail.schweizer-tierschutz.ch\\\/it\\\/detenzione-di-animali\\\/allevamento-di-animali-domestici\\\/negozi-specializzati-di-animali\\\/\"]}]},{\"@type\":\"ImageObject\",\"inLanguage\":\"it-IT\",\"@id\":\"https:\\\/\\\/mail.schweizer-tierschutz.ch\\\/it\\\/detenzione-di-animali\\\/allevamento-di-animali-domestici\\\/negozi-specializzati-di-animali\\\/#primaryimage\",\"url\":\"https:\\\/\\\/tierschutz.com\\\/app\\\/uploads\\\/2023\\\/06\\\/sts-zoofachhandel-scaled.jpg\",\"contentUrl\":\"https:\\\/\\\/tierschutz.com\\\/app\\\/uploads\\\/2023\\\/06\\\/sts-zoofachhandel-scaled.jpg\"},{\"@type\":\"BreadcrumbList\",\"@id\":\"https:\\\/\\\/mail.schweizer-tierschutz.ch\\\/it\\\/detenzione-di-animali\\\/allevamento-di-animali-domestici\\\/negozi-specializzati-di-animali\\\/#breadcrumb\",\"itemListElement\":[{\"@type\":\"ListItem\",\"position\":1,\"name\":\"Pagina iniziale\",\"item\":\"https:\\\/\\\/mail.schweizertierschutz.ch\\\/it\\\/\"},{\"@type\":\"ListItem\",\"position\":2,\"name\":\"Detenzione di animali\",\"item\":\"https:\\\/\\\/mail.protezione-animali-psa.ch\\\/it\\\/detenzione-di-animali\\\/\"},{\"@type\":\"ListItem\",\"position\":3,\"name\":\"Allevamento di animali domestici\",\"item\":\"https:\\\/\\\/mail.protezione-animali-psa.ch\\\/it\\\/detenzione-di-animali\\\/allevamento-di-animali-domestici\\\/\"},{\"@type\":\"ListItem\",\"position\":4,\"name\":\"Negozi specializzati di animali\"}]},{\"@type\":\"WebSite\",\"@id\":\"https:\\\/\\\/tierschutz.com\\\/fr\\\/#website\",\"url\":\"https:\\\/\\\/tierschutz.com\\\/fr\\\/\",\"name\":\"tierschutz.com\",\"description\":\"Wir setzen uns f\u00fcr das Wohl der Tiere ein.\",\"publisher\":{\"@id\":\"https:\\\/\\\/tierschutz.com\\\/fr\\\/#organization\"},\"alternateName\":\"Schweizer Tierschutz STS\",\"potentialAction\":[{\"@type\":\"SearchAction\",\"target\":{\"@type\":\"EntryPoint\",\"urlTemplate\":\"https:\\\/\\\/tierschutz.com\\\/fr\\\/?s={search_term_string}\"},\"query-input\":{\"@type\":\"PropertyValueSpecification\",\"valueRequired\":true,\"valueName\":\"search_term_string\"}}],\"inLanguage\":\"it-IT\"},{\"@type\":\"Organization\",\"@id\":\"https:\\\/\\\/tierschutz.com\\\/fr\\\/#organization\",\"name\":\"Schweizer Tierschutz STS\",\"alternateName\":\"STS\",\"url\":\"https:\\\/\\\/tierschutz.com\\\/fr\\\/\",\"logo\":{\"@type\":\"ImageObject\",\"inLanguage\":\"it-IT\",\"@id\":\"https:\\\/\\\/tierschutz.com\\\/fr\\\/#\\\/schema\\\/logo\\\/image\\\/\",\"url\":\"https:\\\/\\\/mail.schweizer-tierschutz.ch\\\/app\\\/uploads\\\/2024\\\/04\\\/logo-schweizer-tierschutz-sts-1.svg\",\"contentUrl\":\"https:\\\/\\\/mail.schweizer-tierschutz.ch\\\/app\\\/uploads\\\/2024\\\/04\\\/logo-schweizer-tierschutz-sts-1.svg\",\"caption\":\"Schweizer Tierschutz STS\"},\"image\":{\"@id\":\"https:\\\/\\\/tierschutz.com\\\/fr\\\/#\\\/schema\\\/logo\\\/image\\\/\"},\"sameAs\":[\"https:\\\/\\\/www.facebook.com\\\/schweizertierschutz\\\/\",\"https:\\\/\\\/www.instagram.com\\\/schweizertierschutzsts\\\/\",\"https:\\\/\\\/www.youtube.com\\\/@STS_Tierschutz\",\"https:\\\/\\\/www.linkedin.com\\\/company\\\/schweizertierschutzsts\\\/\"],\"description\":\"Der Schweizer Tierschutz STS ist der Dachverband von 71 Tierschutzorganisationen in allen Sprachregionen der Schweiz und in Liechtenstein. Seine Mitarbeitenden leisten wissenschaftlich fundierte Grundlagenarbeit, setzen sich mit Projekten und Aktionen f\u00fcr den Schutz und das Wohlbefinden von Heim-, Wild-, Nutz- und Versuchstieren ein und sensibilisieren die \u00d6ffentlichkeit f\u00fcr Tierschutzthemen.\",\"email\":\"sts@tierschutz.com\",\"telephone\":\"061 365 99 99\",\"legalName\":\"Schweizer Tierschutz STS\"}]}<\/script>\n<!-- \/ Yoast SEO Premium plugin. -->","yoast_head_json":{"title":"Negozi specializzati di animali - Protezione Svizzera degli Animali PSA","robots":{"index":"index","follow":"follow","max-snippet":"max-snippet:-1","max-image-preview":"max-image-preview:large","max-video-preview":"max-video-preview:-1"},"canonical":"https:\/\/mail.schweizer-tierschutz.ch\/it\/detenzione-di-animali\/allevamento-di-animali-domestici\/negozi-specializzati-di-animali\/","og_locale":"it_IT","og_type":"article","og_title":"Negozi specializzati di animali","og_description":"Attivit\u00e0 della Protezione Svizzera degli Animali STS Attenzione Negozi specializzati di animali e altri In Svizzera vivono oltre 8 milioni [&hellip;]","og_url":"https:\/\/mail.schweizer-tierschutz.ch\/it\/detenzione-di-animali\/allevamento-di-animali-domestici\/negozi-specializzati-di-animali\/","og_site_name":"Protezione Svizzera degli Animali PSA","article_publisher":"https:\/\/www.facebook.com\/schweizertierschutz\/","article_modified_time":"2024-04-26T08:19:42+00:00","og_image":[{"url":"https:\/\/tierschutz.com\/app\/uploads\/2023\/06\/sts-zoofachhandel-scaled.jpg","type":"","width":"","height":""}],"twitter_card":"summary_large_image","twitter_misc":{"Tempo di lettura stimato":"4 minuti"},"schema":{"@context":"https:\/\/schema.org","@graph":[{"@type":"WebPage","@id":"https:\/\/mail.schweizer-tierschutz.ch\/it\/detenzione-di-animali\/allevamento-di-animali-domestici\/negozi-specializzati-di-animali\/","url":"https:\/\/mail.schweizer-tierschutz.ch\/it\/detenzione-di-animali\/allevamento-di-animali-domestici\/negozi-specializzati-di-animali\/","name":"Negozi specializzati di animali - Protezione Svizzera degli Animali PSA","isPartOf":{"@id":"https:\/\/tierschutz.com\/fr\/#website"},"primaryImageOfPage":{"@id":"https:\/\/mail.schweizer-tierschutz.ch\/it\/detenzione-di-animali\/allevamento-di-animali-domestici\/negozi-specializzati-di-animali\/#primaryimage"},"image":{"@id":"https:\/\/mail.schweizer-tierschutz.ch\/it\/detenzione-di-animali\/allevamento-di-animali-domestici\/negozi-specializzati-di-animali\/#primaryimage"},"thumbnailUrl":"https:\/\/tierschutz.com\/app\/uploads\/2023\/06\/sts-zoofachhandel-scaled.jpg","datePublished":"2023-06-14T09:11:00+00:00","dateModified":"2024-04-26T08:19:42+00:00","breadcrumb":{"@id":"https:\/\/mail.schweizer-tierschutz.ch\/it\/detenzione-di-animali\/allevamento-di-animali-domestici\/negozi-specializzati-di-animali\/#breadcrumb"},"inLanguage":"it-IT","potentialAction":[{"@type":"ReadAction","target":["https:\/\/mail.schweizer-tierschutz.ch\/it\/detenzione-di-animali\/allevamento-di-animali-domestici\/negozi-specializzati-di-animali\/"]}]},{"@type":"ImageObject","inLanguage":"it-IT","@id":"https:\/\/mail.schweizer-tierschutz.ch\/it\/detenzione-di-animali\/allevamento-di-animali-domestici\/negozi-specializzati-di-animali\/#primaryimage","url":"https:\/\/tierschutz.com\/app\/uploads\/2023\/06\/sts-zoofachhandel-scaled.jpg","contentUrl":"https:\/\/tierschutz.com\/app\/uploads\/2023\/06\/sts-zoofachhandel-scaled.jpg"},{"@type":"BreadcrumbList","@id":"https:\/\/mail.schweizer-tierschutz.ch\/it\/detenzione-di-animali\/allevamento-di-animali-domestici\/negozi-specializzati-di-animali\/#breadcrumb","itemListElement":[{"@type":"ListItem","position":1,"name":"Pagina iniziale","item":"https:\/\/mail.schweizertierschutz.ch\/it\/"},{"@type":"ListItem","position":2,"name":"Detenzione di animali","item":"https:\/\/mail.protezione-animali-psa.ch\/it\/detenzione-di-animali\/"},{"@type":"ListItem","position":3,"name":"Allevamento di animali domestici","item":"https:\/\/mail.protezione-animali-psa.ch\/it\/detenzione-di-animali\/allevamento-di-animali-domestici\/"},{"@type":"ListItem","position":4,"name":"Negozi specializzati di animali"}]},{"@type":"WebSite","@id":"https:\/\/tierschutz.com\/fr\/#website","url":"https:\/\/tierschutz.com\/fr\/","name":"tierschutz.com","description":"Wir setzen uns f\u00fcr das Wohl der Tiere ein.","publisher":{"@id":"https:\/\/tierschutz.com\/fr\/#organization"},"alternateName":"Schweizer Tierschutz STS","potentialAction":[{"@type":"SearchAction","target":{"@type":"EntryPoint","urlTemplate":"https:\/\/tierschutz.com\/fr\/?s={search_term_string}"},"query-input":{"@type":"PropertyValueSpecification","valueRequired":true,"valueName":"search_term_string"}}],"inLanguage":"it-IT"},{"@type":"Organization","@id":"https:\/\/tierschutz.com\/fr\/#organization","name":"Schweizer Tierschutz STS","alternateName":"STS","url":"https:\/\/tierschutz.com\/fr\/","logo":{"@type":"ImageObject","inLanguage":"it-IT","@id":"https:\/\/tierschutz.com\/fr\/#\/schema\/logo\/image\/","url":"https:\/\/mail.schweizer-tierschutz.ch\/app\/uploads\/2024\/04\/logo-schweizer-tierschutz-sts-1.svg","contentUrl":"https:\/\/mail.schweizer-tierschutz.ch\/app\/uploads\/2024\/04\/logo-schweizer-tierschutz-sts-1.svg","caption":"Schweizer Tierschutz STS"},"image":{"@id":"https:\/\/tierschutz.com\/fr\/#\/schema\/logo\/image\/"},"sameAs":["https:\/\/www.facebook.com\/schweizertierschutz\/","https:\/\/www.instagram.com\/schweizertierschutzsts\/","https:\/\/www.youtube.com\/@STS_Tierschutz","https:\/\/www.linkedin.com\/company\/schweizertierschutzsts\/"],"description":"Der Schweizer Tierschutz STS ist der Dachverband von 71 Tierschutzorganisationen in allen Sprachregionen der Schweiz und in Liechtenstein. Seine Mitarbeitenden leisten wissenschaftlich fundierte Grundlagenarbeit, setzen sich mit Projekten und Aktionen f\u00fcr den Schutz und das Wohlbefinden von Heim-, Wild-, Nutz- und Versuchstieren ein und sensibilisieren die \u00d6ffentlichkeit f\u00fcr Tierschutzthemen.","email":"sts@tierschutz.com","telephone":"061 365 99 99","legalName":"Schweizer Tierschutz STS"}]}},"_links":{"self":[{"href":"https:\/\/mail.schweizer-tierschutz.ch\/it\/wp-json\/wp\/v2\/pages\/6116","targetHints":{"allow":["GET"]}}],"collection":[{"href":"https:\/\/mail.schweizer-tierschutz.ch\/it\/wp-json\/wp\/v2\/pages"}],"about":[{"href":"https:\/\/mail.schweizer-tierschutz.ch\/it\/wp-json\/wp\/v2\/types\/page"}],"author":[{"embeddable":true,"href":"https:\/\/mail.schweizer-tierschutz.ch\/it\/wp-json\/wp\/v2\/users\/5"}],"replies":[{"embeddable":true,"href":"https:\/\/mail.schweizer-tierschutz.ch\/it\/wp-json\/wp\/v2\/comments?post=6116"}],"version-history":[{"count":5,"href":"https:\/\/mail.schweizer-tierschutz.ch\/it\/wp-json\/wp\/v2\/pages\/6116\/revisions"}],"predecessor-version":[{"id":19825,"href":"https:\/\/mail.schweizer-tierschutz.ch\/it\/wp-json\/wp\/v2\/pages\/6116\/revisions\/19825"}],"up":[{"embeddable":true,"href":"https:\/\/mail.schweizer-tierschutz.ch\/it\/wp-json\/wp\/v2\/pages\/4266"}],"wp:attachment":[{"href":"https:\/\/mail.schweizer-tierschutz.ch\/it\/wp-json\/wp\/v2\/media?parent=6116"}],"curies":[{"name":"wp","href":"https:\/\/api.w.org\/{rel}","templated":true}]}}