{"id":7699,"date":"2023-07-06T16:09:00","date_gmt":"2023-07-06T14:09:00","guid":{"rendered":"https:\/\/tierschutz.com\/?page_id=7699"},"modified":"2025-05-27T11:05:38","modified_gmt":"2025-05-27T09:05:38","slug":"azione-comunitaria","status":"publish","type":"page","link":"https:\/\/mail.schweizer-tierschutz.ch\/it\/multimedia-psa\/formati\/pubblicazioni-psa\/azione-comunitaria\/","title":{"rendered":"Azione comunitaria"},"content":{"rendered":"\n<div class=\"wp-block-cover alignfull\"><img loading=\"lazy\" decoding=\"async\" width=\"2560\" height=\"1702\" class=\"wp-block-cover__image-background wp-image-7692\" alt=\"\" src=\"https:\/\/tierschutz.com\/app\/uploads\/2023\/07\/tierschutz-gemeinde-plakat-bestellen-scaled.jpg\" style=\"object-position:48% 42%\" data-object-fit=\"cover\" data-object-position=\"48% 42%\" srcset=\"https:\/\/mail.schweizer-tierschutz.ch\/app\/uploads\/2023\/07\/tierschutz-gemeinde-plakat-bestellen-scaled.jpg 2560w, https:\/\/mail.schweizer-tierschutz.ch\/app\/uploads\/2023\/07\/tierschutz-gemeinde-plakat-bestellen-300x199.jpg 300w, https:\/\/mail.schweizer-tierschutz.ch\/app\/uploads\/2023\/07\/tierschutz-gemeinde-plakat-bestellen-1024x681.jpg 1024w, https:\/\/mail.schweizer-tierschutz.ch\/app\/uploads\/2023\/07\/tierschutz-gemeinde-plakat-bestellen-768x511.jpg 768w, https:\/\/mail.schweizer-tierschutz.ch\/app\/uploads\/2023\/07\/tierschutz-gemeinde-plakat-bestellen-1536x1021.jpg 1536w, https:\/\/mail.schweizer-tierschutz.ch\/app\/uploads\/2023\/07\/tierschutz-gemeinde-plakat-bestellen-2048x1362.jpg 2048w\" sizes=\"auto, (max-width: 2560px) 100vw, 2560px\" \/><span aria-hidden=\"true\" class=\"wp-block-cover__background has-background-dim-20 has-background-dim\"><\/span><div class=\"wp-block-cover__inner-container is-layout-flow wp-block-cover-is-layout-flow\">\n<h2 class=\"wp-block-heading has-text-align-center has-background-color has-text-color\" id=\"h-ordinare-un-poster-sul-protezione-animali\">Ordinare un poster sul protezione animali<\/h2>\n<\/div><\/div>\n\n\n\n<div class=\"wp-block-group alignfull anchor-bar has-lightgray-background-color has-background is-layout-constrained wp-block-group-is-layout-constrained\">\n<div class=\"wp-block-group is-content-justification-center is-layout-flex wp-container-core-group-is-layout-b02886af wp-block-group-is-layout-flex\">\n<p class=\"has-large-font-size\"><strong><a href=\"#katze\">Ordina i poster protezione animali<\/a><\/strong><\/p>\n<\/div>\n<\/div>\n\n\n\n<div class=\"wp-block-group alignfull has-background-background-color has-background is-layout-constrained wp-block-group-is-layout-constrained\" id=\"katze\"><div class=\"yoast-breadcrumbs\"><span><span><a href=\"https:\/\/mail.schweizertierschutz.ch\/it\/\">Pagina iniziale<\/a><\/span> \u00bb <span><a href=\"https:\/\/tierschutz.com\/it\/multimedia-psa\/\">Multimedia PSA<\/a><\/span> \u00bb <span><a href=\"https:\/\/mail.schweizer-tierschutz.ch\/it\/multimedia-psa\/formati\/\">Formati<\/a><\/span> \u00bb <span><a href=\"https:\/\/mail.schweizer-tierschutz.ch\/it\/multimedia-psa\/formati\/pubblicazioni-psa\/\">Pubblicazioni PSA<\/a><\/span> \u00bb <span class=\"breadcrumb_last\" aria-current=\"page\">Azione comunitaria<\/span><\/span><\/div>\n\n\n<h1 class=\"wp-block-heading has-text-align-center\" id=\"h-protezione-animali-nella-vostra-comunita-ordinate-un-poster-sul-protezione-degli-animali\"><strong>Protezione animali nella vostra comunit\u00e0 &#8211; Ordinate un poster sul protezione degli animali<\/strong><\/h1>\n\n\n\n<hr class=\"wp-block-separator has-text-color has-primary-color has-alpha-channel-opacity has-primary-background-color has-background\"\/>\n<\/div>\n\n\n\n\n\n<div class=\"wp-block-group has-background-background-color has-background is-layout-constrained wp-block-group-is-layout-constrained\">\n<div class=\"wp-block-columns is-layout-flex wp-container-core-columns-is-layout-28f84493 wp-block-columns-is-layout-flex\">\n<div class=\"wp-block-column is-layout-flow wp-block-column-is-layout-flow\">\n<figure class=\"wp-block-image size-full has-custom-border\"><img loading=\"lazy\" decoding=\"async\" width=\"694\" height=\"992\" src=\"https:\/\/tierschutz.com\/app\/uploads\/2025\/05\/Plakat_Katzenelend_IT.jpg\" alt=\"\" class=\"has-border-color has-lightgray-border-color wp-image-31576\" style=\"border-width:1px\" srcset=\"https:\/\/mail.schweizer-tierschutz.ch\/app\/uploads\/2025\/05\/Plakat_Katzenelend_IT.jpg 694w, https:\/\/mail.schweizer-tierschutz.ch\/app\/uploads\/2025\/05\/Plakat_Katzenelend_IT-210x300.jpg 210w\" sizes=\"auto, (max-width: 694px) 100vw, 694px\" \/><\/figure>\n\n\n\n<div class=\"wp-block-buttons is-content-justification-center is-layout-flex wp-container-core-buttons-is-layout-a89b3969 wp-block-buttons-is-layout-flex\">\n<div class=\"wp-block-button\"><a class=\"wp-block-button__link wp-element-button\" href=\"#katzenelend\">Ordina il poster<\/a><\/div>\n<\/div>\n<\/div>\n\n\n\n<div class=\"wp-block-column is-layout-flow wp-block-column-is-layout-flow\">\n<figure class=\"wp-block-image size-full has-custom-border\"><img loading=\"lazy\" decoding=\"async\" width=\"694\" height=\"992\" src=\"https:\/\/tierschutz.com\/app\/uploads\/2025\/05\/Plakat_Tiere_auf_Wanderschaft_IT.jpg\" alt=\"\" class=\"has-border-color has-lightgray-border-color wp-image-31612\" style=\"border-width:1px\" srcset=\"https:\/\/mail.schweizer-tierschutz.ch\/app\/uploads\/2025\/05\/Plakat_Tiere_auf_Wanderschaft_IT.jpg 694w, https:\/\/mail.schweizer-tierschutz.ch\/app\/uploads\/2025\/05\/Plakat_Tiere_auf_Wanderschaft_IT-210x300.jpg 210w\" sizes=\"auto, (max-width: 694px) 100vw, 694px\" \/><\/figure>\n\n\n\n<div class=\"wp-block-buttons is-content-justification-center is-layout-flex wp-container-core-buttons-is-layout-a89b3969 wp-block-buttons-is-layout-flex\">\n<div class=\"wp-block-button\"><a class=\"wp-block-button__link wp-element-button\" href=\"#wanderschaft\">Ordina il poster<\/a><\/div>\n<\/div>\n<\/div>\n\n\n\n<div class=\"wp-block-column is-layout-flow wp-block-column-is-layout-flow\">\n<figure class=\"wp-block-image size-full has-custom-border\"><img loading=\"lazy\" decoding=\"async\" width=\"694\" height=\"992\" src=\"https:\/\/tierschutz.com\/app\/uploads\/2025\/05\/Plakat_Tempo_IT.jpg\" alt=\"\" class=\"has-border-color has-lightgray-border-color wp-image-31600\" style=\"border-width:1px\" srcset=\"https:\/\/mail.schweizer-tierschutz.ch\/app\/uploads\/2025\/05\/Plakat_Tempo_IT.jpg 694w, https:\/\/mail.schweizer-tierschutz.ch\/app\/uploads\/2025\/05\/Plakat_Tempo_IT-210x300.jpg 210w\" sizes=\"auto, (max-width: 694px) 100vw, 694px\" \/><\/figure>\n\n\n\n<div class=\"wp-block-buttons is-content-justification-center is-layout-flex wp-container-core-buttons-is-layout-a89b3969 wp-block-buttons-is-layout-flex\">\n<div class=\"wp-block-button\"><a class=\"wp-block-button__link wp-element-button\" href=\"#tempo\">Ordina il poster<\/a><\/div>\n<\/div>\n<\/div>\n<\/div>\n\n\n\n<div class=\"wp-block-columns is-layout-flex wp-container-core-columns-is-layout-28f84493 wp-block-columns-is-layout-flex\">\n<div class=\"wp-block-column is-layout-flow wp-block-column-is-layout-flow\">\n<figure class=\"wp-block-image size-full has-custom-border\"><img loading=\"lazy\" decoding=\"async\" width=\"694\" height=\"992\" src=\"https:\/\/tierschutz.com\/app\/uploads\/2025\/05\/Plakat_Feuerwerk_IT.jpg\" alt=\"\" class=\"has-border-color has-lightgray-border-color wp-image-31564\" style=\"border-width:1px\" srcset=\"https:\/\/mail.schweizer-tierschutz.ch\/app\/uploads\/2025\/05\/Plakat_Feuerwerk_IT.jpg 694w, https:\/\/mail.schweizer-tierschutz.ch\/app\/uploads\/2025\/05\/Plakat_Feuerwerk_IT-210x300.jpg 210w\" sizes=\"auto, (max-width: 694px) 100vw, 694px\" \/><\/figure>\n\n\n\n<div class=\"wp-block-buttons is-content-justification-center is-layout-flex wp-container-core-buttons-is-layout-a89b3969 wp-block-buttons-is-layout-flex\">\n<div class=\"wp-block-button\"><a class=\"wp-block-button__link wp-element-button\" href=\"#angst\">Ordina il poster<\/a><\/div>\n<\/div>\n<\/div>\n\n\n\n<div class=\"wp-block-column is-layout-flow wp-block-column-is-layout-flow\">\n<figure class=\"wp-block-image size-full has-custom-border\"><img loading=\"lazy\" decoding=\"async\" width=\"694\" height=\"992\" src=\"https:\/\/tierschutz.com\/app\/uploads\/2025\/05\/Plakat_Sommerhitze_IT.jpg\" alt=\"\" class=\"has-border-color has-lightgray-border-color wp-image-31588\" style=\"border-width:1px\" srcset=\"https:\/\/mail.schweizer-tierschutz.ch\/app\/uploads\/2025\/05\/Plakat_Sommerhitze_IT.jpg 694w, https:\/\/mail.schweizer-tierschutz.ch\/app\/uploads\/2025\/05\/Plakat_Sommerhitze_IT-210x300.jpg 210w\" sizes=\"auto, (max-width: 694px) 100vw, 694px\" \/><\/figure>\n\n\n\n<div class=\"wp-block-buttons is-content-justification-center is-layout-flex wp-container-core-buttons-is-layout-a89b3969 wp-block-buttons-is-layout-flex\">\n<div class=\"wp-block-button\"><a class=\"wp-block-button__link wp-element-button\" href=\"#hitze\">Ordina il poster<\/a><\/div>\n<\/div>\n<\/div>\n\n\n\n<div class=\"wp-block-column is-layout-flow wp-block-column-is-layout-flow\"><\/div>\n<\/div>\n<\/div>\n\n\n\n<div id=\"bestellen\" class=\"wp-block-group has-background-background-color has-background is-layout-constrained wp-block-group-is-layout-constrained\">\n<div class=\"wp-block-buttons is-content-justification-center is-layout-flex wp-container-core-buttons-is-layout-a89b3969 wp-block-buttons-is-layout-flex\">\n<div class=\"wp-block-button\"><a class=\"wp-block-button__link wp-element-button\" href=\"https:\/\/tierschutz.com\/it\/multimedia-psa\/formati\/pubblicazioni-psa\/azione-comunitaria\/\">Deutsche Plakate bestellen<\/a><\/div>\n\n\n\n<div class=\"wp-block-button\"><a class=\"wp-block-button__link wp-element-button\" href=\"https:\/\/tierschutz.com\/it\/multimedia-psa\/formati\/pubblicazioni-psa\/azione-comunitaria\/\">Commander des affiches fran\u00e7aises<\/a><\/div>\n<\/div>\n\n\n\n<div class=\"wp-block-contact-form-7-contact-form-selector\"><p class=\"wpcf7-contact-form-not-found\"><strong>Errore:<\/strong> Modulo di contatto non trovato.<\/p><\/div>\n<\/div>\n\n\n\n<p><\/p>\n","protected":false},"excerpt":{"rendered":"<p>Ordina i poster protezione animali Protezione animali nella vostra comunit\u00e0 &#8211; Ordinate un poster sul protezione degli animali Al momento [&hellip;]<\/p>\n","protected":false},"author":5,"featured_media":0,"parent":7707,"menu_order":439,"comment_status":"closed","ping_status":"closed","template":"","meta":{"_acf_changed":false,"inline_featured_image":false,"_vp_format_video_url":"","_vp_image_focal_point":[],"footnotes":""},"class_list":["post-7699","page","type-page","status-publish","hentry"],"acf":[],"yoast_head":"<!-- This site is optimized with the Yoast SEO Premium plugin v27.4 (Yoast SEO v27.4) - https:\/\/yoast.com\/product\/yoast-seo-premium-wordpress\/ -->\n<title>Azione comunitaria - Protezione Svizzera degli Animali PSA<\/title>\n<meta name=\"robots\" content=\"index, follow, max-snippet:-1, max-image-preview:large, max-video-preview:-1\" \/>\n<link rel=\"canonical\" href=\"https:\/\/mail.schweizer-tierschutz.ch\/it\/multimedia-psa\/formati\/pubblicazioni-psa\/azione-comunitaria\/\" \/>\n<meta property=\"og:locale\" content=\"it_IT\" \/>\n<meta property=\"og:type\" content=\"article\" \/>\n<meta property=\"og:title\" content=\"Azione comunitaria\" \/>\n<meta property=\"og:description\" content=\"Ordina i poster protezione animali Protezione animali nella vostra comunit\u00e0 &#8211; Ordinate un poster sul protezione degli animali Al momento [&hellip;]\" \/>\n<meta property=\"og:url\" content=\"https:\/\/mail.schweizer-tierschutz.ch\/it\/multimedia-psa\/formati\/pubblicazioni-psa\/azione-comunitaria\/\" \/>\n<meta property=\"og:site_name\" content=\"Protezione Svizzera degli Animali PSA\" \/>\n<meta property=\"article:publisher\" content=\"https:\/\/www.facebook.com\/schweizertierschutz\/\" \/>\n<meta property=\"article:modified_time\" content=\"2025-05-27T09:05:38+00:00\" \/>\n<meta property=\"og:image\" content=\"https:\/\/tierschutz.com\/app\/uploads\/2023\/07\/tierschutz-gemeinde-plakat-bestellen-scaled.jpg\" \/>\n<meta name=\"twitter:card\" content=\"summary_large_image\" \/>\n<meta name=\"twitter:label1\" content=\"Tempo di lettura stimato\" \/>\n\t<meta name=\"twitter:data1\" content=\"2 minuti\" \/>\n<script type=\"application\/ld+json\" class=\"yoast-schema-graph\">{\"@context\":\"https:\\\/\\\/schema.org\",\"@graph\":[{\"@type\":\"WebPage\",\"@id\":\"https:\\\/\\\/mail.schweizer-tierschutz.ch\\\/it\\\/multimedia-psa\\\/formati\\\/pubblicazioni-psa\\\/azione-comunitaria\\\/\",\"url\":\"https:\\\/\\\/mail.schweizer-tierschutz.ch\\\/it\\\/multimedia-psa\\\/formati\\\/pubblicazioni-psa\\\/azione-comunitaria\\\/\",\"name\":\"Azione comunitaria - Protezione Svizzera degli Animali PSA\",\"isPartOf\":{\"@id\":\"https:\\\/\\\/tierschutz.com\\\/fr\\\/#website\"},\"primaryImageOfPage\":{\"@id\":\"https:\\\/\\\/mail.schweizer-tierschutz.ch\\\/it\\\/multimedia-psa\\\/formati\\\/pubblicazioni-psa\\\/azione-comunitaria\\\/#primaryimage\"},\"image\":{\"@id\":\"https:\\\/\\\/mail.schweizer-tierschutz.ch\\\/it\\\/multimedia-psa\\\/formati\\\/pubblicazioni-psa\\\/azione-comunitaria\\\/#primaryimage\"},\"thumbnailUrl\":\"https:\\\/\\\/tierschutz.com\\\/app\\\/uploads\\\/2023\\\/07\\\/tierschutz-gemeinde-plakat-bestellen-scaled.jpg\",\"datePublished\":\"2023-07-06T14:09:00+00:00\",\"dateModified\":\"2025-05-27T09:05:38+00:00\",\"breadcrumb\":{\"@id\":\"https:\\\/\\\/mail.schweizer-tierschutz.ch\\\/it\\\/multimedia-psa\\\/formati\\\/pubblicazioni-psa\\\/azione-comunitaria\\\/#breadcrumb\"},\"inLanguage\":\"it-IT\",\"potentialAction\":[{\"@type\":\"ReadAction\",\"target\":[\"https:\\\/\\\/mail.schweizer-tierschutz.ch\\\/it\\\/multimedia-psa\\\/formati\\\/pubblicazioni-psa\\\/azione-comunitaria\\\/\"]}]},{\"@type\":\"ImageObject\",\"inLanguage\":\"it-IT\",\"@id\":\"https:\\\/\\\/mail.schweizer-tierschutz.ch\\\/it\\\/multimedia-psa\\\/formati\\\/pubblicazioni-psa\\\/azione-comunitaria\\\/#primaryimage\",\"url\":\"https:\\\/\\\/tierschutz.com\\\/app\\\/uploads\\\/2023\\\/07\\\/tierschutz-gemeinde-plakat-bestellen-scaled.jpg\",\"contentUrl\":\"https:\\\/\\\/tierschutz.com\\\/app\\\/uploads\\\/2023\\\/07\\\/tierschutz-gemeinde-plakat-bestellen-scaled.jpg\"},{\"@type\":\"BreadcrumbList\",\"@id\":\"https:\\\/\\\/mail.schweizer-tierschutz.ch\\\/it\\\/multimedia-psa\\\/formati\\\/pubblicazioni-psa\\\/azione-comunitaria\\\/#breadcrumb\",\"itemListElement\":[{\"@type\":\"ListItem\",\"position\":1,\"name\":\"Pagina iniziale\",\"item\":\"https:\\\/\\\/mail.schweizertierschutz.ch\\\/it\\\/\"},{\"@type\":\"ListItem\",\"position\":2,\"name\":\"Multimedia PSA\",\"item\":\"https:\\\/\\\/tierschutz.com\\\/it\\\/multimedia-psa\\\/\"},{\"@type\":\"ListItem\",\"position\":3,\"name\":\"Formati\",\"item\":\"https:\\\/\\\/mail.schweizer-tierschutz.ch\\\/it\\\/multimedia-psa\\\/formati\\\/\"},{\"@type\":\"ListItem\",\"position\":4,\"name\":\"Pubblicazioni PSA\",\"item\":\"https:\\\/\\\/mail.schweizer-tierschutz.ch\\\/it\\\/multimedia-psa\\\/formati\\\/pubblicazioni-psa\\\/\"},{\"@type\":\"ListItem\",\"position\":5,\"name\":\"Azione comunitaria\"}]},{\"@type\":\"WebSite\",\"@id\":\"https:\\\/\\\/tierschutz.com\\\/fr\\\/#website\",\"url\":\"https:\\\/\\\/tierschutz.com\\\/fr\\\/\",\"name\":\"tierschutz.com\",\"description\":\"Wir setzen uns f\u00fcr das Wohl der Tiere ein.\",\"publisher\":{\"@id\":\"https:\\\/\\\/tierschutz.com\\\/fr\\\/#organization\"},\"alternateName\":\"Schweizer Tierschutz STS\",\"potentialAction\":[{\"@type\":\"SearchAction\",\"target\":{\"@type\":\"EntryPoint\",\"urlTemplate\":\"https:\\\/\\\/tierschutz.com\\\/fr\\\/?s={search_term_string}\"},\"query-input\":{\"@type\":\"PropertyValueSpecification\",\"valueRequired\":true,\"valueName\":\"search_term_string\"}}],\"inLanguage\":\"it-IT\"},{\"@type\":\"Organization\",\"@id\":\"https:\\\/\\\/tierschutz.com\\\/fr\\\/#organization\",\"name\":\"Schweizer Tierschutz STS\",\"alternateName\":\"STS\",\"url\":\"https:\\\/\\\/tierschutz.com\\\/fr\\\/\",\"logo\":{\"@type\":\"ImageObject\",\"inLanguage\":\"it-IT\",\"@id\":\"https:\\\/\\\/tierschutz.com\\\/fr\\\/#\\\/schema\\\/logo\\\/image\\\/\",\"url\":\"https:\\\/\\\/mail.schweizer-tierschutz.ch\\\/app\\\/uploads\\\/2024\\\/04\\\/logo-schweizer-tierschutz-sts-1.svg\",\"contentUrl\":\"https:\\\/\\\/mail.schweizer-tierschutz.ch\\\/app\\\/uploads\\\/2024\\\/04\\\/logo-schweizer-tierschutz-sts-1.svg\",\"caption\":\"Schweizer Tierschutz STS\"},\"image\":{\"@id\":\"https:\\\/\\\/tierschutz.com\\\/fr\\\/#\\\/schema\\\/logo\\\/image\\\/\"},\"sameAs\":[\"https:\\\/\\\/www.facebook.com\\\/schweizertierschutz\\\/\",\"https:\\\/\\\/www.instagram.com\\\/schweizertierschutzsts\\\/\",\"https:\\\/\\\/www.youtube.com\\\/@STS_Tierschutz\",\"https:\\\/\\\/www.linkedin.com\\\/company\\\/schweizertierschutzsts\\\/\"],\"description\":\"Der Schweizer Tierschutz STS ist der Dachverband von 71 Tierschutzorganisationen in allen Sprachregionen der Schweiz und in Liechtenstein. Seine Mitarbeitenden leisten wissenschaftlich fundierte Grundlagenarbeit, setzen sich mit Projekten und Aktionen f\u00fcr den Schutz und das Wohlbefinden von Heim-, Wild-, Nutz- und Versuchstieren ein und sensibilisieren die \u00d6ffentlichkeit f\u00fcr Tierschutzthemen.\",\"email\":\"sts@tierschutz.com\",\"telephone\":\"061 365 99 99\",\"legalName\":\"Schweizer Tierschutz STS\"}]}<\/script>\n<!-- \/ Yoast SEO Premium plugin. -->","yoast_head_json":{"title":"Azione comunitaria - Protezione Svizzera degli Animali PSA","robots":{"index":"index","follow":"follow","max-snippet":"max-snippet:-1","max-image-preview":"max-image-preview:large","max-video-preview":"max-video-preview:-1"},"canonical":"https:\/\/mail.schweizer-tierschutz.ch\/it\/multimedia-psa\/formati\/pubblicazioni-psa\/azione-comunitaria\/","og_locale":"it_IT","og_type":"article","og_title":"Azione comunitaria","og_description":"Ordina i poster protezione animali Protezione animali nella vostra comunit\u00e0 &#8211; Ordinate un poster sul protezione degli animali Al momento [&hellip;]","og_url":"https:\/\/mail.schweizer-tierschutz.ch\/it\/multimedia-psa\/formati\/pubblicazioni-psa\/azione-comunitaria\/","og_site_name":"Protezione Svizzera degli Animali PSA","article_publisher":"https:\/\/www.facebook.com\/schweizertierschutz\/","article_modified_time":"2025-05-27T09:05:38+00:00","og_image":[{"url":"https:\/\/tierschutz.com\/app\/uploads\/2023\/07\/tierschutz-gemeinde-plakat-bestellen-scaled.jpg","type":"","width":"","height":""}],"twitter_card":"summary_large_image","twitter_misc":{"Tempo di lettura stimato":"2 minuti"},"schema":{"@context":"https:\/\/schema.org","@graph":[{"@type":"WebPage","@id":"https:\/\/mail.schweizer-tierschutz.ch\/it\/multimedia-psa\/formati\/pubblicazioni-psa\/azione-comunitaria\/","url":"https:\/\/mail.schweizer-tierschutz.ch\/it\/multimedia-psa\/formati\/pubblicazioni-psa\/azione-comunitaria\/","name":"Azione comunitaria - Protezione Svizzera degli Animali PSA","isPartOf":{"@id":"https:\/\/tierschutz.com\/fr\/#website"},"primaryImageOfPage":{"@id":"https:\/\/mail.schweizer-tierschutz.ch\/it\/multimedia-psa\/formati\/pubblicazioni-psa\/azione-comunitaria\/#primaryimage"},"image":{"@id":"https:\/\/mail.schweizer-tierschutz.ch\/it\/multimedia-psa\/formati\/pubblicazioni-psa\/azione-comunitaria\/#primaryimage"},"thumbnailUrl":"https:\/\/tierschutz.com\/app\/uploads\/2023\/07\/tierschutz-gemeinde-plakat-bestellen-scaled.jpg","datePublished":"2023-07-06T14:09:00+00:00","dateModified":"2025-05-27T09:05:38+00:00","breadcrumb":{"@id":"https:\/\/mail.schweizer-tierschutz.ch\/it\/multimedia-psa\/formati\/pubblicazioni-psa\/azione-comunitaria\/#breadcrumb"},"inLanguage":"it-IT","potentialAction":[{"@type":"ReadAction","target":["https:\/\/mail.schweizer-tierschutz.ch\/it\/multimedia-psa\/formati\/pubblicazioni-psa\/azione-comunitaria\/"]}]},{"@type":"ImageObject","inLanguage":"it-IT","@id":"https:\/\/mail.schweizer-tierschutz.ch\/it\/multimedia-psa\/formati\/pubblicazioni-psa\/azione-comunitaria\/#primaryimage","url":"https:\/\/tierschutz.com\/app\/uploads\/2023\/07\/tierschutz-gemeinde-plakat-bestellen-scaled.jpg","contentUrl":"https:\/\/tierschutz.com\/app\/uploads\/2023\/07\/tierschutz-gemeinde-plakat-bestellen-scaled.jpg"},{"@type":"BreadcrumbList","@id":"https:\/\/mail.schweizer-tierschutz.ch\/it\/multimedia-psa\/formati\/pubblicazioni-psa\/azione-comunitaria\/#breadcrumb","itemListElement":[{"@type":"ListItem","position":1,"name":"Pagina iniziale","item":"https:\/\/mail.schweizertierschutz.ch\/it\/"},{"@type":"ListItem","position":2,"name":"Multimedia PSA","item":"https:\/\/tierschutz.com\/it\/multimedia-psa\/"},{"@type":"ListItem","position":3,"name":"Formati","item":"https:\/\/mail.schweizer-tierschutz.ch\/it\/multimedia-psa\/formati\/"},{"@type":"ListItem","position":4,"name":"Pubblicazioni PSA","item":"https:\/\/mail.schweizer-tierschutz.ch\/it\/multimedia-psa\/formati\/pubblicazioni-psa\/"},{"@type":"ListItem","position":5,"name":"Azione comunitaria"}]},{"@type":"WebSite","@id":"https:\/\/tierschutz.com\/fr\/#website","url":"https:\/\/tierschutz.com\/fr\/","name":"tierschutz.com","description":"Wir setzen uns f\u00fcr das Wohl der Tiere ein.","publisher":{"@id":"https:\/\/tierschutz.com\/fr\/#organization"},"alternateName":"Schweizer Tierschutz STS","potentialAction":[{"@type":"SearchAction","target":{"@type":"EntryPoint","urlTemplate":"https:\/\/tierschutz.com\/fr\/?s={search_term_string}"},"query-input":{"@type":"PropertyValueSpecification","valueRequired":true,"valueName":"search_term_string"}}],"inLanguage":"it-IT"},{"@type":"Organization","@id":"https:\/\/tierschutz.com\/fr\/#organization","name":"Schweizer Tierschutz STS","alternateName":"STS","url":"https:\/\/tierschutz.com\/fr\/","logo":{"@type":"ImageObject","inLanguage":"it-IT","@id":"https:\/\/tierschutz.com\/fr\/#\/schema\/logo\/image\/","url":"https:\/\/mail.schweizer-tierschutz.ch\/app\/uploads\/2024\/04\/logo-schweizer-tierschutz-sts-1.svg","contentUrl":"https:\/\/mail.schweizer-tierschutz.ch\/app\/uploads\/2024\/04\/logo-schweizer-tierschutz-sts-1.svg","caption":"Schweizer Tierschutz STS"},"image":{"@id":"https:\/\/tierschutz.com\/fr\/#\/schema\/logo\/image\/"},"sameAs":["https:\/\/www.facebook.com\/schweizertierschutz\/","https:\/\/www.instagram.com\/schweizertierschutzsts\/","https:\/\/www.youtube.com\/@STS_Tierschutz","https:\/\/www.linkedin.com\/company\/schweizertierschutzsts\/"],"description":"Der Schweizer Tierschutz STS ist der Dachverband von 71 Tierschutzorganisationen in allen Sprachregionen der Schweiz und in Liechtenstein. Seine Mitarbeitenden leisten wissenschaftlich fundierte Grundlagenarbeit, setzen sich mit Projekten und Aktionen f\u00fcr den Schutz und das Wohlbefinden von Heim-, Wild-, Nutz- und Versuchstieren ein und sensibilisieren die \u00d6ffentlichkeit f\u00fcr Tierschutzthemen.","email":"sts@tierschutz.com","telephone":"061 365 99 99","legalName":"Schweizer Tierschutz STS"}]}},"_links":{"self":[{"href":"https:\/\/mail.schweizer-tierschutz.ch\/it\/wp-json\/wp\/v2\/pages\/7699","targetHints":{"allow":["GET"]}}],"collection":[{"href":"https:\/\/mail.schweizer-tierschutz.ch\/it\/wp-json\/wp\/v2\/pages"}],"about":[{"href":"https:\/\/mail.schweizer-tierschutz.ch\/it\/wp-json\/wp\/v2\/types\/page"}],"author":[{"embeddable":true,"href":"https:\/\/mail.schweizer-tierschutz.ch\/it\/wp-json\/wp\/v2\/users\/5"}],"replies":[{"embeddable":true,"href":"https:\/\/mail.schweizer-tierschutz.ch\/it\/wp-json\/wp\/v2\/comments?post=7699"}],"version-history":[{"count":16,"href":"https:\/\/mail.schweizer-tierschutz.ch\/it\/wp-json\/wp\/v2\/pages\/7699\/revisions"}],"predecessor-version":[{"id":31668,"href":"https:\/\/mail.schweizer-tierschutz.ch\/it\/wp-json\/wp\/v2\/pages\/7699\/revisions\/31668"}],"up":[{"embeddable":true,"href":"https:\/\/mail.schweizer-tierschutz.ch\/it\/wp-json\/wp\/v2\/pages\/7707"}],"wp:attachment":[{"href":"https:\/\/mail.schweizer-tierschutz.ch\/it\/wp-json\/wp\/v2\/media?parent=7699"}],"curies":[{"name":"wp","href":"https:\/\/api.w.org\/{rel}","templated":true}]}}